{"id":9092,"date":"2022-06-13T14:14:39","date_gmt":"2022-06-13T12:14:39","guid":{"rendered":"https:\/\/lescop.com\/?post_type=product&#038;p=9092"},"modified":"2025-12-01T14:01:40","modified_gmt":"2025-12-01T13:01:40","slug":"arm-armoire-de-resistances-copia-copia","status":"publish","type":"product","link":"https:\/\/lescop.com\/fr\/catalogo\/transformateurs\/courant-exterieur\/arm-armoire-de-resistances-copia-copia\/","title":{"rendered":"ARM TT+TI.<br><small> Armoire de r\u00e9sistances de charge pour ensemble de TT + TC.<\/small>"},"content":{"rendered":"","protected":false},"excerpt":{"rendered":"<p data-path-to-node=\"3\">L&rsquo;<b>ARM TT+TI<\/b> est une armoire de r\u00e9sistances de charge con\u00e7ue pour un ensemble de transformateurs de tension et de courant (TT &amp; TC). Elle se compose d&rsquo;un bo\u00eetier rainur\u00e9 contenant 3 r\u00e9sistances (circuit courant), un groupe de 3 r\u00e9sistances (circuit tension), leur bornier respectif et un <b>disjoncteur magn\u00e9tothermique de 2 A<\/b>. Ces composants sont log\u00e9s dans une armoire m\u00e9tallique disposant d&rsquo;une ventilation (naturelle ou forc\u00e9e, selon les sp\u00e9cifications demand\u00e9es), avec les connexions prot\u00e9g\u00e9es par un <b>capot plombable<\/b>.<\/p>\n<p data-path-to-node=\"4\">L&rsquo;armoire est fabriqu\u00e9e en t\u00f4le d&rsquo;acier (laqu\u00e9 ou inoxydable, selon les exigences) et dispose d&rsquo;une <b>serrure \u00e0 double panneton de 3 mm<\/b> actionn\u00e9e par batteuse, scell\u00e9e au moyen d&rsquo;une vis \u00e0 fente pour emp\u00eacher toute <b>manipulation<\/b> non autoris\u00e9e.<\/p>\n<p data-path-to-node=\"5\">Elle est con\u00e7ue pour un <b>service int\u00e9rieur<\/b>. Sur demande, elle peut \u00eatre fabriqu\u00e9e pour un service ext\u00e9rieur, ainsi que dans diverses autres configurations.<\/p>\n<p data-path-to-node=\"6\">Sa fonction est de consommer la puissance n\u00e9cessaire pour assurer que les transformateurs fonctionnent \u00e0 un minimum de <b>25 % de leur charge de pr\u00e9cision nominale<\/b>. Cela s&rsquo;applique dans les cas o\u00f9 les charges connect\u00e9es \u00e0 l&rsquo;appareil (compteurs, relais, etc.) n&rsquo;atteignent pas le seuil minimal requis pour garantir la pr\u00e9cision de la mesure.<\/p>\n<p><a href=\"https:\/\/lescop.com\/wp-content\/uploads\/2021\/05\/CF.ARM_.-Franc\u00e9s-ARM.pdf\">Catalogue ARM<\/a><br \/>\n<a href=\"https:\/\/lescop.com\/wp-content\/uploads\/2020\/03\/User-Manual-ARM150-07-02-2020-Web.pdf\"><span class=\"tlid-translation translation\" lang=\"fr\"><span class=\"\" title=\"\">Manuel d&rsquo;instructions<\/span><\/span> ARM<\/a><\/p>\n","protected":false},"featured_media":9211,"template":"","meta":[],"product_brand":[],"product_cat":[122,86,89,76],"product_tag":[95],"class_list":{"0":"post-9092","1":"product","2":"type-product","3":"status-publish","4":"has-post-thumbnail","6":"product_cat-armoire-de-distribution","7":"product_cat-courant-exterieur","8":"product_cat-courant-interieur","9":"product_cat-transformateurs","10":"product_tag-armario-fr","11":"description-off","13":"first","14":"instock","15":"shipping-taxable","16":"product-type-simple"},"_links":{"self":[{"href":"https:\/\/lescop.com\/fr\/wp-json\/wp\/v2\/product\/9092","targetHints":{"allow":["GET"]}}],"collection":[{"href":"https:\/\/lescop.com\/fr\/wp-json\/wp\/v2\/product"}],"about":[{"href":"https:\/\/lescop.com\/fr\/wp-json\/wp\/v2\/types\/product"}],"wp:featuredmedia":[{"embeddable":true,"href":"https:\/\/lescop.com\/fr\/wp-json\/wp\/v2\/media\/9211"}],"wp:attachment":[{"href":"https:\/\/lescop.com\/fr\/wp-json\/wp\/v2\/media?parent=9092"}],"wp:term":[{"taxonomy":"product_brand","embeddable":true,"href":"https:\/\/lescop.com\/fr\/wp-json\/wp\/v2\/product_brand?post=9092"},{"taxonomy":"product_cat","embeddable":true,"href":"https:\/\/lescop.com\/fr\/wp-json\/wp\/v2\/product_cat?post=9092"},{"taxonomy":"product_tag","embeddable":true,"href":"https:\/\/lescop.com\/fr\/wp-json\/wp\/v2\/product_tag?post=9092"}],"curies":[{"name":"wp","href":"https:\/\/api.w.org\/{rel}","templated":true}]}}