{"id":8780,"date":"2020-06-19T11:20:13","date_gmt":"2020-06-19T09:20:13","guid":{"rendered":"https:\/\/lescop.com\/?post_type=product&#038;p=8780"},"modified":"2020-06-22T17:27:49","modified_gmt":"2020-06-22T15:27:49","slug":"coulee-sous-vide","status":"publish","type":"product","link":"https:\/\/lescop.com\/fr\/catalogo\/prestations-de-service\/coulee-sous-vide\/","title":{"rendered":"Coul\u00e9e sous vide"},"content":{"rendered":"","protected":false},"excerpt":{"rendered":"<h3 style=\"text-align: center;\">\u00ab\u00a0Nous pouvons encapsuler vos besoins en pi\u00e8ces en r\u00e9sine de mani\u00e8re rapide et \u00e9conomique\u00a0\u00bb<\/h3>\n<p>&nbsp;<\/p>\n<p style=\"text-align: justify;\">La coul\u00e9e sous vide est une technologie tr\u00e8s polyvalente, capable de produire des pi\u00e8ces dans une large gamme de r\u00e9sines de polyur\u00e9thane (PU) pour reproduire et remplacer les polym\u00e8res industriels par des prototypes et des pi\u00e8ces de production finale.<\/p>\n<p style=\"text-align: justify;\">La technique de fabrication est parfaite pour une production \u00e0 faible volume, o\u00f9 le moulage par injection n&rsquo;est pas rentable.<\/p>\n<p style=\"text-align: justify;\"><strong>Processus<\/strong><\/p>\n<ol style=\"text-align: justify;\">\n<li>Mod\u00e8le ma\u00eetre: Le mod\u00e8le ma\u00eetre est con\u00e7u \u00e0 partir d&rsquo;un mod\u00e8le tridimensionnel et imprim\u00e9 en 3D.<\/li>\n<li>Selon les caract\u00e9ristiques, avantages ou r\u00e9sultats \u00e0 obtenir, une fois la conception finalis\u00e9e, le mat\u00e9riau le plus appropri\u00e9 sera d\u00e9termin\u00e9, qu&rsquo;il s&rsquo;agisse de silicones, de r\u00e9sines polyur\u00e9thanes ou autres.<\/li>\n<li>Placement dans la machine: Le moule est plac\u00e9 dans la machine de coul\u00e9e sous vide.<\/li>\n<li>La r\u00e9sine est ajout\u00e9e: Le compos\u00e9 de deux r\u00e9sines pour la coul\u00e9e A + B, se m\u00e9lange dans le compartiment sup\u00e9rieur.<\/li>\n<li>S\u00e9chage de la pi\u00e8ce au four: Apr\u00e8s la phase de coul\u00e9e, le moule est plac\u00e9 dans le four pour le s\u00e9cher.<\/li>\n<li>Retrait de la pi\u00e8ce: Apr\u00e8s s\u00e9chage, la pi\u00e8ce finie est retir\u00e9e du moule, qui peut \u00eatre r\u00e9utilis\u00e9e pour le prochain cycle de production.<\/li>\n<\/ol>\n<p style=\"text-align: justify;\">Gr\u00e2ce \u00e0 des syst\u00e8mes de coul\u00e9e sous vide, le minist\u00e8re \u00e0 partir du bureau technique du <strong>Laboratorio Electrot\u00e9cnico<\/strong>, vous pouvez cr\u00e9er des pi\u00e8ces de haute qualit\u00e9 qui reproduisent avec pr\u00e9cision les avantages de performance des pi\u00e8ces moul\u00e9es par injection, sans les longs d\u00e9lais de configuration et les charges de processus associ\u00e9es.<\/p>\n<p style=\"text-align: justify;\">La coul\u00e9e sous vide est une technologie tr\u00e8s polyvalente, capable de produire des pi\u00e8ces dans une s\u00e9rie de r\u00e9sines de polyur\u00e9thane (PU) pour reproduire et remplacer les polym\u00e8res industriels par le prototypage et la production \u00e0 court terme.<\/p>\n<p style=\"text-align: justify;\">Parmi ses applications les plus courantes figurent les pi\u00e8ces de rechange, les \u00e9l\u00e9ments compl\u00e9mentaires au produit du client, le remplacement des \u00e9l\u00e9ments abandonn\u00e9s, etc.<\/p>\n","protected":false},"featured_media":8788,"template":"","meta":[],"product_brand":[],"product_cat":[121],"product_tag":[],"class_list":{"0":"post-8780","1":"product","2":"type-product","3":"status-publish","4":"has-post-thumbnail","6":"product_cat-prestations-de-service","7":"description-off","9":"first","10":"instock","11":"shipping-taxable","12":"product-type-simple"},"_links":{"self":[{"href":"https:\/\/lescop.com\/fr\/wp-json\/wp\/v2\/product\/8780","targetHints":{"allow":["GET"]}}],"collection":[{"href":"https:\/\/lescop.com\/fr\/wp-json\/wp\/v2\/product"}],"about":[{"href":"https:\/\/lescop.com\/fr\/wp-json\/wp\/v2\/types\/product"}],"wp:featuredmedia":[{"embeddable":true,"href":"https:\/\/lescop.com\/fr\/wp-json\/wp\/v2\/media\/8788"}],"wp:attachment":[{"href":"https:\/\/lescop.com\/fr\/wp-json\/wp\/v2\/media?parent=8780"}],"wp:term":[{"taxonomy":"product_brand","embeddable":true,"href":"https:\/\/lescop.com\/fr\/wp-json\/wp\/v2\/product_brand?post=8780"},{"taxonomy":"product_cat","embeddable":true,"href":"https:\/\/lescop.com\/fr\/wp-json\/wp\/v2\/product_cat?post=8780"},{"taxonomy":"product_tag","embeddable":true,"href":"https:\/\/lescop.com\/fr\/wp-json\/wp\/v2\/product_tag?post=8780"}],"curies":[{"name":"wp","href":"https:\/\/api.w.org\/{rel}","templated":true}]}}