{"id":8771,"date":"2020-06-19T08:09:01","date_gmt":"2020-06-19T06:09:01","guid":{"rendered":"https:\/\/lescop.com\/?post_type=product&#038;p=8771"},"modified":"2020-06-25T14:22:41","modified_gmt":"2020-06-25T12:22:41","slug":"conception-de-prototype","status":"publish","type":"product","link":"https:\/\/lescop.com\/fr\/catalogo\/prestations-de-service\/conception-de-prototype\/","title":{"rendered":"Conception de prototype"},"content":{"rendered":"","protected":false},"excerpt":{"rendered":"<h3 style=\"text-align: center;\">\u00ab\u00a0Nous cr\u00e9ons, concevons et fabriquons des prototypes et des \u00e9l\u00e9ments sp\u00e9ciaux et uniques pour votre industrie\u00a0\u00bb<\/h3>\n<p>&nbsp;<\/p>\n<p style=\"text-align: justify;\">Un <strong>prototype<\/strong> est une repr\u00e9sentation apparente mais concr\u00e8te d&rsquo;une partie ou de la totalit\u00e9 d&rsquo;une id\u00e9e d&rsquo;entreprise ou d&rsquo;un produit ou service. Celui-ci int\u00e9grera les \u00e9l\u00e9ments de base pour le rendre fonctionnel, testable, et pour r\u00e9pondre \u00e0 une s\u00e9rie de questions sur la viabilit\u00e9 commerciale de l&rsquo;id\u00e9e et son mode de mise en \u0153uvre. Le prototypage signifie que vous cr\u00e9ez le minimum n\u00e9cessaire pour valider votre id\u00e9e.<\/p>\n<p style=\"text-align: justify;\">Gr\u00e2ce au prototypage, le client peut:<\/p>\n<ul style=\"text-align: justify;\">\n<li style=\"list-style-type: none;\">\n<ul>\n<li style=\"list-style-type: none;\">\n<ul>\n<li>Testez \/ validez de nouvelles id\u00e9es rapidement.<\/li>\n<li>Comprendre les cl\u00e9s de l&rsquo;interaction avec l&rsquo;utilisateur.<\/li>\n<li>Am\u00e9liorez l&rsquo;exp\u00e9rience utilisateur et parcourez-la.<\/li>\n<li>D\u00e9montrer la capacit\u00e9 d&rsquo;un produit (demoing).<\/li>\n<li>Valider les d\u00e9tails de la conception de l&rsquo;apparence: d\u00e9finir l&rsquo;objectif des tailles, des couleurs, des ombres, etc.<\/li>\n<\/ul>\n<\/li>\n<\/ul>\n<\/li>\n<\/ul>\n<p style=\"text-align: justify;\">Types de prototypes selon leur fonction:<\/p>\n<ul style=\"text-align: justify;\">\n<li style=\"list-style-type: none;\">\n<ul>\n<li style=\"list-style-type: none;\">\n<ul>\n<li>Concevoir des prototypes: ils sont utilis\u00e9s pour \u00e9valuer les aspects esth\u00e9tiques et ergonomiques.<\/li>\n<li>Prototypes g\u00e9om\u00e9triques: Ils sont utilis\u00e9s pour tester l&rsquo;accord g\u00e9om\u00e9trique, la forme et les assemblages.<\/li>\n<li>Prototypes fonctionnels: ils montrent les caract\u00e9ristiques et les sch\u00e9mas de comportement dans un test du produit final.<\/li>\n<li>Prototypes techniques: Ils sont utilis\u00e9s pour \u00e9valuer toutes les fonctions de la pi\u00e8ce finale.<\/li>\n<\/ul>\n<\/li>\n<\/ul>\n<\/li>\n<\/ul>\n<p style=\"text-align: justify;\">Il existe de nombreuses fa\u00e7ons de prototyper, cela d\u00e9pend du type d&rsquo;id\u00e9e que vous avez; La construction d&rsquo;un prototype de produit ou de service n&rsquo;est pas la m\u00eame; Au <strong>Laboratorio Electrotecnico<\/strong>, nous aidons \u00e0 <strong>cr\u00e9er, concevoir <\/strong>et <strong>fabriquer des prototypes <\/strong>et<strong> des \u00e9l\u00e9ments sp\u00e9ciaux <\/strong>et<strong> uniques pour votre industrie.<\/strong><\/p>\n","protected":false},"featured_media":8775,"template":"","meta":[],"product_brand":[],"product_cat":[121],"product_tag":[],"class_list":{"0":"post-8771","1":"product","2":"type-product","3":"status-publish","4":"has-post-thumbnail","6":"product_cat-prestations-de-service","7":"description-off","9":"first","10":"instock","11":"shipping-taxable","12":"product-type-simple"},"_links":{"self":[{"href":"https:\/\/lescop.com\/fr\/wp-json\/wp\/v2\/product\/8771","targetHints":{"allow":["GET"]}}],"collection":[{"href":"https:\/\/lescop.com\/fr\/wp-json\/wp\/v2\/product"}],"about":[{"href":"https:\/\/lescop.com\/fr\/wp-json\/wp\/v2\/types\/product"}],"wp:featuredmedia":[{"embeddable":true,"href":"https:\/\/lescop.com\/fr\/wp-json\/wp\/v2\/media\/8775"}],"wp:attachment":[{"href":"https:\/\/lescop.com\/fr\/wp-json\/wp\/v2\/media?parent=8771"}],"wp:term":[{"taxonomy":"product_brand","embeddable":true,"href":"https:\/\/lescop.com\/fr\/wp-json\/wp\/v2\/product_brand?post=8771"},{"taxonomy":"product_cat","embeddable":true,"href":"https:\/\/lescop.com\/fr\/wp-json\/wp\/v2\/product_cat?post=8771"},{"taxonomy":"product_tag","embeddable":true,"href":"https:\/\/lescop.com\/fr\/wp-json\/wp\/v2\/product_tag?post=8771"}],"curies":[{"name":"wp","href":"https:\/\/api.w.org\/{rel}","templated":true}]}}