{"id":8754,"date":"2020-06-08T12:07:57","date_gmt":"2020-06-08T10:45:23","guid":{"rendered":"https:\/\/lescop.com\/?post_type=product&#038;p=8754"},"modified":"2020-06-19T08:01:25","modified_gmt":"2020-06-19T06:01:25","slug":"usinage-cnc","status":"publish","type":"product","link":"https:\/\/lescop.com\/fr\/catalogo\/prestations-de-service\/usinage-cnc\/","title":{"rendered":"Usinage (CNC)"},"content":{"rendered":"","protected":false},"excerpt":{"rendered":"<h3 style=\"text-align: center;\">\u00ab\u00a0Nous m\u00e9canisons vos id\u00e9es\u00a0\u00bb<\/h3>\n<p>&nbsp;<\/p>\n<p style=\"text-align: justify;\"><span class=\"tlid-translation translation\" lang=\"fr\"><span class=\"\" title=\"\">L&rsquo;<strong>usinage<\/strong> (CNC) est un processus de fabrication dans lequel un ensemble d&rsquo;op\u00e9rations est effectu\u00e9 pour fabriquer des pi\u00e8ces en extrayant la mati\u00e8re d&rsquo;un bloc.<\/span> <span class=\"\" title=\"\">Ces op\u00e9rations sont effectu\u00e9es sur des machines \u00e0 <strong>commande num\u00e9rique par ordinateur (CNC)<\/strong> qui, \u00e0 partir de donn\u00e9es 3D et d&rsquo;un programme d&rsquo;usinage FAO, ex\u00e9cutent automatiquement les t\u00e2ches programm\u00e9es.<\/span><\/span><\/p>\n<p style=\"text-align: justify;\"><span class=\"tlid-translation translation\" lang=\"fr\"><span class=\"\" title=\"\">Quelle que soit la taille, la complexit\u00e9 de la conception ou la quantit\u00e9 de pi\u00e8ces, notre \u00e9quipe exp\u00e9riment\u00e9e et nos machines nous permettent d&rsquo;obtenir d&rsquo;excellents r\u00e9sultats \u00e0 des prix et des conditions tr\u00e8s comp\u00e9titifs.<\/span><\/span><\/p>\n<p style=\"text-align: justify;\"><span class=\"tlid-translation translation\" lang=\"fr\"><span class=\"\" title=\"\">Nos machines, en raison de leur flexibilit\u00e9, pr\u00e9cision et polyvalence, contribuent \u00e0 r\u00e9duire les d\u00e9lais de fabrication en minimisant les erreurs.<\/span> <span class=\"\" title=\"\">Chez <strong>Laboratorio Electrot\u00e9cnico<\/strong>, nous proposons l&rsquo;<strong>usinage de pi\u00e8ces uniques ou de courtes s\u00e9ries<\/strong> de pi\u00e8ces \u00e0 partir d&rsquo;une <strong>large gamme de mat\u00e9riaux techniques<\/strong>, <strong>plastiques<\/strong> et <strong>m\u00e9talliques<\/strong>.<\/span><\/span><\/p>\n","protected":false},"featured_media":8746,"template":"","meta":[],"product_brand":[],"product_cat":[121],"product_tag":[],"class_list":{"0":"post-8754","1":"product","2":"type-product","3":"status-publish","4":"has-post-thumbnail","6":"product_cat-prestations-de-service","7":"description-off","9":"first","10":"instock","11":"shipping-taxable","12":"product-type-simple"},"_links":{"self":[{"href":"https:\/\/lescop.com\/fr\/wp-json\/wp\/v2\/product\/8754","targetHints":{"allow":["GET"]}}],"collection":[{"href":"https:\/\/lescop.com\/fr\/wp-json\/wp\/v2\/product"}],"about":[{"href":"https:\/\/lescop.com\/fr\/wp-json\/wp\/v2\/types\/product"}],"wp:featuredmedia":[{"embeddable":true,"href":"https:\/\/lescop.com\/fr\/wp-json\/wp\/v2\/media\/8746"}],"wp:attachment":[{"href":"https:\/\/lescop.com\/fr\/wp-json\/wp\/v2\/media?parent=8754"}],"wp:term":[{"taxonomy":"product_brand","embeddable":true,"href":"https:\/\/lescop.com\/fr\/wp-json\/wp\/v2\/product_brand?post=8754"},{"taxonomy":"product_cat","embeddable":true,"href":"https:\/\/lescop.com\/fr\/wp-json\/wp\/v2\/product_cat?post=8754"},{"taxonomy":"product_tag","embeddable":true,"href":"https:\/\/lescop.com\/fr\/wp-json\/wp\/v2\/product_tag?post=8754"}],"curies":[{"name":"wp","href":"https:\/\/api.w.org\/{rel}","templated":true}]}}