{"id":2609,"date":"2019-08-08T10:53:22","date_gmt":"2019-08-08T07:53:22","guid":{"rendered":"https:\/\/lescop.panelserver.org\/catalogo\/non%20class\u00e9\/vke-24-type-embrochable-tension-disolement-24kv-connexion-phase-terre\/"},"modified":"2023-05-16T15:48:37","modified_gmt":"2023-05-16T13:48:37","slug":"vke-24-type-embrochable-tension-disolement-24kv-connexion-phase-terre","status":"publish","type":"product","link":"https:\/\/lescop.com\/fr\/catalogo\/transformateurs\/tension-interieur\/vke-24-type-embrochable-tension-disolement-24kv-connexion-phase-terre\/","title":{"rendered":"VKE-24.<br><small>Tension D\u00b4Isolement 24kV.<br>Connexion Phase-Terre. Type Embrochable.<\/small>"},"content":{"rendered":"","protected":false},"excerpt":{"rendered":"<p style=\"text-align: justify;\">Transformateur de tension pour mesure et\/ou protection de H.T. <strong>jusqu&rsquo;\u00e0 24 kV<\/strong>, con\u00e7u pour \u00eatre install\u00e9 dans des cellules de haute tension isol\u00e9es \u00e0 gaz.<\/p>\n<p style=\"text-align: justify;\">Le mod\u00e8le <strong>VKE-24<\/strong> permet le branchement dans le primaire \u00e0 l&rsquo;aide d&rsquo;un <strong>terminal embrochable<\/strong> con\u00e7u en conformit\u00e9 \u00e0 la <strong>norme UNE-EN 50181<\/strong>.<\/p>\n<p style=\"text-align: justify;\">Une enveloppante m\u00e9tallique sur le corps de r\u00e9sine prot\u00e8ge le transformateur, permettant ainsi son montage sans distance de s\u00e9curit\u00e9 entre les autres transformateurs, car la surface du transformateur est mise \u00e0 la terre, ce que permet la meilleur optimisation de l&rsquo;espace.<\/p>\n<p style=\"text-align: justify;\">Sur commande, on peut aussi fournir ce transformateur sans la protection m\u00e9tallique, mais alors il faudrait l&rsquo;installer en cellules sans isolement \u00e0 l&rsquo;SF6, en respectant les distances de s\u00e9curit\u00e9 correspondantes au niveau d&rsquo;isolement.<\/p>\n<p style=\"text-align: justify;\">L&rsquo;enroulement primaire est enrob\u00e9 en r\u00e9sine epoxy de couleur marron de classe d&rsquo;isolement E. Le noyau el le\/les secondaire\/s sont en dehors de l&rsquo;enveloppante. Gr\u00e2ce aux caract\u00e9ristiques de cette conception il n&rsquo;existe aucun risque de jet violent de fragments en cas d&rsquo;explosion.<\/p>\n<p style=\"text-align: justify;\">Possibilit\u00e9 de montage dans n&rsquo;importe quelle position.<\/p>\n<p style=\"text-align: justify;\">Fabriqu\u00e9 d&rsquo;accord aux normes <strong>IEC 61869:1<\/strong> et <strong>IEC 61869:3.<\/strong><\/p>\n<p>&nbsp;<\/p>\n<p><a href=\"https:\/\/lescop.com\/wp-content\/uploads\/2019\/10\/VKE-24_Catalogo_Frances_2019.pdf\">Catalogue VKE-24<\/a><br \/>\n<a href=\"https:\/\/lescop.com\/wp-content\/uploads\/2020\/02\/Manual-instrucciones-04-12-2019_fr_color-web.pdf\">Manuel d&rsquo;utilisation<\/a><br \/>\n<a href=\"https:\/\/lescop.com\/wp-content\/uploads\/2023\/05\/10525270.001-ESQUEMAS-TT-FASE-TIERRA.pdf\">Sch\u00e9ma des connexions TT<\/a><br \/>\n<a href=\"https:\/\/www.dropbox.com\/s\/wv3r4ssz71hds96\/TT%20VKE-24%20Laboratorio%20Electrot%C3%A9cnico.dwg?dl=0\">Plan (.dwg)<\/a><\/p>\n","protected":false},"featured_media":5873,"template":"","meta":[],"product_brand":[],"product_cat":[80,76],"product_tag":[],"class_list":{"0":"post-2609","1":"product","2":"type-product","3":"status-publish","4":"has-post-thumbnail","6":"product_cat-tension-interieur","7":"product_cat-transformateurs","8":"description-off","10":"first","11":"instock","12":"shipping-taxable","13":"product-type-simple"},"_links":{"self":[{"href":"https:\/\/lescop.com\/fr\/wp-json\/wp\/v2\/product\/2609","targetHints":{"allow":["GET"]}}],"collection":[{"href":"https:\/\/lescop.com\/fr\/wp-json\/wp\/v2\/product"}],"about":[{"href":"https:\/\/lescop.com\/fr\/wp-json\/wp\/v2\/types\/product"}],"wp:featuredmedia":[{"embeddable":true,"href":"https:\/\/lescop.com\/fr\/wp-json\/wp\/v2\/media\/5873"}],"wp:attachment":[{"href":"https:\/\/lescop.com\/fr\/wp-json\/wp\/v2\/media?parent=2609"}],"wp:term":[{"taxonomy":"product_brand","embeddable":true,"href":"https:\/\/lescop.com\/fr\/wp-json\/wp\/v2\/product_brand?post=2609"},{"taxonomy":"product_cat","embeddable":true,"href":"https:\/\/lescop.com\/fr\/wp-json\/wp\/v2\/product_cat?post=2609"},{"taxonomy":"product_tag","embeddable":true,"href":"https:\/\/lescop.com\/fr\/wp-json\/wp\/v2\/product_tag?post=2609"}],"curies":[{"name":"wp","href":"https:\/\/api.w.org\/{rel}","templated":true}]}}