{"id":2603,"date":"2020-01-24T13:07:28","date_gmt":"2019-08-07T10:44:28","guid":{"rendered":"https:\/\/lescop.panelserver.org\/catalogo\/non%20class\u00e9\/isolateurs-support-pour-service-interieur-10-36-kv\/"},"modified":"2020-02-24T16:30:47","modified_gmt":"2020-02-24T15:30:47","slug":"isolateurs-support-pour-service-interieur","status":"publish","type":"product","link":"https:\/\/lescop.com\/fr\/catalogo\/dautres-produits\/isolateurs-support-pour-service-interieur\/","title":{"rendered":"ISOLATEURS et PI\u00c8CES DE R\u00c9SINE. <BR><small>Service Int\u00e9rieur.<\/small>"},"content":{"rendered":"","protected":false},"excerpt":{"rendered":"<p style=\"text-align: justify;\">La conception, l&#8217;emploi de la r\u00e9sine synth\u00e9tique charg\u00e9e et le contr\u00f4le exhaustif de tous les proc\u00e9ssus de fabrication se rassemblent pour atteindre les mieux propriet\u00e9s \u00e9lectriques et m\u00e9caniques:<\/p>\n<ul style=\"text-align: justify;\">\n<li><em>\u00c9lectriques:<\/em>\u00a0d&rsquo;Isolement, de r\u00e9sistance \u00e0 l&rsquo;arc et de r\u00e9sistance aux d\u00e9charges rampantes.<\/li>\n<li><em>M\u00e9caniques:<\/em>\u00a0De r\u00e9sistance au choc et \u00e0 la flexion.<\/li>\n<\/ul>\n<p style=\"text-align: justify;\">Ces isolateurs restent inalt\u00e9rable aux \u00a0attaques des agents chimiques hautement corrosifs et leur risque d&rsquo;incendie est nul.<\/p>\n<p style=\"text-align: justify;\">Pour permettre leur fixation au support et au conducteur, ces isolateurs portent des armatures m\u00e9talliques ins\u00e9r\u00e9es dans \u00a0leur \u00a0t\u00eate et dans leur base.<\/p>\n<p style=\"text-align: justify;\">Nous pouvons \u00a0fabriquer aussi des pi\u00e8ces sp\u00e9ciales, que ce soit en suivant les dessins apport\u00e9s par nos clients, que ce soit en suivant les dessins cr\u00e9es par notre departement technique en fonction des besoins de ceux-ci.<\/p>\n","protected":false},"featured_media":5984,"template":"","meta":[],"product_brand":[],"product_cat":[73],"product_tag":[],"class_list":{"0":"post-2603","1":"product","2":"type-product","3":"status-publish","4":"has-post-thumbnail","6":"product_cat-dautres-produits","7":"description-off","9":"first","10":"instock","11":"shipping-taxable","12":"product-type-simple"},"_links":{"self":[{"href":"https:\/\/lescop.com\/fr\/wp-json\/wp\/v2\/product\/2603","targetHints":{"allow":["GET"]}}],"collection":[{"href":"https:\/\/lescop.com\/fr\/wp-json\/wp\/v2\/product"}],"about":[{"href":"https:\/\/lescop.com\/fr\/wp-json\/wp\/v2\/types\/product"}],"wp:featuredmedia":[{"embeddable":true,"href":"https:\/\/lescop.com\/fr\/wp-json\/wp\/v2\/media\/5984"}],"wp:attachment":[{"href":"https:\/\/lescop.com\/fr\/wp-json\/wp\/v2\/media?parent=2603"}],"wp:term":[{"taxonomy":"product_brand","embeddable":true,"href":"https:\/\/lescop.com\/fr\/wp-json\/wp\/v2\/product_brand?post=2603"},{"taxonomy":"product_cat","embeddable":true,"href":"https:\/\/lescop.com\/fr\/wp-json\/wp\/v2\/product_cat?post=2603"},{"taxonomy":"product_tag","embeddable":true,"href":"https:\/\/lescop.com\/fr\/wp-json\/wp\/v2\/product_tag?post=2603"}],"curies":[{"name":"wp","href":"https:\/\/api.w.org\/{rel}","templated":true}]}}