{"id":2601,"date":"2020-01-24T13:06:05","date_gmt":"2019-08-07T10:23:05","guid":{"rendered":"https:\/\/lescop.panelserver.org\/catalogo\/non%20class\u00e9\/pte-4-relais-thermique-pte-4\/"},"modified":"2020-02-24T16:47:34","modified_gmt":"2020-02-24T15:47:34","slug":"pte-4-relais-thermique","status":"publish","type":"product","link":"https:\/\/lescop.com\/fr\/catalogo\/commutateurs-sectionneurs\/pte-4-relais-thermique\/","title":{"rendered":"PTE-4. <br><small>Relais Thermique.<\/small>"},"content":{"rendered":"","protected":false},"excerpt":{"rendered":"<p class=\"full\" style=\"text-align: justify;\">Le relais thermique PTE-4 a \u00e9t\u00e9 developp\u00e9 et mis au point pour l&rsquo;\u00e9quipp\u00e9ment des interrupteurs-sectionneurs de d\u00e9clenchement libre. Le relais thermique PTE-4 prot\u00e8ge des surcharges faibles constants, n&rsquo;ayant pas d&rsquo;influence les charges variables ni les surcharges de courte dur\u00e9e. Combin\u00e9s avec des cartouches fusibles d&rsquo;haut pouvoir de fermeture on atteint des protections suffisamment \u00e9fficaces \u00e0 un co\u00fbt minimum lorsqu&rsquo;il s&rsquo;agit de circuits o\u00f9 la puissance nominale est petite, dans le but de provoquer des surintensit\u00e9s de courtcircuit tr\u00e9s \u00e9lev\u00e9es. Dans ce cas-ci le prix d&rsquo;un interrupteur automatique d&rsquo;haut pouvoir de rupture peut \u00eatre tr\u00e9s \u00e9lev\u00e9 par rapport au reste de l&rsquo;installation.<\/p>\n<p class=\"full\" style=\"text-align: justify;\"><strong>Caracteristiques:<\/strong><\/p>\n<ul>\n<li class=\"full\" style=\"text-align: justify;\">Fr\u00e9quence nominale &#8230;&#8230;&#8230;&#8230;&#8230;&#8230;&#8230;&#8230;&#8230;&#8230;&#8230;.. 50 ou 60 Hz<\/li>\n<li class=\"full\" style=\"text-align: justify;\">Intensit\u00e9s nominales possibles (In): 0.4 &#8211; 0.64 &#8211; 1 &#8211; 1.6 &#8211; \u00a02 &#8211; 3 &#8211; 4 &#8211; 5 &#8211; 7 &#8211; 10 &#8211; 12.5 &#8211; 15 &#8211; 20 &#8211; 25 &#8211; 30 &#8211; 40 &#8211; 50 &#8211; \u00a060 &#8211; 80 &#8211; 100 &#8211; 125 A<\/li>\n<li style=\"text-align: justify;\">Intensit\u00e9 de r\u00e9gulation &#8230;&#8230;&#8230;&#8230;&#8230;&#8230;&#8230;&#8230;&#8230;&#8230; Ir = In \u00e0 1,6 In<\/li>\n<li style=\"text-align: justify;\">Tolerance sur Ir&#8230;&#8230;&#8230;&#8230;&#8230;&#8230;&#8230;&#8230;&#8230;&#8230;&#8230;&#8230;&#8230;&#8230;&#8230;&#8230;&#8230;&#8230; +10%<\/li>\n<li style=\"text-align: justify;\">Surintensit\u00e9s admissibles:\n<ul>\n<li>En 0,02 secondes &#8230;&#8230;&#8230;&#8230;&#8230;&#8230;&#8230;&#8230;&#8230;&#8230;&#8230;&#8230;&#8230;&#8230;&#8230; 220 In.<\/li>\n<li>Pendant \u00a01 seconde&#8230;&#8230;&#8230;&#8230;&#8230;&#8230;&#8230;&#8230;&#8230;&#8230;&#8230;&#8230;&#8230;&#8230;&#8230; 30 In.<\/li>\n<li>En perrmanence \u00a0&#8230;&#8230;&#8230;&#8230;&#8230;&#8230;&#8230;&#8230;&#8230;&#8230;&#8230;&#8230;&#8230;&#8230;&#8230;&#8230; 1,8 In.<\/li>\n<\/ul>\n<\/li>\n<li class=\"full\" style=\"text-align: justify;\">Consommation avec intensit\u00e9 nominale&#8230;&#8230;&#8230;&#8230;&#8230; 4 VA<\/li>\n<li class=\"full\" style=\"text-align: justify;\">Tension d&rsquo;isolement \u00e0 masse&#8230;&#8230;&#8230;&#8230;&#8230;&#8230;&#8230;&#8230;&#8230; 1000 V<\/li>\n<li class=\"full\" style=\"text-align: justify;\">Tension d&rsquo;essai (pendant 1 minute)&#8230;&#8230;&#8230;&#8230;&#8230;.. 3000 V<\/li>\n<li class=\"full\" style=\"text-align: justify;\">Parcours de la levier de declench\u00e9ment:\n<ul>\n<li>Pour la d\u00e9connexion&#8230;&#8230;&#8230;&#8230;&#8230;&#8230;&#8230;&#8230;&#8230;&#8230;&#8230;&#8230; 20 mm<\/li>\n<li>Pour le r\u00e9arm\u00e9ment&#8230;&#8230;&#8230;&#8230;&#8230;&#8230;&#8230;&#8230;&#8230;&#8230;&#8230;&#8230;. 21 mm<\/li>\n<\/ul>\n<\/li>\n<li class=\"full\" style=\"text-align: justify;\">Effort de d\u00e9clench\u00e9ment:\n<ul>\n<li class=\"full\">Position de d\u00e9part&#8230;&#8230;&#8230;&#8230;&#8230;&#8230;&#8230;&#8230;&#8230;&#8230;&#8230;&#8230;&#8230;&#8230; 530 gr<\/li>\n<li class=\"full\">\u00c0 la fin du parcours&#8230;&#8230;&#8230;&#8230;&#8230;&#8230;&#8230;&#8230;&#8230;&#8230;&#8230;&#8230;.. 1250 gr<\/li>\n<\/ul>\n<\/li>\n<li class=\"full\" style=\"text-align: justify;\">Effort de r\u00e9arm\u00e9ment (maximum)&#8230;&#8230;&#8230;&#8230;.. 1500 gr<\/li>\n<li class=\"full\" style=\"text-align: justify;\">Poids du relais&#8230;&#8230;&#8230;&#8230;&#8230;&#8230;&#8230;&#8230;&#8230;&#8230;&#8230;&#8230;&#8230;&#8230;&#8230;&#8230;&#8230;&#8230;&#8230; 940 gr<\/li>\n<\/ul>\n<p>&nbsp;<\/p>\n<p><a href=\"https:\/\/lescop.com\/wp-content\/uploads\/2020\/02\/RELE-PTE-4-Catalogo-Ingles.pdf\">Catalogue PTE-4<\/a><\/p>\n","protected":false},"featured_media":5992,"template":"","meta":[],"product_brand":[],"product_cat":[63],"product_tag":[],"class_list":{"0":"post-2601","1":"product","2":"type-product","3":"status-publish","4":"has-post-thumbnail","6":"product_cat-commutateurs-sectionneurs","7":"description-off","9":"first","10":"instock","11":"shipping-taxable","12":"product-type-simple"},"_links":{"self":[{"href":"https:\/\/lescop.com\/fr\/wp-json\/wp\/v2\/product\/2601","targetHints":{"allow":["GET"]}}],"collection":[{"href":"https:\/\/lescop.com\/fr\/wp-json\/wp\/v2\/product"}],"about":[{"href":"https:\/\/lescop.com\/fr\/wp-json\/wp\/v2\/types\/product"}],"wp:featuredmedia":[{"embeddable":true,"href":"https:\/\/lescop.com\/fr\/wp-json\/wp\/v2\/media\/5992"}],"wp:attachment":[{"href":"https:\/\/lescop.com\/fr\/wp-json\/wp\/v2\/media?parent=2601"}],"wp:term":[{"taxonomy":"product_brand","embeddable":true,"href":"https:\/\/lescop.com\/fr\/wp-json\/wp\/v2\/product_brand?post=2601"},{"taxonomy":"product_cat","embeddable":true,"href":"https:\/\/lescop.com\/fr\/wp-json\/wp\/v2\/product_cat?post=2601"},{"taxonomy":"product_tag","embeddable":true,"href":"https:\/\/lescop.com\/fr\/wp-json\/wp\/v2\/product_tag?post=2601"}],"curies":[{"name":"wp","href":"https:\/\/api.w.org\/{rel}","templated":true}]}}