{"id":2598,"date":"2020-01-24T13:13:12","date_gmt":"2019-08-07T08:47:12","guid":{"rendered":"https:\/\/lescop.panelserver.org\/catalogo\/non%20class\u00e9\/mol-2-interrupteur-bipolaire-mol-2\/"},"modified":"2021-12-17T10:59:00","modified_gmt":"2021-12-17T09:59:00","slug":"mol-2-interrupteur-bipolaire","status":"publish","type":"product","link":"https:\/\/lescop.com\/fr\/catalogo\/commutateurs-sectionneurs\/mol-2-interrupteur-bipolaire\/","title":{"rendered":"MOL-2. <br><small>Interrupteur Bipolaire.<\/small>"},"content":{"rendered":"","protected":false},"excerpt":{"rendered":"<p>Le <strong>Mol-2<\/strong> est un i<strong>nterrupteur sectionneur bipolaire<\/strong> de double rupture en sec, enrob\u00e9 \u00e0 la r\u00e9sine.<\/p>\n<ul>\n<li style=\"list-style-type: none;\">\n<ul>\n<li style=\"list-style-type: none;\">\n<ul>\n<li>Tension nominale : 3,6 kV<\/li>\n<li>Intensit\u00e9 nominale : 200 A<\/li>\n<li>Pouvoir de coupure nominal: 200 A<\/li>\n<li>Pouvoir de fermeture en court-circuit: 7,5 kA<\/li>\n<\/ul>\n<\/li>\n<\/ul>\n<\/li>\n<\/ul>\n<p>Types:<\/p>\n<p>&#8211; \u00a0<strong>MOL-2<\/strong> pour ligne de boucle<br \/>\n&#8211; \u00a0<strong>MOL-2\/C<\/strong> pour lignes de d\u00e9rivation et protection<\/p>\n","protected":false},"featured_media":5964,"template":"","meta":[],"product_brand":[],"product_cat":[63,127],"product_tag":[],"class_list":{"0":"post-2598","1":"product","2":"type-product","3":"status-publish","4":"has-post-thumbnail","6":"product_cat-commutateurs-sectionneurs","7":"product_cat-secteur-ferroviaire-adif","8":"description-off","10":"first","11":"instock","12":"shipping-taxable","13":"product-type-simple"},"_links":{"self":[{"href":"https:\/\/lescop.com\/fr\/wp-json\/wp\/v2\/product\/2598","targetHints":{"allow":["GET"]}}],"collection":[{"href":"https:\/\/lescop.com\/fr\/wp-json\/wp\/v2\/product"}],"about":[{"href":"https:\/\/lescop.com\/fr\/wp-json\/wp\/v2\/types\/product"}],"wp:featuredmedia":[{"embeddable":true,"href":"https:\/\/lescop.com\/fr\/wp-json\/wp\/v2\/media\/5964"}],"wp:attachment":[{"href":"https:\/\/lescop.com\/fr\/wp-json\/wp\/v2\/media?parent=2598"}],"wp:term":[{"taxonomy":"product_brand","embeddable":true,"href":"https:\/\/lescop.com\/fr\/wp-json\/wp\/v2\/product_brand?post=2598"},{"taxonomy":"product_cat","embeddable":true,"href":"https:\/\/lescop.com\/fr\/wp-json\/wp\/v2\/product_cat?post=2598"},{"taxonomy":"product_tag","embeddable":true,"href":"https:\/\/lescop.com\/fr\/wp-json\/wp\/v2\/product_tag?post=2598"}],"curies":[{"name":"wp","href":"https:\/\/api.w.org\/{rel}","templated":true}]}}