{"id":2597,"date":"2020-01-24T13:11:21","date_gmt":"2019-08-07T08:38:21","guid":{"rendered":"https:\/\/lescop.panelserver.org\/catalogo\/non%20class\u00e9\/fuc-c-interrupteur-ruptofusible-fuc-c\/"},"modified":"2020-02-24T15:43:09","modified_gmt":"2020-02-24T14:43:09","slug":"fuc-c-interrupteur-ruptofusible-fuc-c","status":"publish","type":"product","link":"https:\/\/lescop.com\/fr\/catalogo\/commutateurs-sectionneurs\/fuc-c-interrupteur-ruptofusible-fuc-c\/","title":{"rendered":"FUC\/C. <br><small>Interrupteur Ruptofusible.<\/small>"},"content":{"rendered":"","protected":false},"excerpt":{"rendered":"<p style=\"text-align: justify;\">Le <strong>FUC\/C<\/strong> est un <strong>interrupteur ruptofusible combin\u00e9<\/strong> d&rsquo;usage g\u00e9n\u00e9ral, equip\u00e9 avec dispositif de d\u00e9clenchement automatique.<\/p>\n<p style=\"text-align: justify;\">Il a \u00e9t\u00e9 con\u00e7u pour des \u00a0lignes de <strong>12 \u00e0 36kV<\/strong> et intensit\u00e9s de <strong>400 et 630A<\/strong>.<\/p>\n<p style=\"text-align: justify;\">\u00c9quip\u00e9 d&rsquo;un dispositif de d\u00e9clench\u00e9ment automatique. Les fusibles, chacun avec leur percuteur, provoquent l&rsquo;ouverture automatiques des trois p\u00f4les lorsque agisse n&rsquo;importe quel des percuteurs.<\/p>\n<p style=\"text-align: justify;\"><span id=\"result_box\" lang=\"fr\">L&rsquo;ouverture automatique du FUC\/C peut \u00eatre d\u00e9clench\u00e9e par:<br \/>\n&#8211; Les boulons de fusible.<br \/>\n&#8211; Relais directs type PTE-4.<br \/>\n<span class=\"alt-edited\">&#8211; Relais de s\u00e9paration \u00e0 courant d&rsquo;\u00e9mission.<\/span><\/span><\/p>\n<p style=\"text-align: justify;\">Fabriqu\u00e9s d&rsquo;acord aux normes <strong>IEC 62271-1<\/strong> et <strong>IEC 62271-103.<\/strong><\/p>\n<p>&nbsp;<\/p>\n<p><a href=\"https:\/\/lescop.com\/wp-content\/uploads\/2019\/10\/FUCC_FUCCm_Catalogo_Frances_2019.pdf\">Catalogue FUCC \/ FUCCm<\/a><\/p>\n<p><a href=\"https:\/\/lescop.com\/wp-content\/uploads\/2019\/10\/Catalogo_Aparellaje-Completo_2019.pdf\">Catalogue Appareillage<\/a><\/p>\n<p><a href=\"https:\/\/lescop.com\/wp-content\/uploads\/2020\/02\/Manual-instrucciones-04-12-2019_fr_color-web.pdf\"><span class=\"tlid-translation translation\" lang=\"fr\"><span class=\"\" title=\"\">Manuel d&rsquo;instructions<\/span><\/span> FUC<\/a><\/p>\n","protected":false},"featured_media":5960,"template":"","meta":[],"product_brand":[],"product_cat":[63],"product_tag":[],"class_list":{"0":"post-2597","1":"product","2":"type-product","3":"status-publish","4":"has-post-thumbnail","6":"product_cat-commutateurs-sectionneurs","7":"description-off","9":"first","10":"instock","11":"shipping-taxable","12":"product-type-simple"},"_links":{"self":[{"href":"https:\/\/lescop.com\/fr\/wp-json\/wp\/v2\/product\/2597","targetHints":{"allow":["GET"]}}],"collection":[{"href":"https:\/\/lescop.com\/fr\/wp-json\/wp\/v2\/product"}],"about":[{"href":"https:\/\/lescop.com\/fr\/wp-json\/wp\/v2\/types\/product"}],"wp:featuredmedia":[{"embeddable":true,"href":"https:\/\/lescop.com\/fr\/wp-json\/wp\/v2\/media\/5960"}],"wp:attachment":[{"href":"https:\/\/lescop.com\/fr\/wp-json\/wp\/v2\/media?parent=2597"}],"wp:term":[{"taxonomy":"product_brand","embeddable":true,"href":"https:\/\/lescop.com\/fr\/wp-json\/wp\/v2\/product_brand?post=2597"},{"taxonomy":"product_cat","embeddable":true,"href":"https:\/\/lescop.com\/fr\/wp-json\/wp\/v2\/product_cat?post=2597"},{"taxonomy":"product_tag","embeddable":true,"href":"https:\/\/lescop.com\/fr\/wp-json\/wp\/v2\/product_tag?post=2597"}],"curies":[{"name":"wp","href":"https:\/\/api.w.org\/{rel}","templated":true}]}}