{"id":2324,"date":"2020-01-24T13:09:01","date_gmt":"2019-08-01T15:55:01","guid":{"rendered":"https:\/\/lescop.panelserver.org\/catalogo\/non%20class\u00e9\/seccionador-sile-en-vacio\/"},"modified":"2020-02-24T16:21:40","modified_gmt":"2020-02-24T15:21:40","slug":"sile-sectionneur-a-vide","status":"publish","type":"product","link":"https:\/\/lescop.com\/fr\/catalogo\/commutateurs-sectionneurs\/sile-sectionneur-a-vide\/","title":{"rendered":"SILE. <br><small>Sectionneur tripolaire \u00e0 vide.<\/small>"},"content":{"rendered":"","protected":false},"excerpt":{"rendered":"<p style=\"text-align: justify;\">Le <strong>SILE<\/strong> est un <strong>sectionneur \u00e0 vide tripolaire<\/strong> de<strong> service int\u00e9rieur<\/strong>, pour usage g\u00e9n\u00e9ral.<\/p>\n<p style=\"text-align: justify;\">Il a \u00e9t\u00e9 con\u00e7u pour des lignes de <strong>12 \u00e0 36kV<\/strong>, et pour des intensit\u00e9s de <strong>400 &#8211; 630A <\/strong>et <strong>1000 &#8211; 1200A<\/strong>.<\/p>\n<p style=\"text-align: justify;\">Types:<\/p>\n<ul style=\"text-align: justify;\">\n<li><strong>SILE-12:<\/strong> tension nominale de 12 kV<\/li>\n<li><strong>SILE-24:<\/strong> tension nominale de 24 kV<\/li>\n<li><strong>SILE-36 et SILE-36.1<\/strong>: tension nominale de 36 kV<\/li>\n<\/ul>\n<p style=\"text-align: justify;\">Fabriqu\u00e9s d&rsquo;accord aux normes<strong> IEC-62271-1 <\/strong>et<strong> IEC-62271-102.<\/strong><\/p>\n<p>&nbsp;<\/p>\n<p><a href=\"https:\/\/lescop.com\/wp-content\/uploads\/2019\/10\/SILE_Catalogo_Frances_2019.pdf\">Catalogue SILE<\/a><\/p>\n<p><a href=\"https:\/\/lescop.com\/wp-content\/uploads\/2019\/10\/Catalogo_Aparellaje-Tipos_de_accionamientos_maniobras_2019.pdf\">Actionnements de manoeuvre<\/a><\/p>\n<p><a href=\"https:\/\/lescop.com\/wp-content\/uploads\/2019\/10\/Catalogo_Aparellaje-Ejemplo_de_maniobras_2019.pdf\">Exemples de manoeuvres<\/a><\/p>\n<p><a href=\"https:\/\/lescop.com\/wp-content\/uploads\/2019\/10\/Manual_Instrucciones_SILE_WEB.pdf\">Manuel d&rsquo;instructions SILE<\/a><\/p>\n<p><a href=\"https:\/\/lescop.com\/wp-content\/uploads\/2019\/10\/Catalogo_Aparellaje-Completo_2019.pdf\">Catalogue Appareillage<\/a><\/p>\n<p>&nbsp;<\/p>\n","protected":false},"featured_media":6105,"template":"","meta":[],"product_brand":[],"product_cat":[63],"product_tag":[66,64,65],"class_list":{"0":"post-2324","1":"product","2":"type-product","3":"status-publish","4":"has-post-thumbnail","6":"product_cat-commutateurs-sectionneurs","7":"product_tag-seccionador-de-vacio-fr","8":"product_tag-sile-fr","9":"product_tag-tripolar-fr","10":"description-off","12":"first","13":"instock","14":"shipping-taxable","15":"product-type-simple"},"_links":{"self":[{"href":"https:\/\/lescop.com\/fr\/wp-json\/wp\/v2\/product\/2324","targetHints":{"allow":["GET"]}}],"collection":[{"href":"https:\/\/lescop.com\/fr\/wp-json\/wp\/v2\/product"}],"about":[{"href":"https:\/\/lescop.com\/fr\/wp-json\/wp\/v2\/types\/product"}],"wp:featuredmedia":[{"embeddable":true,"href":"https:\/\/lescop.com\/fr\/wp-json\/wp\/v2\/media\/6105"}],"wp:attachment":[{"href":"https:\/\/lescop.com\/fr\/wp-json\/wp\/v2\/media?parent=2324"}],"wp:term":[{"taxonomy":"product_brand","embeddable":true,"href":"https:\/\/lescop.com\/fr\/wp-json\/wp\/v2\/product_brand?post=2324"},{"taxonomy":"product_cat","embeddable":true,"href":"https:\/\/lescop.com\/fr\/wp-json\/wp\/v2\/product_cat?post=2324"},{"taxonomy":"product_tag","embeddable":true,"href":"https:\/\/lescop.com\/fr\/wp-json\/wp\/v2\/product_tag?post=2324"}],"curies":[{"name":"wp","href":"https:\/\/api.w.org\/{rel}","templated":true}]}}