{"id":2865,"date":"2019-08-01T19:40:40","date_gmt":"2019-08-01T17:40:40","guid":{"rendered":"https:\/\/lescop.panelserver.org\/aviso-legal\/"},"modified":"2019-08-12T11:30:52","modified_gmt":"2019-08-12T09:30:52","slug":"aviso-legal","status":"publish","type":"page","link":"https:\/\/lescop.com\/fr\/aviso-legal\/","title":{"rendered":"Aviso legal"},"content":{"rendered":"\r\n<h4 class=\"wp-block-heading\">En el presente Aviso Legal se establecen los contenidos referentes a la utilizaci\u00f3n de la web\u00a0www.lescop.com\u00a0propiedad de\u00a0LABORATORIO ELECTROT\u00c9CNICO, S.C.C.L., la cual queda a disposici\u00f3n de los usuarios de Internet.\u00a0<br \/><br \/>El sitio web\u00a0www.lescop.com\u00a0ha sido creado y es titularidad de\u00a0LABORATORIO ELECTROT\u00c9CNICO, S.C.C.L..<br \/><br \/>El domicilio social de LABORATORIO ELECTROT\u00c9CNICO, S.C.C.L. queda establecido, a los efectos del presente Aviso Legal, en\u00a0<span class=\"Estilo2\"><strong>Passatge Roser s\/n 08940 Cornell\u00e0 del Llobregat BARCELONA -SPAIN-\u00a0<\/strong><br \/><\/span><br \/>La presente web se rige \u00fanica y exclusivamente por las disposiciones de esta Advertencia Legal. Por todo lo cual, el usuario deber\u00e1 leer y aceptar sin reservas la presente Advertencia Legal en el momento de entrar en la\u00a0<span class=\"Estilo2\"><strong>www.lescop.com<\/strong><\/span>\u00a0para la navegaci\u00f3n por los contenidos existentes en ella.\u00a0<br \/><br \/><span class=\"Estilo4\">OBJETO.-<\/span>\u00a0La presente web ha sido dise\u00f1ada para dar a conocer los productos y servicios ofrecidos por\u00a0<span class=\"Estilo2\"><strong>LABORATORIO ELECTROT\u00c9CNICO, S.C.C.L.<\/strong><\/span>\u00a0a sus clientes, dando la oportunidad a los usuarios de Internet de conocer, de forma clara y detallada los productos que la empresa pone a disposici\u00f3n de sus clientes para la realizaci\u00f3n de sus actividades.<span class=\"Estilo2\"><strong>\u00a0<\/strong><\/span><br \/><br \/>Los contenidos facilitados en esta web han sido realizados con informaci\u00f3n proveniente de fuentes internas de\u00a0<span class=\"Estilo2\"><strong>LABORATORIO ELECTROT\u00c9CNICO, S.C.C.L.<\/strong><\/span>, por todo lo cual responder\u00e1 por los contenidos elaborados y puestos a disposici\u00f3n de los usuarios de Internet.\u00a0<br \/><br \/>El usuario accede voluntariamente a este sitio web. El acceso y navegaci\u00f3n en este sitio web implica aceptar y conocer las advertencias legales, condiciones y t\u00e9rminos de uso contenidos en ella. El mero acceso no implica el establecimiento de ning\u00fan tipo de relaci\u00f3n comercial entre\u00a0<span class=\"Estilo2\"><strong>LABORATORIO ELECTROT\u00c9CNICO, S.C.C.L.<\/strong><\/span>\u00a0y el usuario.\u00a0<br \/><br \/><span class=\"Estilo4\">UTILIZACI\u00d3N DE LA P\u00c1GINA WEB<\/span>\u00a0www.lescop.com.- La utilizaci\u00f3n de esta p\u00e1gina web, ya sea de la informaci\u00f3n contenida o de los servicios que se proponen, le atribuye la condici\u00f3n de Usuario y supone la aceptaci\u00f3n plena y sin reservas de todas y cada una de las Condiciones Generales vigentes en el momento en que usted como Usuario acceda a la p\u00e1gina web, por lo que si no est\u00e1 de acuerdo con el contenido del mismo deber\u00e1 abstenerse de hacer uso de la web.\u00a0<br \/><br \/>El Usuario se compromete a utilizar la p\u00e1gina web de conformidad con la ley, con estas Condiciones Generales, con la moral, buenas costumbres generalmente aceptadas, y con el orden p\u00fablico, respondiendo frente a\u00a0<span class=\"Estilo2\"><strong>LABORATORIO ELECTROT\u00c9CNICO, S.C.C.L.<\/strong><\/span>, o frente a terceros de cualesquiera da\u00f1os y perjuicios que pudieran causarse como consecuencia del incumplimiento de dicha obligaci\u00f3n.\u00a0<span class=\"Estilo2\"><strong>LABORATORIO ELECTROT\u00c9CNICO, S.C.C.L.<\/strong><\/span>\u00a0se reserva el derecho a modificar en cualquier momento la presentaci\u00f3n, configuraci\u00f3n y localizaci\u00f3n del Sitio Web, as\u00ed como los contenidos y las condiciones requeridas para utilizar los mismos.\u00a0<br \/><br \/>La informaci\u00f3n incorporada a la p\u00e1gina web ha sido elaborada en todo momento de buena fe con el prop\u00f3sito de dar informaci\u00f3n sobre\u00a0<span class=\"Estilo2\"><strong>LABORATORIO ELECTROT\u00c9CNICO, S.C.C.L.<\/strong><\/span>\u00a0y los servicios que ofrece a los Usuarios. La compa\u00f1\u00eda no asume ning\u00fan tipo de responsabilidad respecto a la integridad, exactitud o exhaustividad de la citada informaci\u00f3n, de la misma forma que no responder\u00e1 en ning\u00fan caso respecto a terceros por los eventuales errores que presente la p\u00e1gina web.\u00a0<br \/><br \/><span class=\"Estilo2\"><strong>LABORATORIO ELECTROT\u00c9CNICO, S.C.C.L.<\/strong><\/span>\u00a0ofrece enlaces, directa o indirectamente, a recursos o sitios de Internet que se encuentran fuera del presente sitio web. La presencia de estos enlaces en el sitio web tienen una finalidad informativa, no constituyendo en ning\u00fan caso una invitaci\u00f3n a la contrataci\u00f3n de productos o servicios que se ofrezcan en el sitio web de destino.\u00a0<br \/><br \/>Con car\u00e1cter general, los Usuarios podr\u00e1n acceder al Sitio web de forma libre y gratuita. No obstante,\u00a0<span class=\"Estilo2\"><strong>LABORATORIO ELECTROT\u00c9CNICO, S.C.C.L.<\/strong><\/span>\u00a0se reserva conforme a la legislaci\u00f3n vigente el derecho de limitar el acceso a determinadas \u00e1reas del sitio web. En estos casos, como requisito previo para poder acceder al servicio, el Usuario deber\u00e1 registrarse facilitando toda la informaci\u00f3n solicitada, de forma actualizada y real.\u00a0<br \/><br \/>El Usuario elegir\u00e1 su propio identificador y contrase\u00f1a. Para la elecci\u00f3n del identificador, el Usuario no podr\u00e1 optar por expresiones, palabras o conjuntos de letras que puedan resultar insultantes, injuriosos o contrarios a la ley, a la moral y a las buenas costumbres. De igual modo, tampoco podr\u00e1 utilizar marcas, r\u00f3tulos de establecimientos, expresiones publicitarias, nombres y pseud\u00f3nimos de personajes p\u00fablicos o conocidos sin su autorizaci\u00f3n.\u00a0<span class=\"Estilo2\"><strong>LABORATORIO ELECTROT\u00c9CNICO, S.C.C.L.<\/strong><\/span>\u00a0asignar\u00e1 el identificador seleccionado por el Usuario, siempre y cuando no haya sido previamente seleccionado por otro Usuario.\u00a0<br \/><br \/>El uso de la contrase\u00f1a es personal e intransferible, no estando permitida la cesi\u00f3n, ni siquiera temporal, a terceros. En tal sentido, el Usuario se compromete a hacer un uso diligente y a mantener en secreto la misma, asumiendo toda responsabilidad por las consecuencias de su divulgaci\u00f3n a terceros.\u00a0<br \/><br \/>En el supuesto de que el Usuario conozca o sospeche del uso de su contrase\u00f1a por terceros, deber\u00e1 poner tal circunstancia en conocimiento de\u00a0<span class=\"Estilo2\"><strong>LABORATORIO ELECTROT\u00c9CNICO, S.C.C.L.<\/strong><\/span>\u00a0con la mayor brevedad.\u00a0<br \/><br \/>El Usuario perder\u00e1 el identificador seleccionado transcurridos seis meses sin haber hecho uso del mismo para cualquiera de los Contenidos de\u00a0<span class=\"Estilo2\"><strong>LABORATORIO ELECTROT\u00c9CNICO, S.C.C.L.<\/strong><\/span>, pudiendo ser seleccionado por un nuevo Usuario.\u00a0<br \/><br \/><span class=\"Estilo5\"><strong>PROPIEDAD INTELECTUAL E INDUSTRIAL.<\/strong>\u00a0&#8211;<\/span>\u00a0El Usuario reconoce y acepta que todos los derechos de propiedad industrial e intelectual sobre los contenidos y cualesquiera otros elementos insertados en la p\u00e1gina web pertenecen a\u00a0<span class=\"Estilo2\"><strong>LABORATORIO ELECTROT\u00c9CNICO, S.C.C.L.<\/strong><\/span>.\u00a0<br \/><br \/>Asimismo, el contenido de la p\u00e1gina web que incluye, a t\u00edtulo meramente enunciativo y no exclusivo, textos, fotograf\u00edas, gr\u00e1ficos, im\u00e1genes, iconos, software, links y dem\u00e1s contenidos audiovisuales, as\u00ed como su dise\u00f1o gr\u00e1fico y c\u00f3digos fuente son propiedad intelectual de\u00a0<span class=\"Estilo2\"><strong>LABORATORIO ELECTROT\u00c9CNICO, S.C.C.L.<\/strong><\/span>\u00a0o de terceros que han cedido su uso a la citada compa\u00f1\u00eda. Dicho contenido est\u00e1 protegido por las Leyes nacionales y Tratados internacionales relativos a los derechos de propiedad intelectual que sean aplicables.\u00a0<br \/><br \/>Todos los derechos de propiedad industrial e intelectual sobre esta p\u00e1gina web est\u00e1n legalmente reservados y el acceso a la misma o su utilizaci\u00f3n, por parte del usuario, no debe considerarse, en forma alguna, como el otorgamiento de ninguna licencia de uso o derecho sobre cualquier activo cuya titularidad o propiedad corresponda a<span class=\"Estilo2\"><strong>\u00a0LABORATORIO ELECTROT\u00c9CNICO, S.C.C.L.<\/strong><\/span>, o a terceros.\u00a0<br \/><br \/>La reproducci\u00f3n total o parcial por cualquier medio del contenido, marcas, nombres comerciales y signos distintivos de cualquier clase, incluidos en la p\u00e1gina web, as\u00ed como la venta, cesi\u00f3n, arrendamiento, distribuci\u00f3n, comunicaci\u00f3n p\u00fablica, transformaci\u00f3n, o cualquier otro uso que se quiera dar a las mismas, sin previa autorizaci\u00f3n expresa del correspondiente titular, queda totalmente prohibida y se perseguir\u00e1 civil y, en su caso, penalmente, de acuerdo con las Leyes nacionales y Tratados Internacionales aplicables.\u00a0<br \/><br \/><span class=\"Estilo5\"><strong>LIMITACI\u00d3N DE RESPONSABILIDAD.-<\/strong><\/span>\u00a0La actividad de\u00a0<span class=\"Estilo2\"><strong>LABORATORIO ELECTROT\u00c9CNICO, S.C.C.L.<\/strong><\/span>\u00a0se limita a recoger e incluir en la p\u00e1gina web informaci\u00f3n relativa a sus servicios, as\u00ed como a recibir las solicitudes de demanda previa de informaci\u00f3n respecto de los mismos.\u00a0<br \/><br \/>Una vez que el Usuario haya mostrado su inter\u00e9s por alguno de los servicios ofrecidos en la p\u00e1gina web, deber\u00e1 completar la correspondiente solicitud siendo obligaci\u00f3n suya el introducir datos exactos y ver\u00eddicos, no respondiendo\u00a0<span class=\"Estilo2\"><strong>LABORATORIO ELECTROT\u00c9CNICO, S.C.C.L.<\/strong><\/span>, en ning\u00fan caso, como consecuencia de un eventual perjuicio que se pudiese irrogar, de la inexactitud o falsedad de los mismos.\u00a0<br \/><br \/><span class=\"Estilo2\"><strong>LABORATORIO ELECTROT\u00c9CNICO, S.C.C.L.<\/strong><\/span>\u00a0no se responsabiliza del mal uso que Ud. pueda hacer de este sitio web.\u00a0<br \/><br \/><span class=\"Estilo2\"><strong>LABORATORIO ELECTROT\u00c9CNICO, S.C.C.L.<\/strong><\/span>\u00a0no ser\u00e1 responsable en caso de que existan interrupciones del servicio, demoras, errores, mal funcionamiento del mismo y, en general, dem\u00e1s inconvenientes que tengan su origen en causas que escapan del control de\u00a0<span class=\"Estilo2\"><strong>LABORATORIO ELECTROT\u00c9CNICO, S.C.C.L.<\/strong><\/span>, y\/o debida a una actuaci\u00f3n dolosa o culposa del Usuario y\/o tenga por origen causas de fuerza mayor. Sin perjuicio de lo establecido en el art\u00edculo 1105 del C\u00f3digo Civil, se entender\u00e1n incluidos en el concepto de fuerza mayor, adem\u00e1s, y a los efectos de las presentes condiciones generales, todos aquellos acontecimientos acaecidos fuera del control de\u00a0<span class=\"Estilo2\"><strong>LABORATORIO ELECTROT\u00c9CNICO, S.C.C.L.<\/strong><\/span>, tales como: fallo de terceros, operadores o compa\u00f1\u00edas de servicios, actos de Gobierno, falta de acceso a redes de terceros, actos u omisiones de las autoridades p\u00fablicas, aquellos otros producidos como consecuencia de fen\u00f3menos naturales, apagones, etc y el ataque de Hackers o terceros especializados a la seguridad o integridad del sistema inform\u00e1tico, siempre que\u00a0<strong><span class=\"Estilo2\">LABORATORIO ELECTROT\u00c9CNICO, S.C.C.L.<\/span><\/strong>\u00a0haya adoptado todas las medidas de seguridad existentes de acuerdo con el estado de la t\u00e9cnica. En cualquier caso, sea cual fuere su causa,\u00a0<span class=\"Estilo2\"><strong>LABORATORIO ELECTROT\u00c9CNICO, S.C.C.L.<\/strong><\/span>\u00a0no asumir\u00e1 responsabilidad alguna ya sea por da\u00f1os directos o indirectos, da\u00f1o emergente y\/o por lucro cesante.\u00a0<span class=\"Estilo2\"><strong>LABORATORIO ELECTROT\u00c9CNICO, S.C.C.L.<\/strong><\/span>\u00a0tendr\u00e1 derecho, sin que exista indemnizaci\u00f3n alguna al Usuario por estos conceptos, a suspender temporalmente los servicios y Contenidos del Sitio web para efectuar operaciones de mantenimiento, mejora o reparaci\u00f3n de los mismos.\u00a0<br \/><br \/>En cuanto a las informaciones y contenidos incluidos en la p\u00e1gina web o a los que pudiera tenerse acceso como consecuencia de los links establecidos en la misma,\u00a0<span class=\"Estilo2\"><strong>LABORATORIO ELECTROT\u00c9CNICO, S.C.C.L.<\/strong><\/span>, no garantiza, en modo alguno, ni el acceso en un momento determinado a tales informaciones y contenidos, ni su exactitud, ni su actualidad o actualizaci\u00f3n, ni su idoneidad o utilidad para los fines del usuario, no haci\u00e9ndose responsable de los da\u00f1os y perjuicios de cualquier naturaleza que puedan deberse a la transmisi\u00f3n, difusi\u00f3n, almacenamiento, puesta a disposici\u00f3n, recepci\u00f3n, obtenci\u00f3n o acceso a los contenidos incluidos en la p\u00e1gina web o aquellas a las que se tenga acceso como consecuencia de los links establecidos en la misma.\u00a0<br \/><br \/>Igualmente,\u00a0<span class=\"Estilo2\"><strong>LABORATORIO ELECTROT\u00c9CNICO, S.C.C.L.<\/strong><\/span>\u00a0se exime de cualquier responsabilidad por los da\u00f1os y perjuicios de cualquier naturaleza que puedan deberse a la presencia de virus u otros elementos lesivos en la p\u00e1gina web, o p\u00e1ginas web a las que se pueda tener acceso a trav\u00e9s de los links establecidos en aqu\u00e9lla que puedan producir alteraciones en el sistema inform\u00e1tico, documentos electr\u00f3nicos o ficheros de los Usuarios.\u00a0<br \/><br \/>Con relaci\u00f3n a los servicios activos para los que sea preceptivo el registro,\u00a0<span class=\"Estilo2\">LABORATORIO ELECTROT\u00c9CNICO, S.C.C.L.\u00a0<\/span>podr\u00e1 extinguir las cuentas y eliminar los Contenidos e informaci\u00f3n de los Usuarios por razones de inactividad o inutilizaci\u00f3n de los mismos. En concreto,\u00a0LABORATORIO ELECTROT\u00c9CNICO, S.C.C.L.\u00a0podr\u00e1 extinguir las cuentas y eliminar los archivos si transcurren m\u00e1s de 6 meses desde la inscripci\u00f3n sin haber accedido al citado Contenido.\u00a0<br \/><br \/><span class=\"Estilo5\">MODIFICACI\u00d3N, SUSPENSI\u00d3N Y TERMINACI\u00d3N.-\u00a0<\/span><span class=\"Estilo2\">LABORATORIO ELECTROT\u00c9CNICO, S.C.C.L.<\/span>\u00a0se reserva el derecho a modificar unilateralmente, en cualquier momento y sin previo aviso, la presentaci\u00f3n, configuraci\u00f3n y contenidos del sitio web, as\u00ed como las condiciones requeridas para utilizar la p\u00e1gina web.\u00a0<br \/><br \/>Asimismo,\u00a0<span class=\"Estilo2\">LABORATORIO ELECTROT\u00c9CNICO, S.C.C.L.<\/span>\u00a0se reserva el derecho a suspender o poner fin, en cualquier momento y sin previo aviso, todo o parte de los servicios ofrecidos en la p\u00e1gina web.\u00a0<br \/><br \/><span class=\"Estilo5\">LEGISLACI\u00d3N Y JURISDICCI\u00d3N APLICABLE.-<\/span>\u00a0Las condiciones de acceso y utilizaci\u00f3n de la web\u00a0<span class=\"Estilo2\">www.lescop.com\u00a0<\/span>se rigen conforme a las disposiciones de la Ley 34\/2002, de 11 de julio, de Servicios de la Sociedad de la Informaci\u00f3n y de Comercio Electr\u00f3nico, as\u00ed como lo dispuesto en otras normas estatales o auton\u00f3micas anejas al \u00e1mbito normativo o que tengan como finalidad la protecci\u00f3n de la salud, la seguridad p\u00fablica, incluida la salvaguarda de la defensa nacional, los intereses del consumidor, el r\u00e9gimen tributario aplicable a los servicios de la Sociedad de la Informaci\u00f3n y la normativa reguladora de defensa de la competencia.<br \/><br \/>Las partes se someten expresamente a los Juzgados y Tribunales de la ciudad de Barcelona (Espa\u00f1a) para la resoluci\u00f3n de cualquier controversia judicial derivada de la interpretaci\u00f3n y\/o cumplimiento de estas Condiciones Generales, con renuncia expresa a cualquier otro fuero que les pudiera corresponder.\u00a0<br \/><span class=\"Estilo5\"><br \/>POL\u00cdTICA DE PRIVACIDAD Y PROTECCI\u00d3N DE DATOS.-<\/span>\u00a0En cumplimiento con lo dispuesto en la Ley Org\u00e1nica 15\/1999, de 13 de diciembre, de Protecci\u00f3n de Datos de Car\u00e1cter Personal (LOPD),\u00a0<span class=\"Estilo2\">LABORATORIO ELECTROT\u00c9CNICO, S.C.C.L.<\/span>\u00a0informa a los usuarios del presente sitio web que los datos personales facilitados van a pasar a formar parte de un fichero automatizado de datos de car\u00e1cter personal, cuya titularidad y responsabilidad corresponde a LABORATORIO ELECTROT\u00c9CNICO, S.C.C.L., siendo su finalidad poder atender y procesar adecuadamente las solicitudes de consulta remitidas, as\u00ed como poder informarle y transmitirle informaci\u00f3n de los servicios ofrecidos por\u00a0<span class=\"Estilo2\">LABORATORIO ELECTROT\u00c9CNICO, S.C.C.L.<\/span>. Con la remisi\u00f3n de sus datos, Ud. presta su consentimiento expreso para que\u00a0<span class=\"Estilo2\">LABORATORIO ELECTROT\u00c9CNICO, S.C.C.L.<\/span>\u00a0pueda llevar a cabo el tratamiento automatizado.<br \/><br \/>Sus datos personales son tratados con la m\u00e1xima confidencialidad, habiendo adoptado\u00a0<span class=\"Estilo2\">LABORATORIO ELECTROT\u00c9CNICO, S.C.C.L.<\/span>, como responsable del fichero, las medidas de orden t\u00e9cnico y organizativo necesarias para garantizar la confidencialidad y seguridad de los datos personales, evitando su alteraci\u00f3n, p\u00e9rdida, tratamiento o acceso no autorizado.\u00a0<br \/><br \/><span class=\"Estilo2\">LABORATORIO ELECTROT\u00c9CNICO, S.C.C.L.<\/span>\u00a0procede al archivo de los datos que los usuarios facilitan para realizar una consulta o remitir una solicitud, algunos de los cuales son necesarios para atender adecuadamente las mismas. El usuario es advertido, convenientemente, de la necesidad de facilitar dichos datos. Le informamos de que la direcci\u00f3n de correo electr\u00f3nico es utilizada para dar respuesta a su consulta, as\u00ed como poder transmitirle informaci\u00f3n de los servicios ofrecidos por\u00a0<span class=\"Estilo2\">LABORATORIO ELECTROT\u00c9CNICO, S.C.C.L.<\/span>\u00a0e informarle de cualesquiera otros cambios relevantes que se produzcan.\u00a0<br \/><br \/>Nuestra p\u00e1gina web no utiliza cookies ni otros medios t\u00e9cnicos que nos permitan identificar a usuarios en concreto ni conocer datos de su navegaci\u00f3n sin que el usuario sea consciente. Ello no obstante, es nuestro compromiso que cualquier cambio en la Pol\u00edtica de Privacidad a este respecto ser\u00e1 inmediatamente advertido, a trav\u00e9s del presente sitio web, incluyendo la oportuna rectificaci\u00f3n en este apartado.\u00a0<br \/><br \/><br \/>\u00a9Copyright 2004-2013,\u00a0<span class=\"Estilo2\">LABORATORIO ELECTROT\u00c9CNICO, S.C.C.L.<\/span><br \/>Todos los derechos reservados\u00a0<\/h4>\r\n","protected":false},"excerpt":{"rendered":"<p>En el presente Aviso Legal se establecen los contenidos referentes a la utilizaci\u00f3n de la web\u00a0www.lescop.com\u00a0propiedad de\u00a0LABORATORIO ELECTROT\u00c9CNICO, S.C.C.L., la cual queda a disposici\u00f3n de los usuarios de Internet.\u00a0 El sitio web\u00a0www.lescop.com\u00a0ha sido creado y es titularidad de\u00a0LABORATORIO ELECTROT\u00c9CNICO, S.C.C.L.. El domicilio social de LABORATORIO ELECTROT\u00c9CNICO, S.C.C.L. queda establecido, a los efectos del presente Aviso&hellip;<\/p>\n","protected":false},"author":4,"featured_media":0,"parent":0,"menu_order":1000,"comment_status":"closed","ping_status":"closed","template":"","meta":{"footnotes":""},"class_list":["post-2865","page","type-page","status-publish","hentry","description-off"],"_links":{"self":[{"href":"https:\/\/lescop.com\/fr\/wp-json\/wp\/v2\/pages\/2865","targetHints":{"allow":["GET"]}}],"collection":[{"href":"https:\/\/lescop.com\/fr\/wp-json\/wp\/v2\/pages"}],"about":[{"href":"https:\/\/lescop.com\/fr\/wp-json\/wp\/v2\/types\/page"}],"author":[{"embeddable":true,"href":"https:\/\/lescop.com\/fr\/wp-json\/wp\/v2\/users\/4"}],"replies":[{"embeddable":true,"href":"https:\/\/lescop.com\/fr\/wp-json\/wp\/v2\/comments?post=2865"}],"version-history":[{"count":1,"href":"https:\/\/lescop.com\/fr\/wp-json\/wp\/v2\/pages\/2865\/revisions"}],"predecessor-version":[{"id":2868,"href":"https:\/\/lescop.com\/fr\/wp-json\/wp\/v2\/pages\/2865\/revisions\/2868"}],"wp:attachment":[{"href":"https:\/\/lescop.com\/fr\/wp-json\/wp\/v2\/media?parent=2865"}],"curies":[{"name":"wp","href":"https:\/\/api.w.org\/{rel}","templated":true}]}}