{"id":2856,"date":"2019-08-02T10:24:01","date_gmt":"2019-08-02T08:24:01","guid":{"rendered":"https:\/\/lescop.panelserver.org\/politica-de-cookies\/"},"modified":"2019-08-28T12:14:05","modified_gmt":"2019-08-28T10:14:05","slug":"politique-de-cookies","status":"publish","type":"page","link":"https:\/\/lescop.com\/fr\/politique-de-cookies\/","title":{"rendered":"POLITIQUE DE COOKIES"},"content":{"rendered":"\r\n<p><span class=\"notranslate\"><strong>En ce qui concerne les cookies lors de la navigation.<\/strong><\/span>\u00a0<span class=\"notranslate\">Un cookie (ou cookie informatique) est une petite information envoy\u00e9e par un site Web et stock\u00e9e dans le navigateur de l&rsquo;utilisateur. Le site Web peut ainsi v\u00e9rifier l&rsquo;activit\u00e9 pr\u00e9c\u00e9dente de l&rsquo;utilisateur.<\/span><\/p>\r\n<p><span class=\"notranslate\"><strong>Ses fonctions principales sont les suivantes:<\/strong>\u00a0Garder une trace des utilisateurs: lorsqu&rsquo;un utilisateur entre son nom d&rsquo;utilisateur et son mot de passe, un cookie est stock\u00e9 afin qu&rsquo;il ne soit pas oblig\u00e9 de les saisir pour chaque page du serveur.<\/span>\u00a0<span class=\"notranslate\">Cependant, un cookie n&rsquo;identifie pas une seule personne, mais une combinaison ordinateur-navigateur-utilisateur.<\/span>\u00a0<span class=\"notranslate\">Obtenir des informations sur les habitudes de navigation de l&rsquo;utilisateur, entre autres.<\/span><\/p>\r\n<h4 class=\"wp-block-heading\">\u00a0<\/h4>\r\n<h4><span class=\"notranslate\">CE WEB UTILISE VOS BISCUITS<\/span><\/h4>\r\n<table>\r\n<tbody>\r\n<tr>\r\n<td width=\"210\"><span class=\"notranslate\"><strong>Type de\u00a0<em>cookie<\/em><\/strong><\/span><\/td>\r\n<td width=\"200\"><span class=\"notranslate\"><strong>But<\/strong><\/span><\/td>\r\n<td width=\"200\"><span class=\"notranslate\"><strong>Dur\u00e9e<\/strong><\/span><\/td>\r\n<\/tr>\r\n<tr>\r\n<td><span class=\"notranslate\"><strong>wordpress_<\/strong><\/span><\/td>\r\n<td><span class=\"notranslate\">Rappel de session<\/span><\/td>\r\n<td><span class=\"notranslate\">Session<\/span><\/td>\r\n<\/tr>\r\n<tr>\r\n<td><span class=\"notranslate\"><strong>wordpress_logged_in_<\/strong><\/span><\/td>\r\n<td><span class=\"notranslate\">Rappel de session<\/span><\/td>\r\n<td><span class=\"notranslate\">Session<\/span><\/td>\r\n<\/tr>\r\n<tr>\r\n<td><span class=\"notranslate\"><strong>wordpress_test_<\/strong><\/span><\/td>\r\n<td><span class=\"notranslate\">Rappel de session<\/span><\/td>\r\n<td><span class=\"notranslate\">Session<\/span><\/td>\r\n<\/tr>\r\n<tr>\r\n<td><span class=\"notranslate\"><strong>wordpress_test_cookie<\/strong><\/span><\/td>\r\n<td><span class=\"notranslate\">WordPress Test Cookies<\/span><\/td>\r\n<td><span class=\"notranslate\">Session<\/span><\/td>\r\n<\/tr>\r\n<tr>\r\n<td><span class=\"notranslate\"><strong>wp-settings- [UID]<\/strong><\/span><\/td>\r\n<td><span class=\"notranslate\">Il est utilis\u00e9 pour personnaliser l&rsquo;interface utilisateur.<\/span><\/td>\r\n<td><span class=\"notranslate\">1 ann\u00e9e<\/span><\/td>\r\n<\/tr>\r\n<tr>\r\n<td><span class=\"notranslate\"><strong>wp-settings-time- [UID]<\/strong><\/span><\/td>\r\n<td><span class=\"notranslate\">Stocke l&rsquo;apparence de l&rsquo;interface d&rsquo;administration et du site principal.<\/span><\/td>\r\n<td><span class=\"notranslate\">1 ann\u00e9e<\/span><\/td>\r\n<\/tr>\r\n<\/tbody>\r\n<\/table>\r\n<h4>\u00a0<\/h4>\r\n<h4><span class=\"notranslate\">COOKIES DE TIERCE PARTIE<\/span><\/h4>\r\n<table>\r\n<tbody>\r\n<tr>\r\n<td width=\"110\"><span class=\"notranslate\"><strong>Type de\u00a0<em>cookie<\/em><\/strong><\/span><\/td>\r\n<td width=\"100\"><span class=\"notranslate\"><strong>Entreprise<\/strong><\/span><\/td>\r\n<td width=\"200\"><span class=\"notranslate\"><strong>But<\/strong><\/span><\/td>\r\n<td width=\"200\"><span class=\"notranslate\"><strong>Plus d&rsquo;informations<\/strong><\/span><\/td>\r\n<\/tr>\r\n<tr>\r\n<td><span class=\"notranslate\"><strong>_utma<\/strong><\/span>\u00a0<strong><br \/><\/strong><span class=\"notranslate\"><strong>_utmb<\/strong><\/span>\u00a0<strong><br \/><\/strong><span class=\"notranslate\"><strong>_utmc<\/strong><\/span>\u00a0<strong><br \/><\/strong><span class=\"notranslate\"><strong>_utmz<\/strong><\/span><\/td>\r\n<td><span class=\"notranslate\"><strong>Google<\/strong><\/span><\/td>\r\n<td><span class=\"notranslate\">Navigation anonyme qui vous permet de savoir ce qui est consult\u00e9 et comment naviguer<\/span><\/td>\r\n<td><span class=\"notranslate\">http:\/\/www.google.es\/intl\/es\/analytics\/privacyoverview.html<\/span><\/td>\r\n<\/tr>\r\n<\/tbody>\r\n<\/table>\r\n<h4>\u00a0<\/h4>\r\n<h4><span class=\"notranslate\">G\u00c9RER LES COOKIES<\/span><\/h4>\r\n<p><span class=\"notranslate\"><strong>Vous pouvez autoriser, bloquer ou supprimer les cookies install\u00e9s sur votre ordinateur<\/strong>\u00a0en configurant les options du navigateur sur votre ordinateur.<\/span>\u00a0<span class=\"notranslate\">Si vous n&rsquo;\u00eates pas s\u00fbr du type et de la version du navigateur que vous utilisez pour acc\u00e9der \u00e0 Internet: Pour Windows: cliquez sur \u00ab\u00a0Aide\u00a0\u00bb en haut de la fen\u00eatre de votre navigateur et s\u00e9lectionnez l&rsquo;option \u00ab\u00a0\u00c0 propos de\u00a0\u00bb.<\/span>\u00a0<span class=\"notranslate\">Pour Mac: avec la vente du navigateur ouverte, cliquez sur le menu Pomme et s\u00e9lectionnez l&rsquo;option \u00ab\u00a0Enveloppe &#8230;\u00a0\u00bb.<\/span><\/p>\r\n<h4>\u00a0<\/h4>\r\n<h4><span class=\"notranslate\">COMMENT G\u00c9RER LES COOKIES SOUS WINDOWS?<\/span><\/h4>\r\n<h5><span class=\"notranslate\"><strong>Google Chrome<\/strong><\/span><\/h5>\r\n<p><span class=\"notranslate\">Cliquez sur le menu Chrome dans la barre d&rsquo;outils du navigateur.<\/span>\u00a0<span class=\"notranslate\">S\u00e9lectionnez \u00a0\u00bb\u00a0<strong>Param\u00e8tres<\/strong>\u00a0\u00ab\u00a0.<\/span>\u00a0<span class=\"notranslate\">Cliquez sur \u00a0\u00bb\u00a0<strong>Afficher les options avanc\u00e9es<\/strong>\u00a0&#8230;\u00a0\u00bb Dans la section \u00a0\u00bb\u00a0<strong>Confidentialit\u00e9<\/strong>\u00a0\u00ab\u00a0, cliquez sur le bouton \u00a0\u00bb\u00a0<strong>Param\u00e8tres de contenu<\/strong>\u00a0&#8230;\u00a0\u00bb.<\/span>\u00a0<span class=\"notranslate\">Dans la section \u00a0\u00bb\u00a0<strong>Cookies<\/strong>\u00a0\u00ab\u00a0, vous pouvez configurer les options suivantes: Supprimer les cookies, bloquer ou autoriser les cookies par d\u00e9faut, inclure des exceptions aux cookies de domaines ou de sites Web sp\u00e9cifiques.<\/span>\u00a0<span class=\"notranslate\">Pour plus de d\u00e9tails, consultez l&rsquo;aide de\u00a0<strong>Google Chrome<\/strong>\u00a0.<\/span><\/p>\r\n<h5><span class=\"notranslate\"><strong>Microsoft Internet Explorer 7.0 et 8.0<\/strong><\/span><\/h5>\r\n<p><span class=\"notranslate\">Cliquez sur le bouton \u00a0\u00bb\u00a0<strong>Outils<\/strong>\u00a0\u00a0\u00bb puis sur \u00a0\u00bb\u00a0<strong>Options Internet<\/strong>\u00a0\u00ab\u00a0.<\/span>\u00a0<span class=\"notranslate\">Cliquez sur l&rsquo;onglet \u00a0\u00bb\u00a0<strong>Confidentialit\u00e9<\/strong>\u00a0\u00ab\u00a0, puis d\u00e9placez le curseur vers une position interm\u00e9diaire entre les extr\u00e9mit\u00e9s sup\u00e9rieure et inf\u00e9rieure, de sorte que tous les cookies ne soient ni bloqu\u00e9s ni autoris\u00e9s.<\/span>\u00a0<span class=\"notranslate\">Cliquez sur \u00ab\u00a0<strong>Lieux<\/strong>\u00a0\u00bb.<\/span>\u00a0<span class=\"notranslate\">Dans la zone \u00a0\u00bb\u00a0<strong>Adresse du site Web<\/strong>\u00a0\u00ab\u00a0, tapez l&rsquo;adresse d&rsquo;un site Web, puis cliquez sur \u00a0\u00bb\u00a0<strong>Bloquer<\/strong>\u00a0\u00a0\u00bb ou \u00a0\u00bb\u00a0<strong>Autoriser<\/strong>\u00a0\u00ab\u00a0.<\/span>\u00a0<span class=\"notranslate\">Au fur et \u00e0 mesure que vous tapez, une liste des pages Web que vous avez d\u00e9j\u00e0 visit\u00e9es appara\u00eetra.<\/span>\u00a0<span class=\"notranslate\">Si vous cliquez sur un \u00e9l\u00e9ment de la liste, celui-ci sera affich\u00e9 dans la zone Adresse du site Web.<\/span>\u00a0<span class=\"notranslate\">Lorsque vous avez termin\u00e9, cliquez sur \u00a0\u00bb\u00a0<strong>OK<\/strong>\u00a0\u00ab\u00a0.<\/span>\u00a0<span class=\"notranslate\">Remettez le curseur \u00e0 sa position initiale et cliquez sur \u00a0\u00bb\u00a0<strong>OK<\/strong>\u00a0\u00ab\u00a0.<\/span>\u00a0<span class=\"notranslate\">Vous pouvez consulter l&rsquo;aide de Windows pour plus d&rsquo;informations.<\/span><\/p>\r\n<h5><span class=\"notranslate\"><strong>Mozilla Firefox<\/strong><\/span><\/h5>\r\n<p><span class=\"notranslate\">Cliquez sur le bouton \u00a0\u00bb\u00a0<strong>Outils<\/strong>\u00a0\u00a0\u00bb puis sur \u00a0\u00bb\u00a0<strong>Options Internet<\/strong>\u00a0\u00ab\u00a0.<\/span>\u00a0<span class=\"notranslate\">Cliquez sur l&rsquo;onglet \u00a0\u00bb\u00a0<strong>Confidentialit\u00e9<\/strong>\u00a0\u00ab\u00a0, puis d\u00e9placez le curseur vers une position interm\u00e9diaire entre les extr\u00e9mit\u00e9s sup\u00e9rieure et inf\u00e9rieure, de sorte que tous les cookies ne soient ni bloqu\u00e9s ni autoris\u00e9s.<\/span>\u00a0<span class=\"notranslate\">Cliquez sur \u00ab\u00a0<strong>Lieux<\/strong>\u00a0\u00bb.<\/span>\u00a0<span class=\"notranslate\">Dans la zone \u00a0\u00bb\u00a0<strong>Adresse du site que nous<\/strong>\u00a0b\u00a0\u00bb, tapez l&rsquo;adresse d&rsquo;un site Web, puis cliquez sur \u00a0\u00bb\u00a0<strong>Bloquer<\/strong>\u00a0\u00a0\u00bb ou \u00a0\u00bb\u00a0<strong>Autoriser<\/strong>\u00a0\u00ab\u00a0.<\/span>\u00a0<span class=\"notranslate\">Au fur et \u00e0 mesure que vous tapez, une liste des pages Web que vous avez d\u00e9j\u00e0 visit\u00e9es appara\u00eetra.<\/span>\u00a0<span class=\"notranslate\">Si vous cliquez sur un \u00e9l\u00e9ment de la liste, celui-ci sera affich\u00e9 dans la zone Adresse du site Web.<\/span>\u00a0<span class=\"notranslate\">Lorsque vous avez termin\u00e9, cliquez sur \u00a0\u00bb\u00a0<strong>OK<\/strong>\u00a0\u00ab\u00a0.<\/span>\u00a0<span class=\"notranslate\">Remettez le curseur \u00e0 sa position initiale et cliquez sur \u00a0\u00bb\u00a0<strong>OK<\/strong>\u00a0\u00ab\u00a0.<\/span>\u00a0<span class=\"notranslate\">Vous pouvez consulter l&rsquo;aide de Windows pour plus d&rsquo;informations.<\/span><\/p>\r\n<h5><span class=\"notranslate\"><strong>Safari<\/strong><\/span><\/h5>\r\n<p><span class=\"notranslate\">Cliquez sur \u00a0\u00bb\u00a0<strong>Safari<\/strong>\u00a0\u00a0\u00bb en haut de la fen\u00eatre de votre navigateur et s\u00e9lectionnez l&rsquo;option \u00a0\u00bb\u00a0<strong>Pr\u00e9f\u00e9rences<\/strong>\u00a0\u00ab\u00a0.<\/span>\u00a0<span class=\"notranslate\">Cliquez sur \u00ab\u00a0<strong>Confidentialit\u00e9<\/strong>\u00a0\u00bb.<\/span>\u00a0<span class=\"notranslate\">Dans la section \u00a0\u00bb\u00a0<strong>Bloquer les cookies<\/strong>\u00ab\u00a0, s\u00e9lectionnez l&rsquo;une des options suivantes qui vous int\u00e9ressent: \u00a0\u00bb\u00a0<strong>Publicit\u00e9 et tiers<\/strong>\u00a0\u00ab\u00a0, \u00a0\u00bb\u00a0<strong>Toujours<\/strong>\u00a0\u00a0\u00bb ou \u00a0\u00bb\u00a0<strong>Jamais<\/strong>\u00a0\u00ab\u00a0.<\/span><\/p>\r\n<h5><span class=\"notranslate\"><strong>Op\u00e9ra<\/strong><\/span><\/h5>\r\n<p><span class=\"notranslate\">Cliquez sur \u00a0\u00bb\u00a0<strong>Param\u00e8tres<\/strong>\u00a0\u00a0\u00bb en haut de la fen\u00eatre du navigateur et s\u00e9lectionnez \u00a0\u00bb\u00a0<strong>Options<\/strong>\u00a0\u00ab\u00a0.<\/span>\u00a0<span class=\"notranslate\">Ensuite, s\u00e9lectionnez l&rsquo;onglet \u00ab\u00a0<strong>Avanc\u00e9<\/strong>\u00a0\u00bb et dans la liste de gauche, s\u00e9lectionnez \u00ab\u00a0<strong>Cookies<\/strong>\u00a0\u00ab.<\/span>\u00a0<span class=\"notranslate\">Puis s\u00e9lectionnez \u00ab\u00a0<strong>Accepter les cookies<\/strong>\u00a0\u00bb.<\/span>\u00a0<span class=\"notranslate\">Vous avez trois options selon vos pr\u00e9f\u00e9rences: \u00ab\u00a0<strong>Accepter les cookies<\/strong>\u00a0\u00bb.<\/span><\/p>\r\n","protected":false},"excerpt":{"rendered":"<p>En ce qui concerne les cookies lors de la navigation.\u00a0Un cookie (ou cookie informatique) est une petite information envoy\u00e9e par un site Web et stock\u00e9e dans le navigateur de l&rsquo;utilisateur. Le site Web peut ainsi v\u00e9rifier l&rsquo;activit\u00e9 pr\u00e9c\u00e9dente de l&rsquo;utilisateur. Ses fonctions principales sont les suivantes:\u00a0Garder une trace des utilisateurs: lorsqu&rsquo;un utilisateur entre son nom&hellip;<\/p>\n","protected":false},"author":4,"featured_media":0,"parent":0,"menu_order":1200,"comment_status":"closed","ping_status":"closed","template":"","meta":{"footnotes":""},"class_list":["post-2856","page","type-page","status-publish","hentry","description-off"],"_links":{"self":[{"href":"https:\/\/lescop.com\/fr\/wp-json\/wp\/v2\/pages\/2856","targetHints":{"allow":["GET"]}}],"collection":[{"href":"https:\/\/lescop.com\/fr\/wp-json\/wp\/v2\/pages"}],"about":[{"href":"https:\/\/lescop.com\/fr\/wp-json\/wp\/v2\/types\/page"}],"author":[{"embeddable":true,"href":"https:\/\/lescop.com\/fr\/wp-json\/wp\/v2\/users\/4"}],"replies":[{"embeddable":true,"href":"https:\/\/lescop.com\/fr\/wp-json\/wp\/v2\/comments?post=2856"}],"version-history":[{"count":6,"href":"https:\/\/lescop.com\/fr\/wp-json\/wp\/v2\/pages\/2856\/revisions"}],"predecessor-version":[{"id":3098,"href":"https:\/\/lescop.com\/fr\/wp-json\/wp\/v2\/pages\/2856\/revisions\/3098"}],"wp:attachment":[{"href":"https:\/\/lescop.com\/fr\/wp-json\/wp\/v2\/media?parent=2856"}],"curies":[{"name":"wp","href":"https:\/\/api.w.org\/{rel}","templated":true}]}}