{"id":2811,"date":"2017-10-27T13:02:22","date_gmt":"2017-10-27T12:02:22","guid":{"rendered":"https:\/\/lescop.panelserver.org\/home\/"},"modified":"2020-02-19T08:36:40","modified_gmt":"2020-02-19T07:36:40","slug":"inicio","status":"publish","type":"page","link":"https:\/\/lescop.com\/fr\/","title":{"rendered":"Home"},"content":{"rendered":"<div class=\"wpb-content-wrapper\"><p>[vc_row equal_height=\u00a0\u00bbyes\u00a0\u00bb css=\u00a0\u00bb.vc_custom_1512322712693{padding-top: 80px !important;padding-bottom: 50px !important;}\u00a0\u00bb][vc_column offset=\u00a0\u00bbvc_col-lg-offset-2 vc_col-lg-8 vc_col-md-offset-1 vc_col-md-10 vc_col-sm-offset-0&Prime;]<div id=\"ultimate-heading-996769dd71d749e5d\" class=\"uvc-heading ult-adjust-bottom-margin ultimate-heading-996769dd71d749e5d uvc-4085 \" data-hspacer=\"line_with_icon\" data-hline_width=\"150\" data-hicon_type=\"selector\" data-hborder_style=\"solid\" data-hborder_height=\"3\" data-hborder_color=\"#0071b1\" data-icon_width=\"18\" data-hfixer=\"10\"  data-halign=\"center\" style=\"text-align:center\"><div class=\"uvc-main-heading ult-responsive\"  data-ultimate-target='.uvc-heading.ultimate-heading-996769dd71d749e5d h2'  data-responsive-json-new='{\"font-size\":\"desktop:40px;mobile_landscape:30px;\",\"line-height\":\"desktop:50px;mobile_landscape:40px;\"}' ><h2 style=\"font-weight:bold;\">NOS PRODUITS<\/h2><\/div><div class=\"uvc-heading-spacer line_with_icon\" style=\"margin-bottom:30px;height:18px;\"><div class=\"ult-just-icon-wrapper  \"><div class=\"align-icon\" style=\"text-align:center;\">\n<div class=\"aio-icon none \"  style=\"color:#0071b1;font-size:18px;display:inline-block;\">\n\t<i class=\"icomoon-font-awesome-14x14-chevron-down\"><\/i>\n<\/div><\/div><\/div><\/div><\/div>[\/vc_column][vc_column css=\u00a0\u00bb.vc_custom_1512326537201{padding-bottom: 50px !important;}\u00a0\u00bb][vc_empty_space height=\u00a0\u00bb20px\u00a0\u00bb][vc_row_inner][vc_column_inner width=\u00a0\u00bb1\/3&Prime;]<style type=\"text\/css\" data-type=\"the7_shortcodes-inline-css\">.shortcode-single-image-wrap.shortcode-single-image-6042f7df5e8a9f84ee009bf98397f9ea.enable-bg-rollover .rollover i,\n.shortcode-single-image-wrap.shortcode-single-image-6042f7df5e8a9f84ee009bf98397f9ea.enable-bg-rollover .rollover-video i {\n  background: -webkit-linear-gradient();\n  background: linear-gradient();\n}\n.shortcode-single-image-wrap.shortcode-single-image-6042f7df5e8a9f84ee009bf98397f9ea .rollover-icon {\n  font-size: 32px;\n  color: #ffffff;\n  min-width: 44px;\n  min-height: 44px;\n  line-height: 44px;\n  border-radius: 100px;\n  border-style: solid;\n  border-width: 0px;\n}\n.dt-icon-bg-on.shortcode-single-image-wrap.shortcode-single-image-6042f7df5e8a9f84ee009bf98397f9ea .rollover-icon {\n  background: rgba(255,255,255,0.3);\n  box-shadow: none;\n}\n<\/style><div class=\"shortcode-single-image-wrap shortcode-single-image-6042f7df5e8a9f84ee009bf98397f9ea alignnone fadeInUp animate-element  enable-bg-rollover dt-icon-bg-off\" style=\"margin-top:0px; margin-bottom:0px; margin-left:0px; margin-right:0px; width:500px;\"><div class=\"shortcode-single-image\"><div class=\"fancy-media-wrap\" style=\"\"><a href=\"\/fr\/productos\/appareillage\/\" class=\" layzr-bg rollover\" style=\"\" aria-label=\"Image\"><img fetchpriority=\"high\" decoding=\"async\" class=\"preload-me lazy-load aspect\" src=\"data:image\/svg+xml,%3Csvg%20xmlns%3D&#39;http%3A%2F%2Fwww.w3.org%2F2000%2Fsvg&#39;%20viewBox%3D&#39;0%200%20500%20500&#39;%2F%3E\" data-src=\"https:\/\/lescop.com\/wp-content\/uploads\/2020\/01\/Menu-Trafos-2020-500x500.jpg\" data-srcset=\"https:\/\/lescop.com\/wp-content\/uploads\/2020\/01\/Menu-Trafos-2020-500x500.jpg 500w, https:\/\/lescop.com\/wp-content\/uploads\/2020\/01\/Menu-Trafos-2020-1000x1000.jpg 1000w\" loading=\"eager\" style=\"--ratio: 500 \/ 500\" sizes=\"(max-width: 500px) 100vw, 500px\" width=\"500\" height=\"500\"  data-dt-location=\"https:\/\/lescop.com\/fr\/inicio\/menu-trafos-2020\/\" alt=\"\" \/><\/a><\/div><\/div><\/div>[vc_empty_space height=\u00a0\u00bb20px\u00a0\u00bb][vc_column_text]<\/p>\n<h3 style=\"text-align: center;\">TRANSFORMATEURS<\/h3>\n<p>[\/vc_column_text][\/vc_column_inner][vc_column_inner width=\u00a0\u00bb1\/3&Prime;]<style type=\"text\/css\" data-type=\"the7_shortcodes-inline-css\">.shortcode-single-image-wrap.shortcode-single-image-13da92c494b06b9d707491482ecef3e9.enable-bg-rollover .rollover i,\n.shortcode-single-image-wrap.shortcode-single-image-13da92c494b06b9d707491482ecef3e9.enable-bg-rollover .rollover-video i {\n  background: -webkit-linear-gradient();\n  background: linear-gradient();\n}\n.shortcode-single-image-wrap.shortcode-single-image-13da92c494b06b9d707491482ecef3e9 .rollover-icon {\n  font-size: 32px;\n  color: #ffffff;\n  min-width: 44px;\n  min-height: 44px;\n  line-height: 44px;\n  border-radius: 100px;\n  border-style: solid;\n  border-width: 0px;\n}\n.dt-icon-bg-on.shortcode-single-image-wrap.shortcode-single-image-13da92c494b06b9d707491482ecef3e9 .rollover-icon {\n  background: rgba(255,255,255,0.3);\n  box-shadow: none;\n}\n<\/style><div class=\"shortcode-single-image-wrap shortcode-single-image-13da92c494b06b9d707491482ecef3e9 alignnone fadeInUp animate-element  enable-bg-rollover dt-icon-bg-off\" style=\"margin-top:0px; margin-bottom:0px; margin-left:0px; margin-right:0px; width:500px;\"><div class=\"shortcode-single-image\"><div class=\"fancy-media-wrap\" style=\"\"><a href=\"\/fr\/productos\/transformateurs\/\" class=\" layzr-bg rollover\" style=\"\" aria-label=\"Image\"><img decoding=\"async\" class=\"preload-me lazy-load aspect\" src=\"data:image\/svg+xml,%3Csvg%20xmlns%3D&#39;http%3A%2F%2Fwww.w3.org%2F2000%2Fsvg&#39;%20viewBox%3D&#39;0%200%20500%20500&#39;%2F%3E\" data-src=\"https:\/\/lescop.com\/wp-content\/uploads\/2020\/01\/Menu-Aparellaje-500x500.jpg\" data-srcset=\"https:\/\/lescop.com\/wp-content\/uploads\/2020\/01\/Menu-Aparellaje-500x500.jpg 500w, https:\/\/lescop.com\/wp-content\/uploads\/2020\/01\/Menu-Aparellaje-1000x1000.jpg 1000w\" loading=\"eager\" style=\"--ratio: 500 \/ 500\" sizes=\"(max-width: 500px) 100vw, 500px\" width=\"500\" height=\"500\"  data-dt-location=\"https:\/\/lescop.com\/fr\/menu-aparellaje\/\" alt=\"\" \/><\/a><\/div><\/div><\/div>[vc_empty_space height=\u00a0\u00bb20px\u00a0\u00bb][vc_column_text]<\/p>\n<h3 style=\"text-align: center;\">APPAREILLAGE<\/h3>\n<p>[\/vc_column_text][\/vc_column_inner][vc_column_inner width=\u00a0\u00bb1\/3&Prime;]<style type=\"text\/css\" data-type=\"the7_shortcodes-inline-css\">.shortcode-single-image-wrap.shortcode-single-image-51d0f51bcb6f90c1fe630e35f0c153c5.enable-bg-rollover .rollover i,\n.shortcode-single-image-wrap.shortcode-single-image-51d0f51bcb6f90c1fe630e35f0c153c5.enable-bg-rollover .rollover-video i {\n  background: -webkit-linear-gradient();\n  background: linear-gradient();\n}\n.shortcode-single-image-wrap.shortcode-single-image-51d0f51bcb6f90c1fe630e35f0c153c5 .rollover-icon {\n  font-size: 32px;\n  color: #ffffff;\n  min-width: 44px;\n  min-height: 44px;\n  line-height: 44px;\n  border-radius: 100px;\n  border-style: solid;\n  border-width: 0px;\n}\n.dt-icon-bg-on.shortcode-single-image-wrap.shortcode-single-image-51d0f51bcb6f90c1fe630e35f0c153c5 .rollover-icon {\n  background: rgba(255,255,255,0.3);\n  box-shadow: none;\n}\n<\/style><div class=\"shortcode-single-image-wrap shortcode-single-image-51d0f51bcb6f90c1fe630e35f0c153c5 alignnone fadeInUp animate-element  enable-bg-rollover dt-icon-bg-off\" style=\"margin-top:0px; margin-bottom:0px; margin-left:0px; margin-right:0px; width:500px;\"><div class=\"shortcode-single-image\"><div class=\"fancy-media-wrap\" style=\"\"><a href=\"\/fr\/productos\/dautres-produits\/\" class=\" layzr-bg rollover\" style=\"\" aria-label=\"Image\"><img decoding=\"async\" class=\"preload-me lazy-load aspect\" src=\"data:image\/svg+xml,%3Csvg%20xmlns%3D&#39;http%3A%2F%2Fwww.w3.org%2F2000%2Fsvg&#39;%20viewBox%3D&#39;0%200%20500%20500&#39;%2F%3E\" data-src=\"https:\/\/lescop.com\/wp-content\/uploads\/2019\/12\/Pasamuros-500x500.jpg\" data-srcset=\"https:\/\/lescop.com\/wp-content\/uploads\/2019\/12\/Pasamuros-500x500.jpg 500w, https:\/\/lescop.com\/wp-content\/uploads\/2019\/12\/Pasamuros-1000x1000.jpg 1000w\" loading=\"eager\" style=\"--ratio: 500 \/ 500\" sizes=\"(max-width: 500px) 100vw, 500px\" width=\"500\" height=\"500\"  data-dt-location=\"https:\/\/lescop.com\/fr\/pasamuros\/\" alt=\"\" \/><\/a><\/div><\/div><\/div>[vc_empty_space height=\u00a0\u00bb20px\u00a0\u00bb][vc_column_text]<\/p>\n<h3 style=\"text-align: center;\">AUTRES PRODUITS<\/h3>\n<p>[\/vc_column_text][\/vc_column_inner][\/vc_row_inner][\/vc_column][\/vc_row][vc_row full_width=\u00a0\u00bbstretch_row_content_no_spaces\u00a0\u00bb equal_height=\u00a0\u00bbyes\u00a0\u00bb bg_type=\u00a0\u00bbgrad\u00a0\u00bb bg_override=\u00a0\u00bbex-full\u00a0\u00bb bg_grad=\u00a0\u00bbbackground: -webkit-gradient(linear, left top, left bottom, color-stop(0%, #0C5D9A), color-stop(48%, #1B67A2), color-stop(100%, #3DB4EF));background: -moz-linear-gradient(left,#0C5D9A 0%,#1B67A2 48%,#3DB4EF 100%);background: -webkit-linear-gradient(left,#0C5D9A 0%,#1B67A2 48%,#3DB4EF 100%);background: -o-linear-gradient(left,#0C5D9A 0%,#1B67A2 48%,#3DB4EF 100%);background: -ms-linear-gradient(left,#0C5D9A 0%,#1B67A2 48%,#3DB4EF 100%);background: linear-gradient(left,#0C5D9A 0%,#1B67A2 48%,#3DB4EF 100%);\u00a0\u00bb][vc_column width=\u00a0\u00bb1\/2&Prime; css=\u00a0\u00bb.vc_custom_1564762250914{padding-top: 150px !important;padding-bottom: 150px !important;background-image: url(https:\/\/lescop.com\/wp-content\/uploads\/2019\/08\/slider-04-subestacion-electrica.jpg?id=2070) !important;background-position: center !important;background-repeat: no-repeat !important;background-size: cover !important;}\u00a0\u00bb][\/vc_column][vc_column width=\u00a0\u00bb1\/2&Prime; offset=\u00a0\u00bbvc_col-lg-offset-0 vc_col-lg-6 vc_col-md-offset-0 vc_col-md-6 vc_col-sm-offset-0&Prime; css=\u00a0\u00bb.vc_custom_1512555271891{padding-top: 85px !important;padding-bottom: 90px !important;}\u00a0\u00bb][vc_row_inner][vc_column_inner offset=\u00a0\u00bbvc_col-lg-offset-2 vc_col-lg-8 vc_col-md-offset-1 vc_col-md-10 vc_col-sm-offset-0&Prime;]<div id=\"ultimate-heading-62869dd71d74cbb7\" class=\"uvc-heading ult-adjust-bottom-margin ultimate-heading-62869dd71d74cbb7 uvc-8667 \" data-hspacer=\"line_with_icon\" data-hline_width=\"150\" data-hicon_type=\"selector\" data-hborder_style=\"solid\" data-hborder_height=\"3\" data-hborder_color=\"rgba(255,255,255,0.5)\" data-icon_width=\"18\" data-hfixer=\"10\"  data-halign=\"center\" style=\"text-align:center\"><div class=\"uvc-main-heading ult-responsive\"  data-ultimate-target='.uvc-heading.ultimate-heading-62869dd71d74cbb7 h2'  data-responsive-json-new='{\"font-size\":\"desktop:24px;\",\"line-height\":\"desktop:34px;\"}' ><h2 style=\"font-weight:bold;color:rgba(255,255,255,0.5);\">Demander des informations<\/h2><\/div><div class=\"uvc-heading-spacer line_with_icon\" style=\"margin-bottom:30px;height:18px;\"><div class=\"ult-just-icon-wrapper  \"><div class=\"align-icon\" style=\"text-align:center;\">\n<div class=\"aio-icon none \"  style=\"color:rgba(255,255,255,0.5);font-size:18px;display:inline-block;\">\n\t<i class=\"icomoon-font-awesome-14x14-chevron-down\"><\/i>\n<\/div><\/div><\/div><\/div><div class=\"uvc-sub-heading ult-responsive\"  data-ultimate-target='.uvc-heading.ultimate-heading-62869dd71d74cbb7 .uvc-sub-heading '  data-responsive-json-new='{\"font-size\":\"desktop:42px;tablet:32px;mobile_landscape:24px;\",\"line-height\":\"desktop:52px;tablet:42px;mobile_landscape:34px;\"}'  style=\"font-weight:bold;color:#ffffff;margin-bottom:40px;\"><span class=\"tlid-translation translation\" lang=\"fr\"><span class=\"\" title=\"\">Attention commerciale et budgets personnalis\u00e9s<\/span><\/span><\/div><\/div><div class=\" vc_custom_1582022634217 ubtn-ctn-center \"><a class=\"ubtn-link ult-adjust-bottom-margin ubtn-center ubtn-custom \" href=\"http:\/\/lescop.com\/fr\/contact\/\" title=\"Contacto\" ><button type=\"button\" id=\"ubtn-8705\"  class=\"ubtn ult-adjust-bottom-margin ult-responsive ubtn-custom ubtn-no-hover-bg  none  ubtn-center   tooltip-69dd71d74cc0b\"  data-hover=\"#3db3ef\" data-border-color=\"rgba(255,255,255,0.5)\" data-bg=\"\" data-hover-bg=\"#ffffff\" data-border-hover=\"#ffffff\" data-shadow-hover=\"\" data-shadow-click=\"none\" data-shadow=\"\" data-shd-shadow=\"\"  data-ultimate-target='#ubtn-8705'  data-responsive-json-new='{\"font-size\":\"desktop:24px;tablet:20px;mobile_landscape:18px;\",\"line-height\":\"desktop:24px;tablet:20px;mobile_landscape:18px;\"}'  style=\"font-weight:bold;width:500px;min-height:70px;padding:10px 30px;border-radius:0px;border-width:3px;border-color:rgba(255,255,255,0.5);border-style:solid;color: #ffffff;\"><span class=\"ubtn-hover\" style=\"background-color:#ffffff\"><\/span><span class=\"ubtn-data ubtn-text \" >CONTACTER<\/span><\/button><\/a><\/div>[\/vc_column_inner][\/vc_row_inner][\/vc_column][\/vc_row][vc_row css=\u00a0\u00bb.vc_custom_1509351079558{padding-top: 80px !important;padding-bottom: 100px !important;}\u00a0\u00bb el_id=\u00a0\u00bbabout\u00a0\u00bb][vc_column][vc_row_inner content_placement=\u00a0\u00bbmiddle\u00a0\u00bb][vc_column_inner css=\u00a0\u00bb.vc_custom_1509566445127{padding-bottom: 50px !important;}\u00a0\u00bb offset=\u00a0\u00bbvc_col-lg-6 vc_col-md-6&Prime;]<div id=\"ultimate-heading-750869dd71d74cce2\" class=\"uvc-heading ult-adjust-bottom-margin ultimate-heading-750869dd71d74cce2 uvc-3065 \" data-hspacer=\"line_with_icon\" data-hline_width=\"150\" data-hicon_type=\"selector\" data-hborder_style=\"solid\" data-hborder_height=\"3\" data-hborder_color=\"#0071b1\" data-icon_width=\"18\" data-hfixer=\"10\"  data-halign=\"center\" style=\"text-align:center\"><div class=\"uvc-main-heading ult-responsive\"  data-ultimate-target='.uvc-heading.ultimate-heading-750869dd71d74cce2 h2'  data-responsive-json-new='{\"font-size\":\"desktop:40px;mobile_landscape:30px;\",\"line-height\":\"desktop:50px;mobile_landscape:40px;\"}' ><h2 style=\"font-weight:bold;\">Laboratorio Electrot\u00e9cnico<\/h2><\/div><div class=\"uvc-heading-spacer line_with_icon\" style=\"margin-bottom:30px;height:18px;\"><div class=\"ult-just-icon-wrapper  \"><div class=\"align-icon\" style=\"text-align:center;\">\n<div class=\"aio-icon none \"  style=\"color:#0071b1;font-size:18px;display:inline-block;\">\n\t<i class=\"icomoon-font-awesome-14x14-chevron-down\"><\/i>\n<\/div><\/div><\/div><\/div><\/div>[vc_column_text]<span class=\"tlid-translation translation\" lang=\"fr\"><span title=\"\">Nous fabriquons des <strong>transformateurs de mesure et de protection<\/strong> et des <strong>interrupteurs \/ sectionneurs moyenne tension<\/strong>.<\/span><\/span><\/p>\n<p><span class=\"tlid-translation translation\" lang=\"fr\"><span class=\"\" title=\"\">Tous nos produits pour le secteur \u00e9lectrique sont fabriqu\u00e9s selon les normes de qualit\u00e9 les plus \u00e9lev\u00e9es et dans le plus grand respect de l&rsquo;environnement.<\/span><\/span><\/p>\n<p>&nbsp;<\/p>\n<ul>\n<li><strong><a href=\"https:\/\/lescop.com\/wp-content\/uploads\/2020\/02\/1704-cert-Q-ing.pdf\" target=\"_blank\" rel=\"noopener noreferrer\">UNE-EN ISO 14001:2015<\/a><\/strong><\/li>\n<li><strong><a href=\"https:\/\/lescop.com\/wp-content\/uploads\/2020\/02\/1704-cert-MA-ing.pdf\" target=\"_blank\" rel=\"noopener noreferrer\">UNE-EN ISO 9001:2015<\/a><\/strong><\/li>\n<li><strong><a href=\"https:\/\/lescop.com\/wp-content\/uploads\/2020\/02\/RePro-2019_en.pdf\" target=\"_blank\" rel=\"noopener noreferrer\">Repro 2019<\/a><\/strong><\/li>\n<\/ul>\n<p>[\/vc_column_text]<style type=\"text\/css\" data-type=\"the7_shortcodes-inline-css\">#default-btn-ccc0096c30d7d36888cb1e563673c896.ico-right-side > i {\n  margin-right: 0px;\n  margin-left: 8px;\n}\n#default-btn-ccc0096c30d7d36888cb1e563673c896 > i {\n  margin-right: 8px;\n}\n<\/style><div class=\"btn-align-center\"><a href=\"\/fr\/notre-enterprise\/\" class=\"default-btn-shortcode dt-btn dt-btn-m link-hover-off  vc_custom_1580837012959\" id=\"default-btn-ccc0096c30d7d36888cb1e563673c896\" style=\"width:180px;\"><span>La empresa<\/span><\/a><\/div>[\/vc_column_inner][vc_column_inner css=\u00a0\u00bb.vc_custom_1509566455479{padding-bottom: 50px !important;}\u00a0\u00bb offset=\u00a0\u00bbvc_col-lg-6 vc_col-md-6&Prime;]<style type=\"text\/css\" data-type=\"the7_shortcodes-inline-css\">.shortcode-single-image-wrap.shortcode-single-image-b9a40b7b3407434c65454fe4be8f5a71.enable-bg-rollover .rollover i,\n.shortcode-single-image-wrap.shortcode-single-image-b9a40b7b3407434c65454fe4be8f5a71.enable-bg-rollover .rollover-video i {\n  background: -webkit-linear-gradient();\n  background: linear-gradient();\n}\n.shortcode-single-image-wrap.shortcode-single-image-b9a40b7b3407434c65454fe4be8f5a71 .rollover-icon {\n  font-size: 32px;\n  color: #ffffff;\n  min-width: 44px;\n  min-height: 44px;\n  line-height: 44px;\n  border-radius: 100px;\n  border-style: solid;\n  border-width: 0px;\n}\n.dt-icon-bg-on.shortcode-single-image-wrap.shortcode-single-image-b9a40b7b3407434c65454fe4be8f5a71 .rollover-icon {\n  background: rgba(255,255,255,0.3);\n  box-shadow: none;\n}\n<\/style><div class=\"shortcode-single-image-wrap shortcode-single-image-b9a40b7b3407434c65454fe4be8f5a71 alignnone  vc_custom_1564762224557 enable-bg-rollover dt-icon-bg-off\" ><div class=\"shortcode-single-image\"><div class=\"fancy-media-wrap  layzr-bg\" style=\"\"><img decoding=\"async\" class=\"preload-me lazy-load aspect\" src=\"data:image\/svg+xml,%3Csvg%20xmlns%3D&#39;http%3A%2F%2Fwww.w3.org%2F2000%2Fsvg&#39;%20viewBox%3D&#39;0%200%201000%20600&#39;%2F%3E\" data-src=\"https:\/\/lescop.com\/wp-content\/uploads\/2019\/08\/slider-01-subestacion-electrica-1000x600.jpg\" data-srcset=\"https:\/\/lescop.com\/wp-content\/uploads\/2019\/08\/slider-01-subestacion-electrica-1000x600.jpg 1000w, https:\/\/lescop.com\/wp-content\/uploads\/2019\/08\/slider-01-subestacion-electrica-1919x1152.jpg 1919w\" loading=\"eager\" sizes=\"(max-width: 1000px) 100vw, 1000px\" width=\"1000\" height=\"600\"  data-dt-location=\"https:\/\/lescop.com\/fr\/power-substation\/\" style=\"--ratio: 1000 \/ 600;\" alt=\"\" \/><\/div><\/div><\/div>[\/vc_column_inner][\/vc_row_inner][\/vc_column][\/vc_row][vc_row full_width=\u00a0\u00bbstretch_row\u00a0\u00bb bg_type=\u00a0\u00bbbg_color\u00a0\u00bb css=\u00a0\u00bb.vc_custom_1564762901601{padding-top: 80px !important;padding-bottom: 80px !important;}\u00a0\u00bb bg_color_value=\u00a0\u00bb#f7f7f7&Prime;][vc_column offset=\u00a0\u00bbvc_col-lg-offset-2 vc_col-lg-8 vc_col-md-offset-1 vc_col-md-10 vc_col-sm-offset-0&Prime;]<div id=\"ultimate-heading-975769dd71d74db44\" class=\"uvc-heading ult-adjust-bottom-margin ultimate-heading-975769dd71d74db44 uvc-4279 \" data-hspacer=\"line_with_icon\" data-hline_width=\"150\" data-hicon_type=\"selector\" data-hborder_style=\"solid\" data-hborder_height=\"3\" data-hborder_color=\"#0071b1\" data-icon_width=\"18\" data-hfixer=\"10\"  data-halign=\"center\" style=\"text-align:center\"><div class=\"uvc-main-heading ult-responsive\"  data-ultimate-target='.uvc-heading.ultimate-heading-975769dd71d74db44 h2'  data-responsive-json-new='{\"font-size\":\"desktop:40px;mobile_landscape:30px;\",\"line-height\":\"desktop:50px;mobile_landscape:40px;\"}' ><h2 style=\"font-weight:bold;\">Informations<\/h2><\/div><div class=\"uvc-heading-spacer line_with_icon\" style=\"margin-bottom:40px;height:18px;\"><div class=\"ult-just-icon-wrapper  \"><div class=\"align-icon\" style=\"text-align:center;\">\n<div class=\"aio-icon none \"  style=\"color:#0071b1;font-size:18px;display:inline-block;\">\n\t<i class=\"icomoon-font-awesome-14x14-chevron-down\"><\/i>\n<\/div><\/div><\/div><\/div><\/div>[\/vc_column][vc_column offset=\u00a0\u00bbvc_col-lg-offset-0 vc_col-lg-12 vc_col-md-offset-0 vc_col-md-12 vc_col-sm-offset-0&Prime;]<div class=\"dt-shortcode with-isotope\"><div class=\"wf-container dt-blog-shortcode loading-effect-move-up iso-grid description-under-image content-align-left\" data-padding=\"22px\" data-cur-page=\"1\" data-posts-per-page=\"-1\" data-width=\"370px\" data-columns=\"2\">\n<div class=\"wf-cell\" data-post-id=\"9595\" data-date=\"2026-02-10T11:00:15+01:00\" data-name=\"MATELEC 2026\">\n\t<article class=\"post post-9595 type-post status-publish format-standard has-post-thumbnail hentry category-non-classifiee category-15 description-off\">\n\n\t\t\n\t\t\t<div class=\"blog-media wf-td\">\n\n\t\t\t\t<p><a href=\"https:\/\/lescop.com\/fr\/matelec-2026\/\" class=\"alignnone rollover layzr-bg\" ><img decoding=\"async\" class=\"preload-me iso-lazy-load aspect\" src=\"data:image\/svg+xml,%3Csvg%20xmlns%3D&#39;http%3A%2F%2Fwww.w3.org%2F2000%2Fsvg&#39;%20viewBox%3D&#39;0%200%20555%20312&#39;%2F%3E\" data-src=\"https:\/\/lescop.com\/wp-content\/uploads\/2026\/02\/MATELEC-2026-MADRID-scaled-555x312.png\" data-srcset=\"https:\/\/lescop.com\/wp-content\/uploads\/2026\/02\/MATELEC-2026-MADRID-scaled-555x312.png 555w, https:\/\/lescop.com\/wp-content\/uploads\/2026\/02\/MATELEC-2026-MADRID-scaled-1110x624.png 1110w\" loading=\"eager\" style=\"--ratio: 555 \/ 312\" sizes=\"(max-width: 555px) 100vw, 555px\" alt=\"\" title=\"MATELEC 2026 MADRID\" width=\"555\" height=\"312\"  \/><\/a><\/p>\n\t\t\t<\/div>\n\n\t\t\n\t\t<div class=\"blog-content wf-td\">\n\t\t\t<h3 class=\"entry-title\"><a href=\"https:\/\/lescop.com\/fr\/matelec-2026\/\" title=\"MATELEC 2026\" rel=\"bookmark\">MATELEC 2026<\/a><\/h3>\n\n\t\t\t<div class=\"entry-meta\"><span class=\"category-link\"><a href=\"https:\/\/lescop.com\/fr\/category\/non-classifiee\/\" >Non classifi\u00e9(e)<\/a><\/span><a href=\"https:\/\/lescop.com\/fr\/2026\/02\/10\/\" title=\"11:00\" class=\"data-link\" rel=\"bookmark\"><time class=\"entry-date updated\" datetime=\"2026-02-10T11:00:15+01:00\">10\/02\/2026<\/time><\/a><\/div><p>Du 24 au 26 novembre 2026, l&rsquo;IFEMA Madrid accueillera une nouvelle \u00e9dition de MATELEC, le Salon International des Solutions pour l&rsquo;Industrie \u00c9lectrique et \u00c9lectronique. Cette ann\u00e9e, l&rsquo;\u00e9v\u00e9nement rev\u00eat une importance particuli\u00e8re en se tenant dans le cadre de la Semaine Internationale de l&rsquo;\u00c9lectrification. L&rsquo;accent sera mis sur la durabilit\u00e9 et l&rsquo;efficacit\u00e9 \u00e9nerg\u00e9tique. MATELEC r\u00e9unira les&hellip;<\/p>\n\n<a href=\"https:\/\/lescop.com\/fr\/matelec-2026\/\" class=\"details more-link\" aria-label=\"Read more about MATELEC 2026\">Details<\/a>\n\n\t\t<\/div>\n\n\t<\/article>\n\n<\/div>\n<div class=\"wf-cell\" data-post-id=\"9586\" data-date=\"2026-02-09T11:20:22+01:00\" data-name=\"HANNOVER MESSE 2026\">\n\t<article class=\"post post-9586 type-post status-publish format-standard has-post-thumbnail hentry category-non-classifiee category-15 description-off\">\n\n\t\t\n\t\t\t<div class=\"blog-media wf-td\">\n\n\t\t\t\t<p><a href=\"https:\/\/lescop.com\/fr\/hannover-messe-2026\/\" class=\"alignnone rollover layzr-bg\" ><img decoding=\"async\" class=\"preload-me iso-lazy-load aspect\" src=\"data:image\/svg+xml,%3Csvg%20xmlns%3D&#39;http%3A%2F%2Fwww.w3.org%2F2000%2Fsvg&#39;%20viewBox%3D&#39;0%200%20555%20312&#39;%2F%3E\" data-src=\"https:\/\/lescop.com\/wp-content\/uploads\/2026\/01\/2026-1-555x312.jpg\" data-srcset=\"https:\/\/lescop.com\/wp-content\/uploads\/2026\/01\/2026-1-555x312.jpg 555w, https:\/\/lescop.com\/wp-content\/uploads\/2026\/01\/2026-1-891x501.jpg 891w\" loading=\"eager\" style=\"--ratio: 555 \/ 312\" sizes=\"(max-width: 555px) 100vw, 555px\" alt=\"\" title=\"2026 (1)\" width=\"555\" height=\"312\"  \/><\/a><\/p>\n\t\t\t<\/div>\n\n\t\t\n\t\t<div class=\"blog-content wf-td\">\n\t\t\t<h3 class=\"entry-title\"><a href=\"https:\/\/lescop.com\/fr\/hannover-messe-2026\/\" title=\"HANNOVER MESSE 2026\" rel=\"bookmark\">HANNOVER MESSE 2026<\/a><\/h3>\n\n\t\t\t<div class=\"entry-meta\"><span class=\"category-link\"><a href=\"https:\/\/lescop.com\/fr\/category\/non-classifiee\/\" >Non classifi\u00e9(e)<\/a><\/span><a href=\"https:\/\/lescop.com\/fr\/2026\/02\/09\/\" title=\"11:20\" class=\"data-link\" rel=\"bookmark\"><time class=\"entry-date updated\" datetime=\"2026-02-09T11:20:22+01:00\">09\/02\/2026<\/time><\/a><\/div><p>Du 20 au 24 avril 2026, le parc des expositions de Hanovre (Allemagne) accueillera la Hannover Messe 2026, la principale plateforme mondiale d\u00e9di\u00e9e \u00e0 la transformation industrielle. Ce salon unique r\u00e9unit l&rsquo;ing\u00e9nierie m\u00e9canique, l&rsquo;\u00e9lectrotechnique et le secteur num\u00e9rique. Plac\u00e9e sous le th\u00e8me central de la \u00ab Transformation Industrielle \u00bb, l&rsquo;\u00e9dition de cette ann\u00e9e mettra l&rsquo;accent&hellip;<\/p>\n\n<a href=\"https:\/\/lescop.com\/fr\/hannover-messe-2026\/\" class=\"details more-link\" aria-label=\"Read more about HANNOVER MESSE 2026\">Details<\/a>\n\n\t\t<\/div>\n\n\t<\/article>\n\n<\/div><\/div><\/div>[\/vc_column][\/vc_row]<\/p>\n<\/div>","protected":false},"excerpt":{"rendered":"<p>[vc_row equal_height=\u00a0\u00bbyes\u00a0\u00bb css=\u00a0\u00bb.vc_custom_1512322712693{padding-top: 80px !important;padding-bottom: 50px !important;}\u00a0\u00bb][vc_column offset=\u00a0\u00bbvc_col-lg-offset-2 vc_col-lg-8 vc_col-md-offset-1 vc_col-md-10 vc_col-sm-offset-0&Prime;][\/vc_column][vc_column css=\u00a0\u00bb.vc_custom_1512326537201{padding-bottom: 50px !important;}\u00a0\u00bb][vc_empty_space height=\u00a0\u00bb20px\u00a0\u00bb][vc_row_inner][vc_column_inner width=\u00a0\u00bb1\/3&Prime;][vc_empty_space height=\u00a0\u00bb20px\u00a0\u00bb][vc_column_text] TRANSFORMATEURS [\/vc_column_text][\/vc_column_inner][vc_column_inner width=\u00a0\u00bb1\/3&Prime;][vc_empty_space height=\u00a0\u00bb20px\u00a0\u00bb][vc_column_text] APPAREILLAGE [\/vc_column_text][\/vc_column_inner][vc_column_inner width=\u00a0\u00bb1\/3&Prime;][vc_empty_space height=\u00a0\u00bb20px\u00a0\u00bb][vc_column_text] AUTRES PRODUITS [\/vc_column_text][\/vc_column_inner][\/vc_row_inner][\/vc_column][\/vc_row][vc_row full_width=\u00a0\u00bbstretch_row_content_no_spaces\u00a0\u00bb equal_height=\u00a0\u00bbyes\u00a0\u00bb bg_type=\u00a0\u00bbgrad\u00a0\u00bb bg_override=\u00a0\u00bbex-full\u00a0\u00bb bg_grad=\u00a0\u00bbbackground: -webkit-gradient(linear, left top, left bottom, color-stop(0%, #0C5D9A), color-stop(48%, #1B67A2), color-stop(100%, #3DB4EF));background: -moz-linear-gradient(left,#0C5D9A 0%,#1B67A2 48%,#3DB4EF 100%);background: -webkit-linear-gradient(left,#0C5D9A 0%,#1B67A2 48%,#3DB4EF 100%);background: -o-linear-gradient(left,#0C5D9A 0%,#1B67A2&hellip;<\/p>\n","protected":false},"author":4,"featured_media":0,"parent":0,"menu_order":0,"comment_status":"closed","ping_status":"closed","template":"","meta":{"footnotes":""},"class_list":["post-2811","page","type-page","status-publish","hentry","description-off"],"_links":{"self":[{"href":"https:\/\/lescop.com\/fr\/wp-json\/wp\/v2\/pages\/2811","targetHints":{"allow":["GET"]}}],"collection":[{"href":"https:\/\/lescop.com\/fr\/wp-json\/wp\/v2\/pages"}],"about":[{"href":"https:\/\/lescop.com\/fr\/wp-json\/wp\/v2\/types\/page"}],"author":[{"embeddable":true,"href":"https:\/\/lescop.com\/fr\/wp-json\/wp\/v2\/users\/4"}],"replies":[{"embeddable":true,"href":"https:\/\/lescop.com\/fr\/wp-json\/wp\/v2\/comments?post=2811"}],"version-history":[{"count":12,"href":"https:\/\/lescop.com\/fr\/wp-json\/wp\/v2\/pages\/2811\/revisions"}],"predecessor-version":[{"id":7497,"href":"https:\/\/lescop.com\/fr\/wp-json\/wp\/v2\/pages\/2811\/revisions\/7497"}],"wp:attachment":[{"href":"https:\/\/lescop.com\/fr\/wp-json\/wp\/v2\/media?parent=2811"}],"curies":[{"name":"wp","href":"https:\/\/api.w.org\/{rel}","templated":true}]}}