{"id":8768,"date":"2020-06-19T08:09:01","date_gmt":"2020-06-19T06:09:01","guid":{"rendered":"https:\/\/lescop.com\/?post_type=product&#038;p=8768"},"modified":"2020-06-29T13:18:15","modified_gmt":"2020-06-29T11:18:15","slug":"diseno-de-prototipos","status":"publish","type":"product","link":"https:\/\/lescop.com\/es\/catalogo\/servicios\/diseno-de-prototipos\/","title":{"rendered":"Dise\u00f1o de Prototipos"},"content":{"rendered":"","protected":false},"excerpt":{"rendered":"<h3 style=\"text-align: center;\">\u201cCreamos, dise\u00f1amos y fabricamos prototipos y elementos especiales y \u00fanicos para tu industria\u201d<\/h3>\n<p>&nbsp;<\/p>\n<p style=\"text-align: justify;\">Un <strong>prototipo<\/strong> es una representaci\u00f3n aparente pero concreta de parte o la totalidad de una idea de negocio o sobre un producto o servicio. Este, incorporar\u00e1 los elementos b\u00e1sicos para que sea funcional, que se pueda probar, y que responda a una serie de preguntas sobre la viabilidad empresarial de la idea y sobre su modo de implementaci\u00f3n. Prototipar significa que est\u00e1s creando lo m\u00ednimo necesario para validar tu idea.<\/p>\n<p style=\"text-align: justify;\">Mediante el prototipado, el cliente puede:<\/p>\n<ul style=\"text-align: justify;\">\n<li style=\"list-style-type: none;\">\n<ul>\n<li style=\"list-style-type: none;\">\n<ul>\n<li>Testear \/ validar nuevas ideas r\u00e1pidamente.<\/li>\n<li>Entender las claves de la interacci\u00f3n del usuario.<\/li>\n<li>Mejorar la experiencia de uso e iterar sobre ello.<\/li>\n<li>Demostrar la capacidad de un producto (demoing).<\/li>\n<li>Validar el detalle del dise\u00f1o de la apariencia: Definir el prop\u00f3sito de tama\u00f1os, colores, sombras, etc.<\/li>\n<\/ul>\n<\/li>\n<\/ul>\n<\/li>\n<\/ul>\n<p style=\"text-align: justify;\">Tipos de prototipos seg\u00fan su funci\u00f3n:<\/p>\n<ul style=\"text-align: justify;\">\n<li style=\"list-style-type: none;\">\n<ul>\n<li style=\"list-style-type: none;\">\n<ul>\n<li>Prototipos de dise\u00f1o: Sirven para evaluar aspectos est\u00e9ticos y ergon\u00f3micos.<\/li>\n<li>Prototipos geom\u00e9tricos: Se usan para probar concordancia geom\u00e9trica, la forma y los ensambles.<\/li>\n<li>Prototipos funcionales: Muestran las caracter\u00edsticas y patrones de comportamiento en una prueba del producto final.<\/li>\n<li>Prototipos t\u00e9cnicos: Se usan para evaluar todas las funciones de la pieza final.<\/li>\n<\/ul>\n<\/li>\n<\/ul>\n<\/li>\n<\/ul>\n<p style=\"text-align: justify;\">Hay muchas formas de hacer prototipos, depende del tipo de idea que tengas; no es lo mismo la construcci\u00f3n de un prototipo de un producto o la de un servicio; en <strong>Laboratorio Electrot\u00e9cnico<\/strong>, ayudamos a <strong>crear<\/strong>, <strong>dise\u00f1ar<\/strong> y <strong>fabricar<\/strong> <strong>prototipos<\/strong> y <strong>elementos especiales<\/strong> y <strong>\u00fanicos para tu industria<\/strong>.<\/p>\n","protected":false},"featured_media":8773,"template":"","meta":[],"product_brand":[],"product_cat":[117],"product_tag":[],"class_list":{"0":"post-8768","1":"product","2":"type-product","3":"status-publish","4":"has-post-thumbnail","6":"product_cat-servicios","7":"description-off","9":"first","10":"instock","11":"shipping-taxable","12":"product-type-simple"},"_links":{"self":[{"href":"https:\/\/lescop.com\/es\/wp-json\/wp\/v2\/product\/8768","targetHints":{"allow":["GET"]}}],"collection":[{"href":"https:\/\/lescop.com\/es\/wp-json\/wp\/v2\/product"}],"about":[{"href":"https:\/\/lescop.com\/es\/wp-json\/wp\/v2\/types\/product"}],"wp:featuredmedia":[{"embeddable":true,"href":"https:\/\/lescop.com\/es\/wp-json\/wp\/v2\/media\/8773"}],"wp:attachment":[{"href":"https:\/\/lescop.com\/es\/wp-json\/wp\/v2\/media?parent=8768"}],"wp:term":[{"taxonomy":"product_brand","embeddable":true,"href":"https:\/\/lescop.com\/es\/wp-json\/wp\/v2\/product_brand?post=8768"},{"taxonomy":"product_cat","embeddable":true,"href":"https:\/\/lescop.com\/es\/wp-json\/wp\/v2\/product_cat?post=8768"},{"taxonomy":"product_tag","embeddable":true,"href":"https:\/\/lescop.com\/es\/wp-json\/wp\/v2\/product_tag?post=8768"}],"curies":[{"name":"wp","href":"https:\/\/api.w.org\/{rel}","templated":true}]}}