{"id":8739,"date":"2020-06-08T12:07:57","date_gmt":"2020-06-08T10:07:57","guid":{"rendered":"https:\/\/lescop.com\/?post_type=product&#038;p=8739"},"modified":"2020-06-19T07:57:22","modified_gmt":"2020-06-19T05:57:22","slug":"mecanizado-cnc","status":"publish","type":"product","link":"https:\/\/lescop.com\/es\/catalogo\/servicios\/mecanizado-cnc\/","title":{"rendered":"Mecanizado (CNC)"},"content":{"rendered":"","protected":false},"excerpt":{"rendered":"<h3 style=\"text-align: center;\"><strong>\u00abMecanizamos tus ideas\u00bb<\/strong><\/h3>\n<p>&nbsp;<\/p>\n<p style=\"text-align: justify;\">El <strong>mecanizado<\/strong> (CNC), es un proceso de fabricaci\u00f3n en el cual se realizan un conjunto de operaciones para fabricar piezas mediante la extracci\u00f3n de material a partir de un bloque. Dichas operaciones se realizan en m\u00e1quinas de <strong>Control Num\u00e9rico Computarizado (CNC)<\/strong>, las cuales partiendo de datos 3D y un programa de mecanizado CAM, realizan las tareas programadas de forma autom\u00e1tica.<\/p>\n<p style=\"text-align: justify;\">Independientemente del tama\u00f1o, complejidad de dise\u00f1o o cantidad de piezas, nuestro equipo experimentado y maquinaria nos permite obtener resultados excelentes a unos precios y plazos muy competitivos.<\/p>\n<p style=\"text-align: justify;\">Nuestras maquinas, por su flexibilidad, precisi\u00f3n y versatilidad, ayudan a reducir los tiempos de fabricaci\u00f3n minimizando los errores. En <strong>Laboratorio Electrot\u00e9cnico<\/strong>, ofrecemos el <strong>mecanizado de piezas \u00fanicas o series cortas<\/strong> de piezas a partir de una <strong>amplia gama de materiales t\u00e9cnicos<\/strong>, tanto <strong>pl\u00e1sticos<\/strong> como <strong>metales<\/strong>.<\/p>\n","protected":false},"featured_media":8744,"template":"","meta":[],"product_brand":[],"product_cat":[117],"product_tag":[],"class_list":{"0":"post-8739","1":"product","2":"type-product","3":"status-publish","4":"has-post-thumbnail","6":"product_cat-servicios","7":"description-off","9":"first","10":"instock","11":"shipping-taxable","12":"product-type-simple"},"_links":{"self":[{"href":"https:\/\/lescop.com\/es\/wp-json\/wp\/v2\/product\/8739","targetHints":{"allow":["GET"]}}],"collection":[{"href":"https:\/\/lescop.com\/es\/wp-json\/wp\/v2\/product"}],"about":[{"href":"https:\/\/lescop.com\/es\/wp-json\/wp\/v2\/types\/product"}],"wp:featuredmedia":[{"embeddable":true,"href":"https:\/\/lescop.com\/es\/wp-json\/wp\/v2\/media\/8744"}],"wp:attachment":[{"href":"https:\/\/lescop.com\/es\/wp-json\/wp\/v2\/media?parent=8739"}],"wp:term":[{"taxonomy":"product_brand","embeddable":true,"href":"https:\/\/lescop.com\/es\/wp-json\/wp\/v2\/product_brand?post=8739"},{"taxonomy":"product_cat","embeddable":true,"href":"https:\/\/lescop.com\/es\/wp-json\/wp\/v2\/product_cat?post=8739"},{"taxonomy":"product_tag","embeddable":true,"href":"https:\/\/lescop.com\/es\/wp-json\/wp\/v2\/product_tag?post=8739"}],"curies":[{"name":"wp","href":"https:\/\/api.w.org\/{rel}","templated":true}]}}