{"id":2750,"date":"2019-08-09T09:13:37","date_gmt":"2019-08-09T07:13:37","guid":{"rendered":"https:\/\/lescop.panelserver.org\/?post_type=product&#038;p=2750"},"modified":"2023-05-12T11:40:10","modified_gmt":"2023-05-12T09:40:10","slug":"akh-01-02-tension-de-aislamiento-072-kv-t-intensidad-homopolar-tipo-toroidal","status":"publish","type":"product","link":"https:\/\/lescop.com\/es\/catalogo\/transformadores-de-medida\/intensidad-interior\/akh-01-02-tension-de-aislamiento-072-kv-t-intensidad-homopolar-tipo-toroidal\/","title":{"rendered":"AKH-01\/02.<br><small>Tensi\u00f3n de Aislamiento 0,72kV.<br>Tipo Toroidal Homopolar.<\/small>"},"content":{"rendered":"","protected":false},"excerpt":{"rendered":"<p style=\"font-weight: 400; text-align: justify;\">Transformador de intensidad para medida y\/o protecci\u00f3n de baja tensi\u00f3n <strong>hasta 0,72 kV<\/strong> destinado a alimentar instrumentos de medida, contadores, rel\u00e9s y otros aparatos an\u00e1logos. Dise\u00f1ado para servicio interior.<\/p>\n<p style=\"font-weight: 400; text-align: justify;\">El transformador <strong>AKH-01\/02<\/strong> est\u00e1 dise\u00f1ado para la detecci\u00f3n de corrientes homopolares. Este transformador realiza la suma de las tres corrientes dentro de un solo n\u00facleo magn\u00e9tico, lo cual da como resultado una corriente en el secundario del transformador siempre y cuando exista corriente homopolar en el sistema primario.<\/p>\n<p style=\"font-weight: 400; text-align: justify;\">La parte activa est\u00e1 ocluida en resina de poliuretano de clase de aislamiento B (s\/norma UNE-EN 60085), color negro. Tiene gran resistencia qu\u00edmica.<\/p>\n<p style=\"font-weight: 400; text-align: justify;\">Fabricado de acuerdo con las normas <strong>UNE-EN 61869-1<\/strong> y <strong>UNE-EN 61869-2<\/strong>.<\/p>\n<p>&nbsp;<\/p>\n<p><a href=\"https:\/\/lescop.com\/wp-content\/uploads\/2019\/10\/AKH-01-02_Catalogo_Castellano_2019.pdf\">Cat\u00e1logo Homopolar AKH-01\/02<\/a><br \/>\n<a href=\"https:\/\/lescop.com\/wp-content\/uploads\/2023\/05\/Manual-instrucciones-04-12-2019_es_color-web-Tirso.pdf\">Manual Instrucciones Transformadores<\/a><br \/>\n<a href=\"https:\/\/www.dropbox.com\/sh\/048b47t6a4ux21t\/AACmN9Njii6s0wNeiiKqU5B_a?dl=0\">Planos (.dwg)<\/a><\/p>\n","protected":false},"featured_media":6014,"template":"","meta":[],"product_brand":[],"product_cat":[51,44],"product_tag":[],"class_list":{"0":"post-2750","1":"product","2":"type-product","3":"status-publish","4":"has-post-thumbnail","6":"product_cat-intensidad-interior","7":"product_cat-transformadores-de-medida","8":"description-off","10":"first","11":"instock","12":"shipping-taxable","13":"product-type-simple"},"_links":{"self":[{"href":"https:\/\/lescop.com\/es\/wp-json\/wp\/v2\/product\/2750","targetHints":{"allow":["GET"]}}],"collection":[{"href":"https:\/\/lescop.com\/es\/wp-json\/wp\/v2\/product"}],"about":[{"href":"https:\/\/lescop.com\/es\/wp-json\/wp\/v2\/types\/product"}],"wp:featuredmedia":[{"embeddable":true,"href":"https:\/\/lescop.com\/es\/wp-json\/wp\/v2\/media\/6014"}],"wp:attachment":[{"href":"https:\/\/lescop.com\/es\/wp-json\/wp\/v2\/media?parent=2750"}],"wp:term":[{"taxonomy":"product_brand","embeddable":true,"href":"https:\/\/lescop.com\/es\/wp-json\/wp\/v2\/product_brand?post=2750"},{"taxonomy":"product_cat","embeddable":true,"href":"https:\/\/lescop.com\/es\/wp-json\/wp\/v2\/product_cat?post=2750"},{"taxonomy":"product_tag","embeddable":true,"href":"https:\/\/lescop.com\/es\/wp-json\/wp\/v2\/product_tag?post=2750"}],"curies":[{"name":"wp","href":"https:\/\/api.w.org\/{rel}","templated":true}]}}