{"id":2713,"date":"2019-08-08T13:43:08","date_gmt":"2019-08-08T11:43:08","guid":{"rendered":"https:\/\/lescop.panelserver.org\/?post_type=product&#038;p=2713"},"modified":"2023-05-16T14:27:53","modified_gmt":"2023-05-16T12:27:53","slug":"aer-24-tension-de-aislamiento-24-kv-tipo-soporte","status":"publish","type":"product","link":"https:\/\/lescop.com\/es\/catalogo\/transformadores-de-medida\/intensidad-interior\/aer-24-tension-de-aislamiento-24-kv-tipo-soporte\/","title":{"rendered":"AER-24.<br><small>Tensi\u00f3n de Aislamiento 24kV.<br>Tipo Soporte.<\/small>"},"content":{"rendered":"","protected":false},"excerpt":{"rendered":"<p style=\"text-align: justify;\">Transformador de intensidad para medida y\/o protecci\u00f3n de alta tensi\u00f3n <strong>hasta 24 kV<\/strong> destinado a alimentar instrumentos de medida, contadores, rel\u00e9s y otros aparatos an\u00e1logos. Dise\u00f1ado para servicio interior.<\/p>\n<p style=\"text-align: justify;\">La parte activa est\u00e1 ocluida en resina epoxi de clase de aislamiento E, color marr\u00f3n.<\/p>\n<p style=\"text-align: justify;\">Tiene gran resistencia mec\u00e1nica y es inatacable por: humedad, aceite, polvo y la mayor\u00eda de los productos qu\u00edmicos.<\/p>\n<p style=\"text-align: justify;\">Posibilidad de montaje en cualquier posici\u00f3n.<\/p>\n<p style=\"text-align: justify;\">Fabricado seg\u00fan normas <strong>UNE-EN 61869-1<\/strong> y <strong>UNE-EN 61869-2<\/strong>.<\/p>\n<p>&nbsp;<\/p>\n<p><a href=\"https:\/\/lescop.com\/wp-content\/uploads\/2019\/10\/AER-24_Catalogo_Castellano_2019.pdf\">Cat\u00e1logo AER-24<\/a><br \/>\n<a href=\"https:\/\/lescop.com\/wp-content\/uploads\/2023\/05\/Manual-instrucciones-04-12-2019_es_color-web-Tirso.pdf\">Manual Instrucciones Transformadores<\/a><br \/>\n<a href=\"https:\/\/lescop.com\/wp-content\/uploads\/2019\/10\/Cat\u00e1logo-Accesorios-Transformadores.pdf\">Cat\u00e1logo Accesorios Transformadores<\/a><br \/>\n<a href=\"https:\/\/lescop.com\/wp-content\/uploads\/2023\/05\/9425070.001-ESQUEMAS-TI.pdf\">Esquemas Conexionado TI<\/a><br \/>\n<a href=\"https:\/\/www.dropbox.com\/s\/03h5ymdoviqzgcx\/TI%20AER-24%20Laboratorio%20Electrot%C3%A9cnico.dwg?dl=0\">Plano (.dwg)<\/a><\/p>\n","protected":false},"featured_media":5835,"template":"","meta":[],"product_brand":[],"product_cat":[51,44],"product_tag":[],"class_list":{"0":"post-2713","1":"product","2":"type-product","3":"status-publish","4":"has-post-thumbnail","6":"product_cat-intensidad-interior","7":"product_cat-transformadores-de-medida","8":"description-off","10":"first","11":"instock","12":"shipping-taxable","13":"product-type-simple"},"_links":{"self":[{"href":"https:\/\/lescop.com\/es\/wp-json\/wp\/v2\/product\/2713","targetHints":{"allow":["GET"]}}],"collection":[{"href":"https:\/\/lescop.com\/es\/wp-json\/wp\/v2\/product"}],"about":[{"href":"https:\/\/lescop.com\/es\/wp-json\/wp\/v2\/types\/product"}],"wp:featuredmedia":[{"embeddable":true,"href":"https:\/\/lescop.com\/es\/wp-json\/wp\/v2\/media\/5835"}],"wp:attachment":[{"href":"https:\/\/lescop.com\/es\/wp-json\/wp\/v2\/media?parent=2713"}],"wp:term":[{"taxonomy":"product_brand","embeddable":true,"href":"https:\/\/lescop.com\/es\/wp-json\/wp\/v2\/product_brand?post=2713"},{"taxonomy":"product_cat","embeddable":true,"href":"https:\/\/lescop.com\/es\/wp-json\/wp\/v2\/product_cat?post=2713"},{"taxonomy":"product_tag","embeddable":true,"href":"https:\/\/lescop.com\/es\/wp-json\/wp\/v2\/product_tag?post=2713"}],"curies":[{"name":"wp","href":"https:\/\/api.w.org\/{rel}","templated":true}]}}