{"id":2569,"date":"2019-08-08T10:49:00","date_gmt":"2019-08-08T08:49:00","guid":{"rendered":"https:\/\/lescop.panelserver.org\/?post_type=product&#038;p=2569"},"modified":"2023-05-12T14:44:04","modified_gmt":"2023-05-12T12:44:04","slug":"vfp-52-tension-de-aislamiento-52-kv-conexion-fase-tierra","status":"publish","type":"product","link":"https:\/\/lescop.com\/es\/catalogo\/transformadores-de-medida\/tension-exterior\/vfp-52-tension-de-aislamiento-52-kv-conexion-fase-tierra\/","title":{"rendered":"VFP-52.<br><small>Tensi\u00f3n de Aislamiento 52kV.<br>Conexi\u00f3n Fase-Tierra.<\/small>"},"content":{"rendered":"","protected":false},"excerpt":{"rendered":"<p class=\"full\" style=\"text-align: justify;\"><span lang=\"ES-TRAD\">Transformador de tensi\u00f3n para medida y\/o protecci\u00f3n de A.T. <strong>hasta 52 kV<\/strong> destinado a alimentar instrumentos de medida, contadores, rel\u00e9s y otros aparatos an\u00e1logos. Est\u00e1 dise\u00f1ado para instalaci\u00f3n en exteriores.<\/span><\/p>\n<p class=\"full\" style=\"text-align: justify;\"><span lang=\"ES-TRAD\">El modelo <strong>VFP-52<\/strong> es un transformador fase-tierra, es decir, es un transformador monof\u00e1sico destinado a tener uno de los extremos del arrollamiento primario unido directamente a tierra.<\/span><\/p>\n<p class=\"full\" style=\"text-align: justify;\">El aislamiento interno est\u00e1 compuesto por papel-aceite y el externo es del tipo aislador de porcelana con l\u00ednea de fuga para poluci\u00f3n de hasta 35 mm\/kV. Dispone de un dep\u00f3sito de expansi\u00f3n para compensar las variaciones de volumen del aceite y un nivel indica si el transformador y el aceite aislante se encuentran en sus condiciones de funcionamiento habituales.<\/p>\n<p class=\"full\" style=\"text-align: justify;\">Construido bajo normas <strong>UNE-EN 61869-1<\/strong> y <strong>UNE-EN 61869-3<\/strong>. Otras normas o caracter\u00edsticas especiales bajo consulta.<\/p>\n<p>&nbsp;<\/p>\n<p><a href=\"https:\/\/lescop.com\/wp-content\/uploads\/2019\/10\/VFP-52_Catalogo_Castellano_2019.pdf\">Cat\u00e1logo VFP-52<\/a><br \/>\n<a href=\"https:\/\/lescop.com\/wp-content\/uploads\/2019\/10\/Manual_Instrucciones_VFP_WEB.pdf\">Manual Instrucciones VFP<\/a><br \/>\n<a href=\"https:\/\/lescop.com\/wp-content\/uploads\/2023\/05\/10525270.001-ESQUEMAS-TT-FASE-TIERRA.pdf\">Esquemas Conexionado TT<\/a><br \/>\n<a href=\"https:\/\/www.dropbox.com\/s\/xsartri4w0uvdqu\/TT%20VFP-52%20Laboratorio%20Electrot%C3%A9cnico.dwg?dl=0\">Plano (.dwg)<\/a><\/p>\n","protected":false},"featured_media":5863,"template":"","meta":[],"product_brand":[],"product_cat":[50,44],"product_tag":[],"class_list":{"0":"post-2569","1":"product","2":"type-product","3":"status-publish","4":"has-post-thumbnail","6":"product_cat-tension-exterior","7":"product_cat-transformadores-de-medida","8":"description-off","10":"first","11":"instock","12":"shipping-taxable","13":"product-type-simple"},"_links":{"self":[{"href":"https:\/\/lescop.com\/es\/wp-json\/wp\/v2\/product\/2569","targetHints":{"allow":["GET"]}}],"collection":[{"href":"https:\/\/lescop.com\/es\/wp-json\/wp\/v2\/product"}],"about":[{"href":"https:\/\/lescop.com\/es\/wp-json\/wp\/v2\/types\/product"}],"wp:featuredmedia":[{"embeddable":true,"href":"https:\/\/lescop.com\/es\/wp-json\/wp\/v2\/media\/5863"}],"wp:attachment":[{"href":"https:\/\/lescop.com\/es\/wp-json\/wp\/v2\/media?parent=2569"}],"wp:term":[{"taxonomy":"product_brand","embeddable":true,"href":"https:\/\/lescop.com\/es\/wp-json\/wp\/v2\/product_brand?post=2569"},{"taxonomy":"product_cat","embeddable":true,"href":"https:\/\/lescop.com\/es\/wp-json\/wp\/v2\/product_cat?post=2569"},{"taxonomy":"product_tag","embeddable":true,"href":"https:\/\/lescop.com\/es\/wp-json\/wp\/v2\/product_tag?post=2569"}],"curies":[{"name":"wp","href":"https:\/\/api.w.org\/{rel}","templated":true}]}}