{"id":2558,"date":"2019-08-08T10:41:37","date_gmt":"2019-08-08T08:41:37","guid":{"rendered":"https:\/\/lescop.panelserver.org\/?post_type=product&#038;p=2558"},"modified":"2023-05-12T14:45:32","modified_gmt":"2023-05-12T12:45:32","slug":"vkef-24-36-tension-de-aislamiento-24-o-36-kv-conexion-fase-tierra","status":"publish","type":"product","link":"https:\/\/lescop.com\/es\/catalogo\/transformadores-de-medida\/tension-exterior\/vkef-24-36-tension-de-aislamiento-24-o-36-kv-conexion-fase-tierra\/","title":{"rendered":"VKEF-24\/36.<br><small>Tensi\u00f3n de Aislamiento 24 o 36kV.<br>Conexi\u00f3n Fase-Tierra.<\/small>"},"content":{"rendered":"","protected":false},"excerpt":{"rendered":"<p style=\"text-align: justify;\">Transformador de tensi\u00f3n para medida y\/o protecci\u00f3n dise\u00f1ado para servicio intemperie. La tensi\u00f3n m\u00e1xima de servicio puede ser de <strong>24 kV<\/strong> o <strong>36 kV<\/strong>. Destinado a alimentar instrumentos de medida,contadores, rel\u00e9s y otros aparatos an\u00e1logos.<\/p>\n<p style=\"text-align: justify;\"><span id=\"result_box\" lang=\"es\"><span title=\"The transformer VKEF-24\/36 is a phase-to-earth transformer;\">El transformador <strong>VKEF-24\/36<\/strong> es un transformador de fase a tierra<\/span><\/span><span id=\"result_box\" lang=\"es\"><span title=\"The transformer VKEF-24\/36 is a phase-to-earth transformer;\">\u00a0(1 polo);\u00a0<\/span><span title=\"that is, a single-phase transformer, used to keep one of the ends of the primary winding directly connected to earth. \">es decir, un transformador monof\u00e1sico, utilizado para mantener uno de los extremos del devanado primario conectado directamente a tierra.<\/span><\/span><\/p>\n<p style=\"text-align: justify;\">El arrollamiento primario est\u00e1 ocluido en resina cicloalif\u00e1tica de clase de aislamiento E. Este tipo de resina, especial para aparatos instalados a la intemperie, tiene una extraordinaria resistencia a la contaminaci\u00f3n. Esta forma constructiva no utiliza aceites ni gases fluorados como material aislante.<\/p>\n<p style=\"text-align: justify;\">El z\u00f3calo y los dem\u00e1s elementos met\u00e1licos son inoxidables o tratados para evitar la corrosi\u00f3n.<\/p>\n<p style=\"text-align: justify;\">Fabricado seg\u00fan normas <strong>UNE-EN 61869-1<\/strong> y <strong>UNE-EN 61869-3<\/strong>.<\/p>\n<p>&nbsp;<\/p>\n<p><a href=\"https:\/\/lescop.com\/wp-content\/uploads\/2019\/10\/VKEF-24-36_Catalogo_Castellano_2019.pdf\">Cat\u00e1logo VKEF-24\/36<\/a><br \/>\n<a href=\"https:\/\/lescop.com\/wp-content\/uploads\/2023\/05\/Manual-instrucciones-04-12-2019_es_color-web-Tirso.pdf\">Manual Instrucciones Transformadores<\/a><br \/>\n<a href=\"https:\/\/lescop.com\/wp-content\/uploads\/2023\/05\/10525270.001-ESQUEMAS-TT-FASE-TIERRA.pdf\">Esquemas Conexionado TT<\/a><br \/>\n<a href=\"https:\/\/www.dropbox.com\/s\/8dgz4uehtv6z15t\/TT%20VKEF-36%20Laboratorio%20Electrot%C3%A9cnico.dwg?dl=0\">Plano (.dwg)<\/a><\/p>\n","protected":false},"featured_media":5875,"template":"","meta":[],"product_brand":[],"product_cat":[50,44],"product_tag":[],"class_list":{"0":"post-2558","1":"product","2":"type-product","3":"status-publish","4":"has-post-thumbnail","6":"product_cat-tension-exterior","7":"product_cat-transformadores-de-medida","8":"description-off","10":"first","11":"instock","12":"shipping-taxable","13":"product-type-simple"},"_links":{"self":[{"href":"https:\/\/lescop.com\/es\/wp-json\/wp\/v2\/product\/2558","targetHints":{"allow":["GET"]}}],"collection":[{"href":"https:\/\/lescop.com\/es\/wp-json\/wp\/v2\/product"}],"about":[{"href":"https:\/\/lescop.com\/es\/wp-json\/wp\/v2\/types\/product"}],"wp:featuredmedia":[{"embeddable":true,"href":"https:\/\/lescop.com\/es\/wp-json\/wp\/v2\/media\/5875"}],"wp:attachment":[{"href":"https:\/\/lescop.com\/es\/wp-json\/wp\/v2\/media?parent=2558"}],"wp:term":[{"taxonomy":"product_brand","embeddable":true,"href":"https:\/\/lescop.com\/es\/wp-json\/wp\/v2\/product_brand?post=2558"},{"taxonomy":"product_cat","embeddable":true,"href":"https:\/\/lescop.com\/es\/wp-json\/wp\/v2\/product_cat?post=2558"},{"taxonomy":"product_tag","embeddable":true,"href":"https:\/\/lescop.com\/es\/wp-json\/wp\/v2\/product_tag?post=2558"}],"curies":[{"name":"wp","href":"https:\/\/api.w.org\/{rel}","templated":true}]}}