{"id":2536,"date":"2019-11-06T09:59:15","date_gmt":"2019-11-06T08:59:15","guid":{"rendered":"https:\/\/lescop.panelserver.org\/?post_type=product&#038;p=2536"},"modified":"2023-05-12T12:28:06","modified_gmt":"2023-05-12T10:28:06","slug":"vkpe-24-tension-de-aislamiento-24-kv-conexion-fase-tierra","status":"publish","type":"product","link":"https:\/\/lescop.com\/es\/catalogo\/transformadores-de-medida\/tension-interior\/vkpe-24-tension-de-aislamiento-24-kv-conexion-fase-tierra\/","title":{"rendered":"VKPE-24.<br><small>Tensi\u00f3n de Aislamiento 24kV.<br>Conexi\u00f3n Fase-Tierra.<\/small>"},"content":{"rendered":"","protected":false},"excerpt":{"rendered":"<p style=\"text-align: justify;\">Transformador de tensi\u00f3n para medida y\/o protecci\u00f3n de A.T. <strong>hasta 24 kV<\/strong> destinado a alimentar instrumentos de medida, contadores, rel\u00e9s y otros aparatos an\u00e1logos. Dise\u00f1ado para servicio interior.<\/p>\n<p style=\"text-align: justify;\">El transformador <strong>VKPE-24<\/strong> es un transformador fase-tierra, es decir, est\u00e1 destinado a tener uno de los extremos del arrollamiento primario unido directamente a tierra.<\/p>\n<p style=\"text-align: justify;\">El arrollamiento primario est\u00e1 ocluido en resina epoxi de clase de aislamiento E, el n\u00facleo y el\/los secundario\/s est\u00e1n fuera de la envolvente. Debido a las caracter\u00edsticas de esta forma constructiva no existe riesgo de proyecci\u00f3n de fragmentos.<\/p>\n<p style=\"text-align: justify;\">La gama de transformadores VKPE ha sido dise\u00f1ada teniendo en cuenta el Medio Ambiente debido a la no utilizaci\u00f3n de aceites ni gases fluorados como material aislante.<\/p>\n<p style=\"text-align: justify;\">Tiene gran resistencia mec\u00e1nica y es inatacable por: humedad, aceite, polvo y la mayor\u00eda de los productos qu\u00edmicos.<\/p>\n<p style=\"text-align: justify;\">Fabricado seg\u00fan\u00a0normas <strong>UNE-EN 61869-1<\/strong> y <strong>UNE-EN 61869-3<\/strong>.<\/p>\n<p>&nbsp;<\/p>\n<p><a href=\"https:\/\/lescop.com\/wp-content\/uploads\/2019\/10\/VKPE-24_Catalogo_Castellano_2019.pdf\">Cat\u00e1logo VKPE-24<\/a><br \/>\n<a href=\"https:\/\/lescop.com\/wp-content\/uploads\/2023\/05\/Manual-instrucciones-04-12-2019_es_color-web-Tirso.pdf\">Manual Instrucciones Transformadores<\/a><br \/>\n<a href=\"https:\/\/lescop.com\/wp-content\/uploads\/2019\/10\/Cat\u00e1logo-Accesorios-Transformadores.pdf\">Cat\u00e1logo Accesorios Transformadores<\/a><br \/>\n<a href=\"https:\/\/lescop.com\/wp-content\/uploads\/2023\/05\/10525270.001-ESQUEMAS-TT-FASE-TIERRA.pdf\">Esquemas Conexionado TT<\/a><br \/>\n<a href=\"https:\/\/www.dropbox.com\/s\/c54rpjqoeoax1nt\/TT%20VKPE-24%20Laboratorio%20Electrot%C3%A9cnico.dwg?dl=0\">Plano (.dwg)<\/a><\/p>\n","protected":false},"featured_media":5914,"template":"","meta":[],"product_brand":[],"product_cat":[49,44],"product_tag":[],"class_list":{"0":"post-2536","1":"product","2":"type-product","3":"status-publish","4":"has-post-thumbnail","6":"product_cat-tension-interior","7":"product_cat-transformadores-de-medida","8":"description-off","10":"first","11":"instock","12":"shipping-taxable","13":"product-type-simple"},"_links":{"self":[{"href":"https:\/\/lescop.com\/es\/wp-json\/wp\/v2\/product\/2536","targetHints":{"allow":["GET"]}}],"collection":[{"href":"https:\/\/lescop.com\/es\/wp-json\/wp\/v2\/product"}],"about":[{"href":"https:\/\/lescop.com\/es\/wp-json\/wp\/v2\/types\/product"}],"wp:featuredmedia":[{"embeddable":true,"href":"https:\/\/lescop.com\/es\/wp-json\/wp\/v2\/media\/5914"}],"wp:attachment":[{"href":"https:\/\/lescop.com\/es\/wp-json\/wp\/v2\/media?parent=2536"}],"wp:term":[{"taxonomy":"product_brand","embeddable":true,"href":"https:\/\/lescop.com\/es\/wp-json\/wp\/v2\/product_brand?post=2536"},{"taxonomy":"product_cat","embeddable":true,"href":"https:\/\/lescop.com\/es\/wp-json\/wp\/v2\/product_cat?post=2536"},{"taxonomy":"product_tag","embeddable":true,"href":"https:\/\/lescop.com\/es\/wp-json\/wp\/v2\/product_tag?post=2536"}],"curies":[{"name":"wp","href":"https:\/\/api.w.org\/{rel}","templated":true}]}}