{"id":2525,"date":"2019-11-06T10:00:27","date_gmt":"2019-11-06T09:00:27","guid":{"rendered":"https:\/\/lescop.panelserver.org\/?post_type=product&#038;p=2525"},"modified":"2023-05-12T12:22:18","modified_gmt":"2023-05-12T10:22:18","slug":"vkpe-12-tension-de-aislamiento-12-kv-conexion-fase-tierra","status":"publish","type":"product","link":"https:\/\/lescop.com\/es\/catalogo\/transformadores-de-medida\/tension-interior\/vkpe-12-tension-de-aislamiento-12-kv-conexion-fase-tierra\/","title":{"rendered":"VKPE-12.<br><small>Tensi\u00f3n de Aislamiento 12kV.<br>Conexi\u00f3n Fase-Tierra.<\/small>"},"content":{"rendered":"","protected":false},"excerpt":{"rendered":"<p style=\"text-align: justify;\">Transformador de tensi\u00f3n para medida y\/o protecci\u00f3n de A.T. <strong>hasta 12 kV<\/strong> destinado a alimentar instrumentos de medida, contadores, rel\u00e9s y otros aparatos an\u00e1logos. Dise\u00f1ado para servicio interior.<\/p>\n<p style=\"text-align: justify;\">El transformador <strong>VKPE-12<\/strong> es un transformador fase-tierra, es decir, est\u00e1 destinado a tener uno de los extremos del arrollamiento primario unido directamente a tierra.<\/p>\n<p style=\"text-align: justify;\">El arrollamiento primario est\u00e1 ocluido en resina epoxi de clase de aislamiento E, el n\u00facleo y el secundario(s) est\u00e1n fuera de la envolvente.<\/p>\n<p style=\"text-align: justify;\">Debido a las caracter\u00edsticas de esta forma constructiva no existe riesgo de proyecci\u00f3n de fragmentos.<\/p>\n<p style=\"text-align: justify;\">La gama de transformadores VKPE ha sido dise\u00f1ada teniendo en cuenta el Medio Ambiente debido a la no utilizaci\u00f3n de aceites ni gases fluorados como material aislante.<\/p>\n<p style=\"text-align: justify;\">Tiene gran resistencia mec\u00e1nica y es inatacable por: humedad, aceite, polvo y la mayor\u00eda de los productos qu\u00edmicos.<\/p>\n<p style=\"text-align: justify;\">Fabricado seg\u00fan normas <strong>UNE-EN 61869-1<\/strong> y <strong>UNE-EN 61869-3<\/strong>.<\/p>\n<p>&nbsp;<\/p>\n<p><a href=\"https:\/\/lescop.com\/wp-content\/uploads\/2019\/10\/VKPE-12_Catalogo_Castellano_2019.pdf\">Cat\u00e1logo VKPE-12<\/a><br \/>\n<a href=\"https:\/\/lescop.com\/wp-content\/uploads\/2023\/05\/Manual-instrucciones-04-12-2019_es_color-web-Tirso.pdf\">Manual Instrucciones Transformadores<\/a><br \/>\n<a href=\"https:\/\/lescop.com\/wp-content\/uploads\/2019\/10\/Cat\u00e1logo-Accesorios-Transformadores.pdf\">Cat\u00e1logo Accesorios Transformadores<\/a><br \/>\n<a href=\"https:\/\/lescop.com\/wp-content\/uploads\/2023\/05\/10525270.001-ESQUEMAS-TT-FASE-TIERRA.pdf\">Esquemas Conexionado TT<\/a><a href=\"https:\/\/www.dropbox.com\/s\/rmsjyxx58lljndi\/TT%20VKPE-12%20Laboratorio%20Electrot%C3%A9cnico.dwg?dl=0\"><br \/>\n<\/a><a href=\"https:\/\/www.dropbox.com\/s\/rmsjyxx58lljndi\/TT%20VKPE-12%20Laboratorio%20Electrot%C3%A9cnico.dwg?dl=0\">Plano (.dwg)<\/a><\/p>\n","protected":false},"featured_media":5906,"template":"","meta":[],"product_brand":[],"product_cat":[49,44],"product_tag":[],"class_list":{"0":"post-2525","1":"product","2":"type-product","3":"status-publish","4":"has-post-thumbnail","6":"product_cat-tension-interior","7":"product_cat-transformadores-de-medida","8":"description-off","10":"first","11":"instock","12":"shipping-taxable","13":"product-type-simple"},"_links":{"self":[{"href":"https:\/\/lescop.com\/es\/wp-json\/wp\/v2\/product\/2525","targetHints":{"allow":["GET"]}}],"collection":[{"href":"https:\/\/lescop.com\/es\/wp-json\/wp\/v2\/product"}],"about":[{"href":"https:\/\/lescop.com\/es\/wp-json\/wp\/v2\/types\/product"}],"wp:featuredmedia":[{"embeddable":true,"href":"https:\/\/lescop.com\/es\/wp-json\/wp\/v2\/media\/5906"}],"wp:attachment":[{"href":"https:\/\/lescop.com\/es\/wp-json\/wp\/v2\/media?parent=2525"}],"wp:term":[{"taxonomy":"product_brand","embeddable":true,"href":"https:\/\/lescop.com\/es\/wp-json\/wp\/v2\/product_brand?post=2525"},{"taxonomy":"product_cat","embeddable":true,"href":"https:\/\/lescop.com\/es\/wp-json\/wp\/v2\/product_cat?post=2525"},{"taxonomy":"product_tag","embeddable":true,"href":"https:\/\/lescop.com\/es\/wp-json\/wp\/v2\/product_tag?post=2525"}],"curies":[{"name":"wp","href":"https:\/\/api.w.org\/{rel}","templated":true}]}}