{"id":2501,"date":"2019-08-08T10:53:22","date_gmt":"2019-08-08T08:53:22","guid":{"rendered":"https:\/\/lescop.panelserver.org\/?post_type=product&#038;p=2501"},"modified":"2023-05-12T14:41:17","modified_gmt":"2023-05-12T12:41:17","slug":"vke-24-tipo-enchufable-tension-de-aislamiento-24-kv-conexion-fase-tierra","status":"publish","type":"product","link":"https:\/\/lescop.com\/es\/catalogo\/transformadores-de-medida\/tension-interior\/vke-24-tipo-enchufable-tension-de-aislamiento-24-kv-conexion-fase-tierra\/","title":{"rendered":"VKE-24.<br><small>Tensi\u00f3n de Aislamiento 24kV.<br>Conexi\u00f3n Fase-Tierra. Tipo Enchufable.<\/small>"},"content":{"rendered":"","protected":false},"excerpt":{"rendered":"<p style=\"text-align: justify;\">Transformador de tensi\u00f3n para medida y\/o \u00a0protecci\u00f3n de A.T. <strong>hasta 24 kV<\/strong> destinado a ser instalado en celdas de alta tensi\u00f3n aisladas en gas.<\/p>\n<p style=\"text-align: justify;\">El modelo <strong>VKE-24<\/strong> permite la conexi\u00f3n del primario a trav\u00e9s de una <strong>borna enchufable<\/strong> dise\u00f1ada seg\u00fan la norma <strong>UNE-EN 50181<\/strong>.<\/p>\n<p style=\"text-align: justify;\">Est\u00e1 apantallado mediante una envolvente met\u00e1lica que cubre el cuerpo de resina y que permite instalar los transformadores sin distancia de seguridad entre ellos, ya que la superficie del aparato se encuentra puesta a tierra, y permite una mejor optimizaci\u00f3n del espacio.<\/p>\n<p style=\"text-align: justify;\">Bajo pedido se puede suministrar sin apantallar con el fin de ser instalado en celdas al aire, teniendo en cuenta las distancias de seguridad pertinentes.<\/p>\n<p style=\"text-align: justify;\">El arrollamiento primario est\u00e1 ocluido en resina epoxi de clase de aislamiento E, mientras que el n\u00facleo y el\/los secundario\/s est\u00e1n fuera de la envolvente. Debido a las caracter\u00edsticas de esta forma constructiva no existe riesgo de proyecci\u00f3n de fragmentos.<\/p>\n<p style=\"text-align: justify;\">Posibilidad de montaje en cualquier posici\u00f3n.<\/p>\n<p style=\"text-align: justify;\">Fabricado seg\u00fan norma <strong>UNE-EN 61869-1<\/strong> y <strong>UNE-EN 61869-3<\/strong>.<\/p>\n<p>&nbsp;<\/p>\n<p><a href=\"https:\/\/lescop.com\/wp-content\/uploads\/2019\/10\/VKE-24_Catalogo_Castellano_2019.pdf\">Cat\u00e1logo VKE-24<\/a><br \/>\n<a href=\"https:\/\/lescop.com\/wp-content\/uploads\/2023\/05\/Manual-instrucciones-04-12-2019_es_color-web-Tirso.pdf\">Manual Instrucciones Transformadores<\/a><br \/>\n<a href=\"https:\/\/lescop.com\/wp-content\/uploads\/2023\/05\/10525270.001-ESQUEMAS-TT-FASE-TIERRA.pdf\">Esquemas Conexionado TT<\/a><br \/>\n<a href=\"https:\/\/www.dropbox.com\/s\/wv3r4ssz71hds96\/TT%20VKE-24%20Laboratorio%20Electrot%C3%A9cnico.dwg?dl=0\">Plano (.dwg)<\/a><\/p>\n","protected":false},"featured_media":5871,"template":"","meta":[],"product_brand":[],"product_cat":[49,44],"product_tag":[],"class_list":{"0":"post-2501","1":"product","2":"type-product","3":"status-publish","4":"has-post-thumbnail","6":"product_cat-tension-interior","7":"product_cat-transformadores-de-medida","8":"description-off","10":"first","11":"instock","12":"shipping-taxable","13":"product-type-simple"},"_links":{"self":[{"href":"https:\/\/lescop.com\/es\/wp-json\/wp\/v2\/product\/2501","targetHints":{"allow":["GET"]}}],"collection":[{"href":"https:\/\/lescop.com\/es\/wp-json\/wp\/v2\/product"}],"about":[{"href":"https:\/\/lescop.com\/es\/wp-json\/wp\/v2\/types\/product"}],"wp:featuredmedia":[{"embeddable":true,"href":"https:\/\/lescop.com\/es\/wp-json\/wp\/v2\/media\/5871"}],"wp:attachment":[{"href":"https:\/\/lescop.com\/es\/wp-json\/wp\/v2\/media?parent=2501"}],"wp:term":[{"taxonomy":"product_brand","embeddable":true,"href":"https:\/\/lescop.com\/es\/wp-json\/wp\/v2\/product_brand?post=2501"},{"taxonomy":"product_cat","embeddable":true,"href":"https:\/\/lescop.com\/es\/wp-json\/wp\/v2\/product_cat?post=2501"},{"taxonomy":"product_tag","embeddable":true,"href":"https:\/\/lescop.com\/es\/wp-json\/wp\/v2\/product_tag?post=2501"}],"curies":[{"name":"wp","href":"https:\/\/api.w.org\/{rel}","templated":true}]}}