{"id":2437,"date":"2019-08-07T13:20:05","date_gmt":"2019-08-07T11:20:05","guid":{"rendered":"https:\/\/lescop.panelserver.org\/?post_type=product&#038;p=2437"},"modified":"2020-05-19T11:28:17","modified_gmt":"2020-05-19T09:28:17","slug":"armario-portafusibles","status":"publish","type":"product","link":"https:\/\/lescop.com\/es\/catalogo\/armarios\/armario-portafusibles\/","title":{"rendered":"ARMARIO PORTAFUSIBLES."},"content":{"rendered":"","protected":false},"excerpt":{"rendered":"<div class=\"content-wrapper clearfix\">\n<div class=\"container single-portfolio\">\n<div class=\"eleven columns\">\n<div class=\"portfolio-single-description clearfix\">\n<p>Armario para protecci\u00f3n contra cortocircuitos de l\u00edneas trif\u00e1sicas <strong>hasta 12kV<\/strong>.<\/p>\n<\/div>\n<\/div>\n<\/div>\n<\/div>\n","protected":false},"featured_media":5859,"template":"","meta":[],"product_brand":[],"product_cat":[118],"product_tag":[],"class_list":{"0":"post-2437","1":"product","2":"type-product","3":"status-publish","4":"has-post-thumbnail","6":"product_cat-armarios","7":"description-off","9":"first","10":"instock","11":"shipping-taxable","12":"product-type-simple"},"_links":{"self":[{"href":"https:\/\/lescop.com\/es\/wp-json\/wp\/v2\/product\/2437","targetHints":{"allow":["GET"]}}],"collection":[{"href":"https:\/\/lescop.com\/es\/wp-json\/wp\/v2\/product"}],"about":[{"href":"https:\/\/lescop.com\/es\/wp-json\/wp\/v2\/types\/product"}],"wp:featuredmedia":[{"embeddable":true,"href":"https:\/\/lescop.com\/es\/wp-json\/wp\/v2\/media\/5859"}],"wp:attachment":[{"href":"https:\/\/lescop.com\/es\/wp-json\/wp\/v2\/media?parent=2437"}],"wp:term":[{"taxonomy":"product_brand","embeddable":true,"href":"https:\/\/lescop.com\/es\/wp-json\/wp\/v2\/product_brand?post=2437"},{"taxonomy":"product_cat","embeddable":true,"href":"https:\/\/lescop.com\/es\/wp-json\/wp\/v2\/product_cat?post=2437"},{"taxonomy":"product_tag","embeddable":true,"href":"https:\/\/lescop.com\/es\/wp-json\/wp\/v2\/product_tag?post=2437"}],"curies":[{"name":"wp","href":"https:\/\/api.w.org\/{rel}","templated":true}]}}