{"id":2416,"date":"2020-01-24T13:07:28","date_gmt":"2020-01-24T12:07:28","guid":{"rendered":"https:\/\/lescop.panelserver.org\/?post_type=product&#038;p=2416"},"modified":"2020-06-02T10:01:48","modified_gmt":"2020-06-02T08:01:48","slug":"aisladores-apoyo-para-servicio-interior","status":"publish","type":"product","link":"https:\/\/lescop.com\/es\/catalogo\/otros-productos\/aisladores-apoyo-para-servicio-interior\/","title":{"rendered":"AISLADORES y PIEZAS DE RESINA. <BR><small>Servicio Interior.<\/small>"},"content":{"rendered":"","protected":false},"excerpt":{"rendered":"<p style=\"text-align: justify;\">En nuestras piezas, el dise\u00f1o, la utilizaci\u00f3n de resina sint\u00e9tica cargada y el control exhaustivo de cada etapa de la fabricaci\u00f3n se re\u00fanen para conseguir las mejores propiedades el\u00e9ctricas y mec\u00e1nicas:<\/p>\n<ul style=\"text-align: justify;\">\n<li><em>El\u00e9ctricas:\u00a0<\/em>de aislamiento, de resistencia al arco y de resistencia a las descargas rampantes.<\/li>\n<li><em>Mec\u00e1nicas: <\/em>de resistencia al choque y a la flexi\u00f3n.<\/li>\n<\/ul>\n<p style=\"text-align: justify;\">Son inatacables por la mayor\u00eda de los agentes qu\u00edmicos altamente corrosivos y tienen un riesgo de incendio nulo.<\/p>\n<p style=\"text-align: justify;\">Los aisladores llevan insertadas armaduras met\u00e1licas en la superficie de la cabeza y de la base para permitir su fijaci\u00f3n al soporte y al conductor.<\/p>\n<p style=\"text-align: justify;\">Nuestra gama de productos incluye tambi\u00e9n, piezas especiales a partir de planos entregados por los clientes o elaborados, en base a sus necesidades, por nuestro departamento t\u00e9cnico.<\/p>\n","protected":false},"featured_media":5982,"template":"","meta":[],"product_brand":[],"product_cat":[42],"product_tag":[],"class_list":{"0":"post-2416","1":"product","2":"type-product","3":"status-publish","4":"has-post-thumbnail","6":"product_cat-otros-productos","7":"description-off","9":"first","10":"instock","11":"shipping-taxable","12":"product-type-simple"},"_links":{"self":[{"href":"https:\/\/lescop.com\/es\/wp-json\/wp\/v2\/product\/2416","targetHints":{"allow":["GET"]}}],"collection":[{"href":"https:\/\/lescop.com\/es\/wp-json\/wp\/v2\/product"}],"about":[{"href":"https:\/\/lescop.com\/es\/wp-json\/wp\/v2\/types\/product"}],"wp:featuredmedia":[{"embeddable":true,"href":"https:\/\/lescop.com\/es\/wp-json\/wp\/v2\/media\/5982"}],"wp:attachment":[{"href":"https:\/\/lescop.com\/es\/wp-json\/wp\/v2\/media?parent=2416"}],"wp:term":[{"taxonomy":"product_brand","embeddable":true,"href":"https:\/\/lescop.com\/es\/wp-json\/wp\/v2\/product_brand?post=2416"},{"taxonomy":"product_cat","embeddable":true,"href":"https:\/\/lescop.com\/es\/wp-json\/wp\/v2\/product_cat?post=2416"},{"taxonomy":"product_tag","embeddable":true,"href":"https:\/\/lescop.com\/es\/wp-json\/wp\/v2\/product_tag?post=2416"}],"curies":[{"name":"wp","href":"https:\/\/api.w.org\/{rel}","templated":true}]}}