{"id":2377,"date":"2020-01-24T13:14:02","date_gmt":"2020-01-24T12:14:02","guid":{"rendered":"https:\/\/lescop.panelserver.org\/?post_type=product&#038;p=2377"},"modified":"2020-11-04T14:43:54","modified_gmt":"2020-11-04T13:43:54","slug":"mol-3-interruptor-tripolar","status":"publish","type":"product","link":"https:\/\/lescop.com\/es\/catalogo\/interruptores-seccionadores\/mol-3-interruptor-tripolar\/","title":{"rendered":"MOL-3. <br><small>Interruptor Tripolar.<\/small>"},"content":{"rendered":"","protected":false},"excerpt":{"rendered":"<p style=\"text-align: justify;\">El <strong>Mol-3<\/strong> es un <strong>interruptor seccionador tripolar<\/strong>, de doble ruptura en seco, encapsulado en resina, para uso general.<\/p>\n<ul>\n<li style=\"list-style-type: none;\">\n<ul>\n<li style=\"list-style-type: none;\">\n<ul style=\"text-align: justify;\">\n<li>Tensi\u00f3n nominal: 3,6 kV<\/li>\n<li>Intensidad nominal: 125 A<\/li>\n<li>Poder de corte nominal: 125 A<\/li>\n<li>Poder de cierre en c.c.: 2,5 kA<\/li>\n<\/ul>\n<\/li>\n<\/ul>\n<\/li>\n<\/ul>\n<p style=\"text-align: justify;\">Tipos:<br \/>\n&#8211; <strong>MOL-3<\/strong>, para l\u00edneas de bucle.<br \/>\n&#8211; <strong>MOL-3\/C<\/strong>, para l\u00edneas de derivaci\u00f3n y protecci\u00f3n.<\/p>\n<p style=\"text-align: justify;\">Fabricados seg\u00fan norma <strong>UNE-EN 62271-1<\/strong> y <strong>UNE-EN 62271-103.<\/strong><\/p>\n<p>&nbsp;<\/p>\n<p><a href=\"https:\/\/lescop.com\/wp-content\/uploads\/2019\/10\/Mol-3F_tripolar_Catalogo_Castellano_2019.pdf\">Cat\u00e1logo Mol-3 tripolar<\/a><\/p>\n<p><a href=\"https:\/\/lescop.com\/wp-content\/uploads\/2019\/10\/Manual_Instrucciones_Mol-3_Web.pdf\">Manual Instrucciones Mol-3<\/a><\/p>\n","protected":false},"featured_media":5966,"template":"","meta":[],"product_brand":[],"product_cat":[43,125],"product_tag":[],"class_list":{"0":"post-2377","1":"product","2":"type-product","3":"status-publish","4":"has-post-thumbnail","6":"product_cat-interruptores-seccionadores","7":"product_cat-sector-ferroviario-adif","8":"description-off","10":"first","11":"instock","12":"shipping-taxable","13":"product-type-simple"},"_links":{"self":[{"href":"https:\/\/lescop.com\/es\/wp-json\/wp\/v2\/product\/2377","targetHints":{"allow":["GET"]}}],"collection":[{"href":"https:\/\/lescop.com\/es\/wp-json\/wp\/v2\/product"}],"about":[{"href":"https:\/\/lescop.com\/es\/wp-json\/wp\/v2\/types\/product"}],"wp:featuredmedia":[{"embeddable":true,"href":"https:\/\/lescop.com\/es\/wp-json\/wp\/v2\/media\/5966"}],"wp:attachment":[{"href":"https:\/\/lescop.com\/es\/wp-json\/wp\/v2\/media?parent=2377"}],"wp:term":[{"taxonomy":"product_brand","embeddable":true,"href":"https:\/\/lescop.com\/es\/wp-json\/wp\/v2\/product_brand?post=2377"},{"taxonomy":"product_cat","embeddable":true,"href":"https:\/\/lescop.com\/es\/wp-json\/wp\/v2\/product_cat?post=2377"},{"taxonomy":"product_tag","embeddable":true,"href":"https:\/\/lescop.com\/es\/wp-json\/wp\/v2\/product_tag?post=2377"}],"curies":[{"name":"wp","href":"https:\/\/api.w.org\/{rel}","templated":true}]}}