{"id":2341,"date":"2020-01-24T13:11:21","date_gmt":"2020-01-24T12:11:21","guid":{"rendered":"https:\/\/lescop.panelserver.org\/?post_type=product&#038;p=2341"},"modified":"2020-02-10T15:52:59","modified_gmt":"2020-02-10T14:52:59","slug":"fuc-c-interruptor-ruptofusible","status":"publish","type":"product","link":"https:\/\/lescop.com\/es\/catalogo\/interruptores-seccionadores\/fuc-c-interruptor-ruptofusible\/","title":{"rendered":"FUC\/C. <br><small>Interruptor Ruptofusible.<\/small>"},"content":{"rendered":"","protected":false},"excerpt":{"rendered":"<p style=\"text-align: justify;\">El <strong>FUC\/C<\/strong> es un<strong> interruptor ruptofusible combinado<\/strong> para uso general, equipado con dispositivo de disparo autom\u00e1tico. Corta con la misma eficacia corrientes de carga activa, de carga de transformador y de cables en vac\u00edo.<\/p>\n<p style=\"text-align: justify;\">Para l\u00edneas de <strong>12 a 36 kV<\/strong>, e intensidades de <strong>400A<\/strong> y <strong>630A<\/strong>.<\/p>\n<p style=\"text-align: justify;\">Los fusibles, equipados con percutor, generan la apertura autom\u00e1tica de los tres polos cuando act\u00faa el percutor de alguno de ellos.<\/p>\n<p style=\"text-align: justify;\">La apertura autom\u00e1tica del FUC\/C puede originarse por:<br \/>\n&#8211; \u00a0Los percutores de los fusibles.<br \/>\n&#8211; \u00a0Rel\u00e9s directos tipo PTE-4.<br \/>\n&#8211; \u00a0Rel\u00e9 de desconexi\u00f3n a emisi\u00f3n de corriente.<\/p>\n<p style=\"text-align: justify;\">Fabricados seg\u00fan norma <strong>UNE-EN 62271-1<\/strong> y <strong>UNE-EN 62271-103.<\/strong><\/p>\n<p>&nbsp;<\/p>\n<p><a href=\"https:\/\/lescop.com\/wp-content\/uploads\/2019\/10\/FUCC_FUCCm_Catalogo_Castellano_2019.pdf\">Cat\u00e1logo FUCC \/ FUCCm<\/a><\/p>\n<p><a href=\"https:\/\/lescop.com\/wp-content\/uploads\/2019\/10\/Catalogo_Aparellaje-Completo_2019.pdf\">Cat\u00e1logo Aparellaje<\/a><\/p>\n<p><a href=\"https:\/\/lescop.com\/wp-content\/uploads\/2019\/10\/Manual_Instrucciones_FUC_WEB.pdf\">Manual Instrucciones FUC<\/a><\/p>\n","protected":false},"featured_media":5958,"template":"","meta":[],"product_brand":[],"product_cat":[43],"product_tag":[],"class_list":{"0":"post-2341","1":"product","2":"type-product","3":"status-publish","4":"has-post-thumbnail","6":"product_cat-interruptores-seccionadores","7":"description-off","9":"first","10":"instock","11":"shipping-taxable","12":"product-type-simple"},"_links":{"self":[{"href":"https:\/\/lescop.com\/es\/wp-json\/wp\/v2\/product\/2341","targetHints":{"allow":["GET"]}}],"collection":[{"href":"https:\/\/lescop.com\/es\/wp-json\/wp\/v2\/product"}],"about":[{"href":"https:\/\/lescop.com\/es\/wp-json\/wp\/v2\/types\/product"}],"wp:featuredmedia":[{"embeddable":true,"href":"https:\/\/lescop.com\/es\/wp-json\/wp\/v2\/media\/5958"}],"wp:attachment":[{"href":"https:\/\/lescop.com\/es\/wp-json\/wp\/v2\/media?parent=2341"}],"wp:term":[{"taxonomy":"product_brand","embeddable":true,"href":"https:\/\/lescop.com\/es\/wp-json\/wp\/v2\/product_brand?post=2341"},{"taxonomy":"product_cat","embeddable":true,"href":"https:\/\/lescop.com\/es\/wp-json\/wp\/v2\/product_cat?post=2341"},{"taxonomy":"product_tag","embeddable":true,"href":"https:\/\/lescop.com\/es\/wp-json\/wp\/v2\/product_tag?post=2341"}],"curies":[{"name":"wp","href":"https:\/\/api.w.org\/{rel}","templated":true}]}}