{"id":2316,"date":"2020-01-24T13:08:47","date_gmt":"2020-01-24T12:08:47","guid":{"rendered":"https:\/\/lescop.panelserver.org\/?post_type=product&#038;p=2316"},"modified":"2020-03-18T07:43:27","modified_gmt":"2020-03-18T06:43:27","slug":"sile-u-seccionador-en-vacio-unipolar","status":"publish","type":"product","link":"https:\/\/lescop.com\/es\/catalogo\/interruptores-seccionadores\/sile-u-seccionador-en-vacio-unipolar\/","title":{"rendered":"SILE-U. <br><small>Seccionador unipolar en vac\u00edo.<\/small>"},"content":{"rendered":"","protected":false},"excerpt":{"rendered":"<p style=\"text-align: justify;\">El <strong>SILE-U<\/strong> es un <strong>seccionador en vac\u00edo, <\/strong>de <strong>servicio interior unipolar<\/strong>, para uso general.<\/p>\n<p style=\"text-align: justify;\">Para l\u00edneas de <strong>12 a 36 kV<\/strong> e intensidades de <strong>400 y 630 A.<\/strong><\/p>\n<p style=\"text-align: justify;\">Est\u00e1 montado sobre un bastidor de acero laminado, protegido contra la corrosi\u00f3n por pintura Epoxi. La cuchilla de seccionamiento est\u00e1 formada por dos v\u00edas en paralelo y un contacto central, accionada mediante una biela.<\/p>\n<p style=\"text-align: justify;\">Fabricado seg\u00fan norma <strong>UNE-EN 62271-1 <\/strong>y <strong>UNE-EN 62271-102.<\/strong><\/p>\n<p>&nbsp;<\/p>\n<p><a href=\"https:\/\/lescop.com\/wp-content\/uploads\/2019\/10\/SILE-U_Catalogo_Castellano_2019.pdf\">Cat\u00e1logo SILE-U<\/a><\/p>\n<p><a href=\"https:\/\/lescop.com\/wp-content\/uploads\/2019\/10\/Catalogo_Aparellaje-Tipos_de_accionamientos_maniobras_2019.pdf\">Tipos de accionamientos maniobras<\/a><\/p>\n<p><a href=\"https:\/\/lescop.com\/wp-content\/uploads\/2019\/10\/Catalogo_Aparellaje-Ejemplo_de_maniobras_2019.pdf\">Ejemplo de maniobras<\/a><\/p>\n<p><a href=\"https:\/\/lescop.com\/wp-content\/uploads\/2019\/10\/Catalogo_Aparellaje-Completo_2019.pdf\">Cat\u00e1logo Aparellaje<\/a><\/p>\n<p><a href=\"https:\/\/lescop.com\/wp-content\/uploads\/2019\/10\/Manual_Instrucciones_SILE-U_WEB.pdf\">Manual Instrucciones SILE-U<\/a><\/p>\n","protected":false},"featured_media":5994,"template":"","meta":[],"product_brand":[],"product_cat":[43],"product_tag":[57,58],"class_list":{"0":"post-2316","1":"product","2":"type-product","3":"status-publish","4":"has-post-thumbnail","6":"product_cat-interruptores-seccionadores","7":"product_tag-seccionador-en-vacio","8":"product_tag-unipolar","9":"description-off","11":"first","12":"instock","13":"shipping-taxable","14":"product-type-simple"},"_links":{"self":[{"href":"https:\/\/lescop.com\/es\/wp-json\/wp\/v2\/product\/2316","targetHints":{"allow":["GET"]}}],"collection":[{"href":"https:\/\/lescop.com\/es\/wp-json\/wp\/v2\/product"}],"about":[{"href":"https:\/\/lescop.com\/es\/wp-json\/wp\/v2\/types\/product"}],"wp:featuredmedia":[{"embeddable":true,"href":"https:\/\/lescop.com\/es\/wp-json\/wp\/v2\/media\/5994"}],"wp:attachment":[{"href":"https:\/\/lescop.com\/es\/wp-json\/wp\/v2\/media?parent=2316"}],"wp:term":[{"taxonomy":"product_brand","embeddable":true,"href":"https:\/\/lescop.com\/es\/wp-json\/wp\/v2\/product_brand?post=2316"},{"taxonomy":"product_cat","embeddable":true,"href":"https:\/\/lescop.com\/es\/wp-json\/wp\/v2\/product_cat?post=2316"},{"taxonomy":"product_tag","embeddable":true,"href":"https:\/\/lescop.com\/es\/wp-json\/wp\/v2\/product_tag?post=2316"}],"curies":[{"name":"wp","href":"https:\/\/api.w.org\/{rel}","templated":true}]}}