{"id":2137,"date":"2019-08-02T17:02:32","date_gmt":"2019-08-02T15:02:32","guid":{"rendered":"https:\/\/lescop.panelserver.org\/?post_type=product&#038;p=2137"},"modified":"2023-05-04T13:43:03","modified_gmt":"2023-05-04T11:43:03","slug":"arm-armario-de-resistencias-de-carga","status":"publish","type":"product","link":"https:\/\/lescop.com\/es\/catalogo\/transformadores-de-medida\/tension-exterior\/arm-armario-de-resistencias-de-carga\/","title":{"rendered":"ARM TT.<br><small> Armario de resistencias de carga para TT.<\/small>"},"content":{"rendered":"","protected":false},"excerpt":{"rendered":"<p style=\"text-align: justify;\">El <strong>ARM TT<\/strong> es un armario de resistencias de carga para transformadores de tensi\u00f3n, compuesto de una a tres agrupaciones de 3 resistencias, con su respectivo regletero y su interruptor magnetot\u00e9rmico de 2 A, ubicados en un armario met\u00e1lico con ventilaci\u00f3n (natural o forzada, dependiendo de las caracter\u00edsticas solicitadas) y con las conexiones protegidas por una cubierta precintable.<\/p>\n<p style=\"text-align: justify;\">El armario est\u00e1 fabricado en chapa (de acero lacada o acero inoxidable, seg\u00fan requisitos) con cierre de doble palet\u00f3n de 3 mm accionado por aldabilla, y precintado mediante tornillo ranurado para evitar posibles manipulaciones.<\/p>\n<p style=\"text-align: justify;\">Est\u00e1 dise\u00f1ado para servicio interior. Bajo demanda se puede fabricar para servicio exterior, as\u00ed como con diferentes configuraciones.<\/p>\n<p style=\"text-align: justify;\">Su funci\u00f3n es la de <strong>consumir la potencia necesaria para que el transformador trabaje, como m\u00ednimo, al 25% de su carga de precisi\u00f3n<\/strong> en los casos en que las cargas conectadas al aparato (contadores, rel\u00e9s, etc.) no lleguen al m\u00ednimo necesario para garantizar la precisi\u00f3n de la medida.<\/p>\n<p>&nbsp;<\/p>\n<p><a href=\"https:\/\/lescop.com\/wp-content\/uploads\/2023\/04\/Ficha-ARMT-REE.pdf\">Ficha T\u00e9cnica ARM TT<\/a><br \/>\n<a href=\"https:\/\/lescop.com\/wp-content\/uploads\/2023\/04\/MIC.ARMT_.-Castellano-ARM.pdf\">Manual Instrucciones ARM TT<\/a><\/p>\n","protected":false},"featured_media":9217,"template":"","meta":[],"product_brand":[],"product_cat":[118,50,49,44],"product_tag":[55],"class_list":{"0":"post-2137","1":"product","2":"type-product","3":"status-publish","4":"has-post-thumbnail","6":"product_cat-armarios","7":"product_cat-tension-exterior","8":"product_cat-tension-interior","9":"product_cat-transformadores-de-medida","10":"product_tag-armario","11":"description-off","13":"first","14":"instock","15":"shipping-taxable","16":"product-type-simple"},"_links":{"self":[{"href":"https:\/\/lescop.com\/es\/wp-json\/wp\/v2\/product\/2137","targetHints":{"allow":["GET"]}}],"collection":[{"href":"https:\/\/lescop.com\/es\/wp-json\/wp\/v2\/product"}],"about":[{"href":"https:\/\/lescop.com\/es\/wp-json\/wp\/v2\/types\/product"}],"wp:featuredmedia":[{"embeddable":true,"href":"https:\/\/lescop.com\/es\/wp-json\/wp\/v2\/media\/9217"}],"wp:attachment":[{"href":"https:\/\/lescop.com\/es\/wp-json\/wp\/v2\/media?parent=2137"}],"wp:term":[{"taxonomy":"product_brand","embeddable":true,"href":"https:\/\/lescop.com\/es\/wp-json\/wp\/v2\/product_brand?post=2137"},{"taxonomy":"product_cat","embeddable":true,"href":"https:\/\/lescop.com\/es\/wp-json\/wp\/v2\/product_cat?post=2137"},{"taxonomy":"product_tag","embeddable":true,"href":"https:\/\/lescop.com\/es\/wp-json\/wp\/v2\/product_tag?post=2137"}],"curies":[{"name":"wp","href":"https:\/\/api.w.org\/{rel}","templated":true}]}}