{"id":2833,"date":"2017-12-06T11:42:00","date_gmt":"2017-12-06T10:42:00","guid":{"rendered":"https:\/\/lescop.panelserver.org\/contacto\/"},"modified":"2023-05-05T12:37:21","modified_gmt":"2023-05-05T10:37:21","slug":"contact","status":"publish","type":"page","link":"https:\/\/lescop.com\/en\/contact\/","title":{"rendered":"CONTACT"},"content":{"rendered":"<div class=\"wpb-content-wrapper\"><p>[vc_row equal_height=&#8221;yes&#8221; content_placement=&#8221;top&#8221; css=&#8221;.vc_custom_1564750307021{padding-bottom: 40px !important;}&#8221; el_id=&#8221;contact&#8221;][vc_column css=&#8221;.vc_custom_1515176050896{padding-top: 10px !important;padding-bottom: 50px !important;background-position: center !important;background-repeat: no-repeat !important;background-size: cover !important;}&#8221; offset=&#8221;vc_col-lg-6 vc_col-md-6&#8243;][vc_empty_space]<div class=\"aio-icon-component  vc_custom_1683279804456  accent-icon-bg accent-border-color style_1\"><a class=\"aio-icon-box-link\" href=\"https:\/\/www.google.es\/maps\/dir\/\/Passatge+dels+Rosers,+08940+Cornell%C3%A1+de+Llobregat,+Barcelona\/@41.3677362,2.0748596,17z\/data=!4m9!4m8!1m0!1m5!1m1!1s0x12a4996f4d9b5045:0xcc00a6ea279ae8a9!2m2!1d2.0770536!2d41.3677362!3e0\" target=\"_blank\" rel=\"noopener\" ><div id=\"Info-box-wrap-2971\" class=\"aio-icon-box left-icon\" style=\"\"  ><div class=\"aio-icon-left\"><div class=\"ult-just-icon-wrapper  \"><div class=\"align-icon\" style=\"text-align:center;\">\n<div class=\"aio-icon advanced \"  style=\"color:#ffffff;border-style:;border-color:#333333;border-width:1px;width:50px;height:50px;line-height:50px;border-radius:500px;font-size:24px;display:inline-block;\">\n\t<i class=\"icomoon-font-awesome-14x14-map-marker\"><\/i>\n<\/div><\/div><\/div><\/div><div class=\"aio-ibd-block\"><div class=\"aio-icon-header\" ><h3 class=\"aio-icon-title ult-responsive\"  data-ultimate-target='#Info-box-wrap-2971 .aio-icon-title'  data-responsive-json-new='{\"font-size\":\"desktop:20px;\",\"line-height\":\"desktop:30px;\"}'  style=\"font-weight:bold;\">C\/ Tirso de Molina, 23, 08940 Cornell\u00e1 de Llobregat, Barcelona (Spain)<\/h3><\/div> <!-- header --><\/div> <!-- aio-ibd-block --><\/div> <!-- aio-icon-box --><\/a><\/div> <!-- aio-icon-component --><div class=\"aio-icon-component  vc_custom_1605264516367  accent-icon-bg accent-border-color style_1\"><a class=\"aio-icon-box-link\" href=\"tel:\/\/+34933763100\" ><div id=\"Info-box-wrap-6784\" class=\"aio-icon-box left-icon\" style=\"\"  ><div class=\"aio-icon-left\"><div class=\"ult-just-icon-wrapper  \"><div class=\"align-icon\" style=\"text-align:center;\">\n<div class=\"aio-icon advanced \"  style=\"color:#ffffff;border-style:;border-color:#333333;border-width:1px;width:50px;height:50px;line-height:50px;border-radius:500px;font-size:24px;display:inline-block;\">\n\t<i class=\"icomoon-font-awesome-14x14-phone\"><\/i>\n<\/div><\/div><\/div><\/div><div class=\"aio-ibd-block\"><div class=\"aio-icon-header\" ><h3 class=\"aio-icon-title ult-responsive\"  data-ultimate-target='#Info-box-wrap-6784 .aio-icon-title'  data-responsive-json-new='{\"font-size\":\"desktop:20px;\",\"line-height\":\"desktop:30px;\"}'  style=\"font-weight:bold;\">+34 93 376 31 00<\/h3><\/div> <!-- header --><\/div> <!-- aio-ibd-block --><\/div> <!-- aio-icon-box --><\/a><\/div> <!-- aio-icon-component --><div class=\"aio-icon-component  vc_custom_1605264594892  accent-icon-bg accent-border-color style_1\"><a class=\"aio-icon-box-link\" href=\"mailto:lescop@lescop.com\" target=\"_blank\" rel=\"noopener\" ><div id=\"Info-box-wrap-9566\" class=\"aio-icon-box left-icon\" style=\"\"  ><div class=\"aio-icon-left\"><div class=\"ult-just-icon-wrapper  \"><div class=\"align-icon\" style=\"text-align:center;\">\n<div class=\"aio-icon advanced \"  style=\"color:#ffffff;border-style:;border-color:#333333;border-width:1px;width:50px;height:50px;line-height:50px;border-radius:500px;font-size:24px;display:inline-block;\">\n\t<i class=\"icomoon-font-awesome-14x14-envelope\"><\/i>\n<\/div><\/div><\/div><\/div><div class=\"aio-ibd-block\"><div class=\"aio-icon-header\" ><h3 class=\"aio-icon-title ult-responsive\"  data-ultimate-target='#Info-box-wrap-9566 .aio-icon-title'  data-responsive-json-new='{\"font-size\":\"desktop:20px;\",\"line-height\":\"desktop:30px;\"}'  style=\"font-weight:bold;\">lescop@lescop.com<\/h3><\/div> <!-- header --><\/div> <!-- aio-ibd-block --><\/div> <!-- aio-icon-box --><\/a><\/div> <!-- aio-icon-component --><div class=\"aio-icon-component  vc_custom_1581328528320  accent-icon-bg accent-border-color style_1\"><div id=\"Info-box-wrap-4461\" class=\"aio-icon-box left-icon\" style=\"\"  ><div class=\"aio-icon-left\"><div class=\"ult-just-icon-wrapper  \"><div class=\"align-icon\" style=\"text-align:center;\">\n<div class=\"aio-icon advanced \"  style=\"color:#ffffff;border-style:;border-color:#333333;border-width:1px;width:50px;height:50px;line-height:50px;border-radius:500px;font-size:24px;display:inline-block;\">\n\t<i class=\"fas fa-globe\"><\/i>\n<\/div><\/div><\/div><\/div><div class=\"aio-ibd-block\"><div class=\"aio-icon-header\" ><h3 class=\"aio-icon-title ult-responsive\"  data-ultimate-target='#Info-box-wrap-4461 .aio-icon-title'  data-responsive-json-new='{\"font-size\":\"desktop:20px;\",\"line-height\":\"desktop:30px;\"}'  style=\"font-weight:bold;\">DELEGATIONS<\/h3><\/div> <!-- header --><div class=\"aio-icon-description ult-responsive\"  data-ultimate-target='#Info-box-wrap-4461 .aio-icon-description'  data-responsive-json-new='{\"font-size\":\"\",\"line-height\":\"\"}'  style=\"\"><span class=\"tlid-translation translation\" lang=\"en\"><span class=\"\" title=\"\">Spain, Portugal, Morocco, Tunisia<\/span><\/span><\/div> <!-- description --><\/div> <!-- aio-ibd-block --><\/div> <!-- aio-icon-box --><\/div> <!-- aio-icon-component -->[\/vc_column][vc_column css=&#8221;.vc_custom_1515176056012{padding-bottom: 50px !important;background-position: center !important;background-repeat: no-repeat !important;background-size: cover !important;}&#8221; offset=&#8221;vc_col-lg-6 vc_col-md-6&#8243;][vc_column_text]<iframe loading=\"lazy\" style=\"border: 0;\" src=\"https:\/\/www.google.com\/maps\/embed?pb=!1m18!1m12!1m3!1d2994.3114282365127!2d2.0743555152826723!3d41.367318079265985!2m3!1f0!2f0!3f0!3m2!1i1024!2i768!4f13.1!3m3!1m2!1s0x12a499accd70f25d%3A0x1820a1dd151d50dd!2sLaboratorio+Electrotecnico+S+Coop+Ltda!5e0!3m2!1ses!2ses!4v1564748706542!5m2!1ses!2ses\" width=\"100%\" height=\"450\" frameborder=\"0\" allowfullscreen=\"allowfullscreen\"><\/iframe>[\/vc_column_text][\/vc_column][\/vc_row][vc_row full_width=&#8221;stretch_row&#8221; bg_type=&#8221;bg_color&#8221; bg_color_value=&#8221;#f7f7f7&#8243; css=&#8221;.vc_custom_1565106495687{border-bottom-width: 40px !important;padding-top: 0px !important;padding-bottom: 0px !important;}&#8221;][vc_column][vc_tabs interval=&#8221;0&#8243; style=&#8221;tab-style-four&#8221;][vc_tab title=&#8221;NATIONAL OFFICES&#8221; tab_id=&#8221;826d6391-8f70-3&#8243;][vc_row_inner equal_height=&#8221;yes&#8221; content_placement=&#8221;top&#8221; gap=&#8221;30&#8243;][vc_column_inner width=&#8221;1\/3&#8243; css=&#8221;.vc_custom_1565106073403{background-color: #ffffff !important;}&#8221;][vc_column_text css=&#8221;.vc_custom_1683279863817{padding-top: 20px !important;padding-right: 20px !important;padding-bottom: 20px !important;padding-left: 20px !important;}&#8221;]<\/p>\n<h3>SEDE CENTRAL<\/h3>\n<p>LABORATORIO ELECTROT\u00c9CNICO<br \/>\nC\/ Tirso de Molina, 23<br \/>\n08940 Cornell\u00e1 de Llobregat (BARCELONA)<br \/>\nTelf: +34 933 763 100<br \/>\nE-mail: <a href=\"mailto:lescop@lescop.com\">lescop@lescop.com<\/a>[\/vc_column_text][\/vc_column_inner][vc_column_inner width=&#8221;1\/3&#8243; css=&#8221;.vc_custom_1565106088781{background-color: #ffffff !important;}&#8221;][vc_column_text css=&#8221;.vc_custom_1683282881426{padding-top: 20px !important;padding-right: 20px !important;padding-bottom: 20px !important;padding-left: 20px !important;}&#8221;]<\/p>\n<h3>A CORU\u00d1A, LUGO, ORENSE Y PONTEVEDRA<\/h3>\n<p>YAGO SIM\u00d3N SANCHEZ<br \/>\nC\/ Alcalde Lia\u00f1o Flores, 4 Portal 5 bajo 1<br \/>\n15011 A Coru\u00f1a (A CORU\u00d1A)<br \/>\nTelf: +34 981 220 041<br \/>\nM\u00f3vil: 667 444 030<br \/>\nE-mail: <a href=\"mailto:yagosimon@gmail.com\">yagosimon@gmail.com<\/a>[\/vc_column_text][\/vc_column_inner][vc_column_inner width=&#8221;1\/3&#8243; css=&#8221;.vc_custom_1565106148180{background-color: #ffffff !important;}&#8221;][vc_column_text css=&#8221;.vc_custom_1683280233196{padding-top: 20px !important;padding-right: 20px !important;padding-bottom: 20px !important;padding-left: 20px !important;}&#8221;]<\/p>\n<h3>ALICANTE<\/h3>\n<p>ANTONIO LLINARES SIRVENT<br \/>\nC\/ Gabriel Mir\u00f3, 7 &#8211; 9<br \/>\n03201 Elche (ALICANTE)<br \/>\nM\u00f3vil: 601 225 941<br \/>\nE-mail: <a href=\"mailto:a.llinares@lliver.es\">a.llinares@lliver.es<\/a><br \/>\nE-mail: <a href=\"mailto:a.llinares@hotmail.com\">a.llinares@hotmail.com<\/a>[\/vc_column_text][\/vc_column_inner][\/vc_row_inner][vc_row_inner equal_height=&#8221;yes&#8221; content_placement=&#8221;top&#8221; gap=&#8221;30&#8243;][vc_column_inner width=&#8221;1\/3&#8243; css=&#8221;.vc_custom_1565106073403{background-color: #ffffff !important;}&#8221;][vc_column_text css=&#8221;.vc_custom_1683280291410{padding-top: 20px !important;padding-right: 20px !important;padding-bottom: 20px !important;padding-left: 20px !important;}&#8221;]<\/p>\n<h3>CASTILLA LE\u00d3N Y CANTABRIA<\/h3>\n<p>AGUST\u00cdN GARC\u00cdA S\u00c1NCHEZ<br \/>\nC\/ Magistral Delgado, Portal 1\u00ba A<br \/>\n49031 Zamora (ZAMORA)<br \/>\nM\u00f3vil: 618 507 433<br \/>\nE-mail: <a href=\"mailto:agustin.gsanchez@hotmail.com\">agustin.gsanchez@hotmail.com<\/a>[\/vc_column_text][\/vc_column_inner][vc_column_inner width=&#8221;1\/3&#8243; css=&#8221;.vc_custom_1565106088781{background-color: #ffffff !important;}&#8221;][vc_column_text css=&#8221;.vc_custom_1683280343648{padding-top: 20px !important;padding-right: 20px !important;padding-bottom: 20px !important;padding-left: 20px !important;}&#8221;]<\/p>\n<h3>JA\u00c9N<\/h3>\n<p>ANTONIO PEGALAJAR<br \/>\nC\/ Cazalilla, Parc 26<br \/>\n23009 Jaen (JAEN)<br \/>\nTelf: +34 953 089 364<br \/>\nM\u00f3vil: 639 618 686<br \/>\nE-mail: <a href=\"mailto:rpescoriza@gmail.com\">rpescoriza@gmail.com<\/a><br \/>\nE-mail: <a href=\"mailto:jaen@lescop.com\">jaen@lescop.com<\/a>[\/vc_column_text][\/vc_column_inner][vc_column_inner width=&#8221;1\/3&#8243; css=&#8221;.vc_custom_1565106148180{background-color: #ffffff !important;}&#8221;][vc_column_text css=&#8221;.vc_custom_1683280405061{padding-top: 20px !important;padding-right: 20px !important;padding-bottom: 20px !important;padding-left: 20px !important;}&#8221;]<\/p>\n<h3>MURCIA, ALBACETE Y ALMER\u00cdA<\/h3>\n<p>EDUARDO BALLESTA GOMEZ<br \/>\nC\/ Alfareros, 4 &#8211; 4\u00baD<br \/>\n30005 Murcia (MURCIA)<br \/>\nTelf: +34 968 294 276<br \/>\nM\u00f3vil: 630 914 246<br \/>\nE-mail: <a href=\"mailto:eballesta@telefonica.net\">eballesta@telefonica.net<\/a><br \/>\nE-mail: <a href=\"mailto:murcia@lescop.com\">murcia@lescop.com<\/a>[\/vc_column_text][\/vc_column_inner][\/vc_row_inner][vc_row_inner equal_height=&#8221;yes&#8221; content_placement=&#8221;top&#8221; gap=&#8221;30&#8243;][vc_column_inner width=&#8221;1\/3&#8243; css=&#8221;.vc_custom_1565106073403{background-color: #ffffff !important;}&#8221;][vc_column_text css=&#8221;.vc_custom_1683280483964{padding-top: 20px !important;padding-right: 20px !important;padding-bottom: 20px !important;padding-left: 20px !important;}&#8221;]<\/p>\n<h3>SEVILLA, C\u00c1DIZ, HUELVA, M\u00c1LAGA Y GRANADA<\/h3>\n<p>Telf: +34 933 763 100<br \/>\nE-mail: <a href=\"mailto:lescop@lescop.com\">lescop@lescop.com<\/a><br \/>\nE-mail: <a href=\"mailto:sevilla@lescop.com\">sevilla@lescop.com<\/a>[\/vc_column_text][\/vc_column_inner][vc_column_inner width=&#8221;1\/3&#8243; css=&#8221;.vc_custom_1565106088781{background-color: #ffffff !important;}&#8221;][vc_column_text css=&#8221;.vc_custom_1683280533814{padding-top: 20px !important;padding-right: 20px !important;padding-bottom: 20px !important;padding-left: 20px !important;}&#8221;]<\/p>\n<h3>VALENCIA Y CASTELL\u00d3N<\/h3>\n<p>ANTONIO LLINARES SIRVENT<br \/>\nC\/ Gabriel Mir\u00f3, 7 &#8211; 9<br \/>\n03201 Elche (ALICANTE)<br \/>\nM\u00f3vil: 601 225 941<br \/>\nE-mail: <a href=\"mailto:a.llinares@lliver.es\">a.llinares@lliver.es<\/a><br \/>\nE-mail: <a href=\"mailto:a.llinares@hotmail.com\">a.llinares@hotmail.com<\/a>[\/vc_column_text][\/vc_column_inner][vc_column_inner width=&#8221;1\/3&#8243; css=&#8221;.vc_custom_1565106148180{background-color: #ffffff !important;}&#8221;][vc_column_text css=&#8221;.vc_custom_1683282913536{padding-top: 20px !important;padding-right: 20px !important;padding-bottom: 20px !important;padding-left: 20px !important;}&#8221;]<\/p>\n<h3>CATALU\u00d1A<\/h3>\n<p>JOAN SALL\u00c9S. GESTINEL, S.L.<br \/>\nC\/ Via Augusta, 318, Local 1<br \/>\n08017 Barcelona (CATALUNYA)<br \/>\nTelf: +34 932 066 120<br \/>\nE-mail: <a href=\"mailto:jsalles@gestinel.com\">jsalles@gestinel.com<\/a>[\/vc_column_text][\/vc_column_inner][\/vc_row_inner][vc_row_inner equal_height=&#8221;yes&#8221; content_placement=&#8221;top&#8221; gap=&#8221;30&#8243;][vc_column_inner width=&#8221;1\/3&#8243; css=&#8221;.vc_custom_1565106073403{background-color: #ffffff !important;}&#8221;][vc_column_text css=&#8221;.vc_custom_1683280745260{padding-top: 20px !important;padding-right: 20px !important;padding-bottom: 20px !important;padding-left: 20px !important;}&#8221;]<\/p>\n<h3>PA\u00cdS VASCO Y NAVARRA<\/h3>\n<p>SANTOS RUIZ DE AGUIRRE<br \/>\nC\/ San Bartolome, 3<br \/>\n48940 Lonja Leida (VIZCAYA)<br \/>\nTelf: +34 944 606 262<br \/>\nM\u00f3vil: 661 769 975<br \/>\nE-mail: <a href=\"mailto:serproin@rs2.es\">serproin@rs2.es<\/a>[\/vc_column_text][\/vc_column_inner][vc_column_inner width=&#8221;1\/3&#8243; css=&#8221;.vc_custom_1565106088781{background-color: #ffffff !important;}&#8221;][vc_column_text css=&#8221;.vc_custom_1683280798287{padding-top: 20px !important;padding-right: 20px !important;padding-bottom: 20px !important;padding-left: 20px !important;}&#8221;]<\/p>\n<h3>EXTREMADURA<\/h3>\n<p>SALVADOR QUIRANTE<br \/>\nC\/ Menacho, 38 2\u00baD<br \/>\n06001 Badajoz (BADAJOZ)<br \/>\nTelf: +34 924 246 305<br \/>\nM\u00f3vil: 629 405 689<br \/>\nE-mail: <a href=\"mailto:s.quirante@cgac.es\">s.quirante@cgac.es<\/a>[\/vc_column_text][\/vc_column_inner][vc_column_inner width=&#8221;1\/3&#8243; css=&#8221;.vc_custom_1565106148180{background-color: #ffffff !important;}&#8221;][vc_column_text css=&#8221;.vc_custom_1683282945456{padding-top: 20px !important;padding-right: 20px !important;padding-bottom: 20px !important;padding-left: 20px !important;}&#8221;]<\/p>\n<h3>ZARAGOZA, HUESCA Y TERUEL<\/h3>\n<p>RAFAEL MASTRAL L\u00d3PEZ DE HEREDIA<br \/>\nC\/ Anso, 2-7<br \/>\n50410 Cuarte de Huerva (ZARAGOZA)<br \/>\nM\u00f3vil: 646 170 090<br \/>\nE-mail: <a href=\"mailto:rafael.mastral@zaragoza2008.es\">rafael.mastral@zaragoza2008.es<\/a><br \/>\nE-mail: <a href=\"mailto:aragon@lescop.com\">aragon@lescop.com<\/a>[\/vc_column_text][\/vc_column_inner][\/vc_row_inner][vc_row_inner equal_height=&#8221;yes&#8221; content_placement=&#8221;top&#8221; gap=&#8221;30&#8243;][vc_column_inner width=&#8221;1\/3&#8243; css=&#8221;.vc_custom_1565106073403{background-color: #ffffff !important;}&#8221;][vc_column_text css=&#8221;.vc_custom_1683280905500{padding-top: 20px !important;padding-right: 20px !important;padding-bottom: 20px !important;padding-left: 20px !important;}&#8221;]<\/p>\n<h3>ASTURIAS<\/h3>\n<p>PEDRO SANZ GONZALEZ<br \/>\nAv. Rufo Garc\u00eda Rendueles, 13 1\u00baB<br \/>\n33203 Gijon (ASTURIAS)<br \/>\nTelf: +34 985 130 996<br \/>\nM\u00f3vil: 654 194 521<br \/>\nE-mail: <a href=\"mailto:p.sanz@cgac.es\">p.sanz@cgac.es<\/a>[\/vc_column_text][\/vc_column_inner][vc_column_inner width=&#8221;1\/3&#8243;][\/vc_column_inner][vc_column_inner width=&#8221;1\/3&#8243;][\/vc_column_inner][\/vc_row_inner][\/vc_tab][vc_tab title=&#8221;INTERNATIONAL OFFICES&#8221; tab_id=&#8221;89a23f17-0104-5&#8243;][vc_row_inner equal_height=&#8221;yes&#8221; content_placement=&#8221;top&#8221; gap=&#8221;30&#8243;][vc_column_inner width=&#8221;1\/3&#8243; css=&#8221;.vc_custom_1565106584134{background-color: #ffffff !important;}&#8221;][vc_column_text css=&#8221;.vc_custom_1683281698317{padding-top: 20px !important;padding-right: 20px !important;padding-bottom: 20px !important;padding-left: 20px !important;}&#8221;]<\/p>\n<h3>MARRUECOS<\/h3>\n<p>SOCI\u00c9T\u00c9 MAPRELEC<br \/>\nSecteur 17, J7 Hay Riad<br \/>\n10100 Rabat (MARROC)<br \/>\nPhone: +34 93 376 31 00<br \/>\nE-mail: <a href=\"mailto:exportacion@lescop.com\">exportacion@lescop.com<\/a>[\/vc_column_text][\/vc_column_inner][vc_column_inner width=&#8221;1\/3&#8243; css=&#8221;.vc_custom_1565106603188{background-color: #ffffff !important;}&#8221;][vc_column_text css=&#8221;.vc_custom_1683281860564{padding-top: 20px !important;padding-right: 20px !important;padding-bottom: 20px !important;padding-left: 20px !important;}&#8221;]<\/p>\n<h3>T\u00daNEZ<\/h3>\n<p>E.T.S. Editions Techniques Sp\u00e9cialis\u00e9es<br \/>\n8, Rue Alicante &#8211; Riad El Andalous<br \/>\n2058 Tunis (TUNISIE)<br \/>\nPhone: +34 93 376 31 00<br \/>\nE-mail: <a href=\"mailto:exportacion@lescop.com\">exportacion@lescop.com<\/a>[\/vc_column_text][\/vc_column_inner][vc_column_inner width=&#8221;1\/3&#8243; css=&#8221;.vc_custom_1565106594667{background-color: #ffffff !important;}&#8221;][vc_column_text css=&#8221;.vc_custom_1683283034654{padding-top: 20px !important;padding-right: 20px !important;padding-bottom: 20px !important;padding-left: 20px !important;}&#8221;]<\/p>\n<h3>PORTUGAL<\/h3>\n<p>TECNERGA<br \/>\nRua Frei Bernardo de Brito, 3-A<br \/>\n1500-295 Lisboa (PORTUGAL)<br \/>\nPhone: +34 93 376 31 00<br \/>\nE-mail: <a href=\"mailto:exportacion@lescop.com\">exportacion@lescop.com<\/a>[\/vc_column_text][\/vc_column_inner][\/vc_row_inner][\/vc_tab][\/vc_tabs][\/vc_column][\/vc_row][vc_row bg_type=&#8221;bg_color&#8221; bg_color_value=&#8221;#ededed&#8221; css=&#8221;.vc_custom_1565105788952{margin-top: 40px !important;}&#8221;][vc_column width=&#8221;1\/6&#8243;][\/vc_column][vc_column width=&#8221;2\/3&#8243;]<div id=\"ultimate-heading-270069dd8a9e9f1d6\" class=\"uvc-heading ult-adjust-bottom-margin ultimate-heading-270069dd8a9e9f1d6 uvc-2183 \" data-hspacer=\"line_with_icon\" data-hline_width=\"150\" data-hicon_type=\"selector\" data-hborder_style=\"solid\" data-hborder_height=\"3\" data-hborder_color=\"#0071b1\" data-icon_width=\"18\" data-hfixer=\"10\"  data-halign=\"center\" style=\"text-align:center\"><div class=\"uvc-main-heading ult-responsive\"  data-ultimate-target='.uvc-heading.ultimate-heading-270069dd8a9e9f1d6 h2'  data-responsive-json-new='{\"font-size\":\"desktop:40px;mobile_landscape:30px;\",\"line-height\":\"desktop:50px;mobile_landscape:40px;\"}' ><h2 style=\"font-weight:bold;\">Request information!<\/h2><\/div><div class=\"uvc-heading-spacer line_with_icon\" style=\"margin-bottom:30px;height:18px;\"><div class=\"ult-just-icon-wrapper  \"><div class=\"align-icon\" style=\"text-align:center;\">\n<div class=\"aio-icon none \"  style=\"color:#0071b1;font-size:18px;display:inline-block;\">\n\t<i class=\"icomoon-font-awesome-14x14-chevron-down\"><\/i>\n<\/div><\/div><\/div><\/div><\/div>[vc_column_text css=&#8221;.vc_custom_1565351644599{padding-bottom: 20px !important;}&#8221;]<\/p>\n<p style=\"text-align: center;\">If you want to request some information or personalized commercial attention, fill in this form.<\/p>\n<p>[\/vc_column_text]<form class=\"dt-contact-form dt-form privacy-form\" method=\"post\"><input type=\"hidden\" name=\"widget_id\" value=\"presscore-contact-form-widget--1\" \/><input type=\"hidden\" name=\"send_message\" value=\"\" \/><input type=\"hidden\" name=\"security_token\" value=\"bbe470f8d77627d05513\"\/><div class=\"form-fields\"><span class=\"form-name\"><label class=\"assistive-text\">Name *<\/label><input type=\"text\" class=\"validate[required]\" placeholder=\"Name *\" name=\"name\" value=\"\" aria-required=\"true\">\n<\/span><span class=\"form-mail\"><label class=\"assistive-text\">E-mail *<\/label><input type=\"text\" class=\"validate[required,custom[email]]\" placeholder=\"E-mail *\" name=\"email\" value=\"\" aria-required=\"true\">\n<\/span><span class=\"form-telephone\"><label class=\"assistive-text\">Telephone *<\/label><input type=\"text\" class=\"validate[required,custom[phone]]\" placeholder=\"Telephone *\" name=\"telephone\" value=\"\" aria-required=\"true\">\n<\/span><span class=\"form-company\"><label class=\"assistive-text\">Company *<\/label><input type=\"text\" class=\"validate[required]\" placeholder=\"Company *\" name=\"company\" value=\"\" aria-required=\"true\">\n<\/span><\/div><span class=\"form-message\"><label class=\"assistive-text\">Message *<\/label><textarea class=\"validate[required]\" placeholder=\"Message *\" name=\"message\" rows=\"6\" aria-required=\"true\"><\/textarea>\n<\/span><p class=\"the7-form-terms-wrap\"><input type=\"checkbox\" id=\"the7-form-terms-a3d06db1f8c85b2837b4603a51834425\" name=\"terms\" class=\"validate[required] the7-form-terms\" aria-required=\"true\" \/>&nbsp;<label for=\"the7-form-terms-a3d06db1f8c85b2837b4603a51834425\"><span class=\"form-terms-text\">Yes, I accept the processing of my data for the purposes indicated.<br><\/span><\/label><\/p><p><a href=\"#\" class=\"dt-btn dt-btn-m dt-btn-submit\" rel=\"nofollow\"><span>Send form<\/span><\/a><input class=\"assistive-text\" type=\"submit\" value=\"submit\"><\/p><\/form>\n[vc_column_text]<\/p>\n<p style=\"font-size: 12px; line-height: 13px;\">On behalf of the company, we treat the information you provide us with In order to provide them with the requested service, carry out the billing of the same. The data provided will be retained while the commercial relationship is maintained or over the years necessary to comply with legal obligations. The data does not will be transferred to third parties except in cases where there is legal obligation. You have the right to obtain confirmation about yes in LABORATORIO ELECTROT\u00c9CNICO, S.C.C.L. We are treating your personal data therefore you have the right to access your data personal data, rectifying inaccurate data or requesting its deletion when the data is no longer necessary. Read our\u00a0<a href=\"https:\/\/lescop.com\/en\/politica-de-privacidad\/\">Privacy Policy<\/a><\/p>\n<p>[\/vc_column_text][\/vc_column][vc_column width=&#8221;1\/6&#8243;][\/vc_column][\/vc_row]<\/p>\n<\/div>","protected":false},"excerpt":{"rendered":"<p>[vc_row equal_height=&#8221;yes&#8221; content_placement=&#8221;top&#8221; css=&#8221;.vc_custom_1564750307021{padding-bottom: 40px !important;}&#8221; el_id=&#8221;contact&#8221;][vc_column css=&#8221;.vc_custom_1515176050896{padding-top: 10px !important;padding-bottom: 50px !important;background-position: center !important;background-repeat: no-repeat !important;background-size: cover !important;}&#8221; offset=&#8221;vc_col-lg-6 vc_col-md-6&#8243;][vc_empty_space][\/vc_column][vc_column css=&#8221;.vc_custom_1515176056012{padding-bottom: 50px !important;background-position: center !important;background-repeat: no-repeat !important;background-size: cover !important;}&#8221; offset=&#8221;vc_col-lg-6 vc_col-md-6&#8243;][vc_column_text][\/vc_column_text][\/vc_column][\/vc_row][vc_row full_width=&#8221;stretch_row&#8221; bg_type=&#8221;bg_color&#8221; bg_color_value=&#8221;#f7f7f7&#8243; css=&#8221;.vc_custom_1565106495687{border-bottom-width: 40px !important;padding-top: 0px !important;padding-bottom: 0px !important;}&#8221;][vc_column][vc_tabs interval=&#8221;0&#8243; style=&#8221;tab-style-four&#8221;][vc_tab title=&#8221;NATIONAL OFFICES&#8221; tab_id=&#8221;826d6391-8f70-3&#8243;][vc_row_inner equal_height=&#8221;yes&#8221; content_placement=&#8221;top&#8221; gap=&#8221;30&#8243;][vc_column_inner width=&#8221;1\/3&#8243; css=&#8221;.vc_custom_1565106073403{background-color: #ffffff !important;}&#8221;][vc_column_text css=&#8221;.vc_custom_1683279863817{padding-top: 20px&hellip;<\/p>\n","protected":false},"author":4,"featured_media":0,"parent":0,"menu_order":600,"comment_status":"closed","ping_status":"closed","template":"","meta":{"footnotes":""},"class_list":["post-2833","page","type-page","status-publish","hentry","description-off"],"_links":{"self":[{"href":"https:\/\/lescop.com\/en\/wp-json\/wp\/v2\/pages\/2833","targetHints":{"allow":["GET"]}}],"collection":[{"href":"https:\/\/lescop.com\/en\/wp-json\/wp\/v2\/pages"}],"about":[{"href":"https:\/\/lescop.com\/en\/wp-json\/wp\/v2\/types\/page"}],"author":[{"embeddable":true,"href":"https:\/\/lescop.com\/en\/wp-json\/wp\/v2\/users\/4"}],"replies":[{"embeddable":true,"href":"https:\/\/lescop.com\/en\/wp-json\/wp\/v2\/comments?post=2833"}],"version-history":[{"count":28,"href":"https:\/\/lescop.com\/en\/wp-json\/wp\/v2\/pages\/2833\/revisions"}],"predecessor-version":[{"id":2837,"href":"https:\/\/lescop.com\/en\/wp-json\/wp\/v2\/pages\/2833\/revisions\/2837"}],"wp:attachment":[{"href":"https:\/\/lescop.com\/en\/wp-json\/wp\/v2\/media?parent=2833"}],"curies":[{"name":"wp","href":"https:\/\/api.w.org\/{rel}","templated":true}]}}