{"id":8769,"date":"2020-06-19T08:09:01","date_gmt":"2020-06-19T06:09:01","guid":{"rendered":"https:\/\/lescop.com\/?post_type=product&#038;p=8769"},"modified":"2020-06-25T14:17:37","modified_gmt":"2020-06-25T12:17:37","slug":"prototypendesign","status":"publish","type":"product","link":"https:\/\/lescop.com\/de\/catalogo\/dienstleistungen\/prototypendesign\/","title":{"rendered":"Prototypendesign"},"content":{"rendered":"","protected":false},"excerpt":{"rendered":"<h3 style=\"text-align: center;\">&#8222;Wir erstellen, entwerfen und fertigen Prototypen sowie spezielle und einzigartige Elemente f\u00fcr Ihre Branche&#8220;<\/h3>\n<p>&nbsp;<\/p>\n<p style=\"text-align: justify;\">Ein <strong>Prototyp<\/strong> ist eine offensichtliche, aber konkrete Darstellung eines Teils oder der gesamten Gesch\u00e4ftsidee oder eines Produkts oder einer Dienstleistung. Dies beinhaltet die grundlegenden Elemente, um es funktionsf\u00e4hig und testbar zu machen und eine Reihe von Fragen zur Gesch\u00e4ftsf\u00e4higkeit der Idee und ihrer Art der Umsetzung zu beantworten. Prototyping bedeutet, dass Sie das Minimum schaffen, das zur Validierung Ihrer Idee erforderlich ist.<\/p>\n<p style=\"text-align: justify;\">Mit Prototyping kann der Kunde:<\/p>\n<ul style=\"text-align: justify;\">\n<li style=\"list-style-type: none;\">\n<ul>\n<li style=\"list-style-type: none;\">\n<ul>\n<li>Testen \/ validieren Sie neue Ideen schnell.<\/li>\n<li>Verstehen Sie die Schl\u00fcssel zur Benutzerinteraktion.<\/li>\n<li>Verbessern Sie die Benutzererfahrung und iterieren Sie dar\u00fcber<\/li>\n<li>Demonstrieren Sie die F\u00e4higkeit eines Produkts (demoing)<\/li>\n<li>\u00dcberpr\u00fcfen Sie die Details des Erscheinungsbilds: Definieren Sie den Zweck von Gr\u00f6\u00dfen, Farben, Schatten usw.<\/li>\n<\/ul>\n<\/li>\n<\/ul>\n<\/li>\n<\/ul>\n<p style=\"text-align: justify;\">Arten von Prototypen entsprechend ihrer Funktion:<\/p>\n<ul style=\"text-align: justify;\">\n<li style=\"list-style-type: none;\">\n<ul>\n<li style=\"list-style-type: none;\">\n<ul>\n<li>Design-Prototypen: Sie werden verwendet, um \u00e4sthetische und ergonomische Aspekte zu bewerten.<\/li>\n<li>Geometrische Prototypen: Sie werden verwendet, um geometrische \u00dcbereinstimmung, Form und Baugruppen zu testen.<\/li>\n<li>Funktionale Prototypen: Sie zeigen die Eigenschaften und Verhaltensmuster in einem Test des Endprodukts.<\/li>\n<li>Technische Prototypen: Sie werden verwendet, um alle Funktionen des endg\u00fcltigen St\u00fccks zu bewerten.<\/li>\n<\/ul>\n<\/li>\n<\/ul>\n<\/li>\n<\/ul>\n<p style=\"text-align: justify;\">Es gibt viele M\u00f6glichkeiten, Prototypen zu erstellen. Dies h\u00e4ngt von der Art der Idee ab, die Sie haben. Der Aufbau eines Prototyps eines Produkts oder einer Dienstleistung ist nicht derselbe. Im <strong>Laboratorio Electrot\u00e9cnico<\/strong> helfen wir bei der <strong>Erstellung<\/strong>, <strong>Konstruktion<\/strong> und <strong>Herstellung von Prototypen<\/strong> und <strong>speziellen<\/strong> und <strong>einzigartigen Elementen f\u00fcr Ihre Branche<\/strong>.<\/p>\n","protected":false},"featured_media":8776,"template":"","meta":[],"product_brand":[],"product_cat":[123],"product_tag":[],"class_list":{"0":"post-8769","1":"product","2":"type-product","3":"status-publish","4":"has-post-thumbnail","6":"product_cat-dienstleistungen","7":"description-off","9":"first","10":"instock","11":"shipping-taxable","12":"product-type-simple"},"_links":{"self":[{"href":"https:\/\/lescop.com\/de\/wp-json\/wp\/v2\/product\/8769","targetHints":{"allow":["GET"]}}],"collection":[{"href":"https:\/\/lescop.com\/de\/wp-json\/wp\/v2\/product"}],"about":[{"href":"https:\/\/lescop.com\/de\/wp-json\/wp\/v2\/types\/product"}],"wp:featuredmedia":[{"embeddable":true,"href":"https:\/\/lescop.com\/de\/wp-json\/wp\/v2\/media\/8776"}],"wp:attachment":[{"href":"https:\/\/lescop.com\/de\/wp-json\/wp\/v2\/media?parent=8769"}],"wp:term":[{"taxonomy":"product_brand","embeddable":true,"href":"https:\/\/lescop.com\/de\/wp-json\/wp\/v2\/product_brand?post=8769"},{"taxonomy":"product_cat","embeddable":true,"href":"https:\/\/lescop.com\/de\/wp-json\/wp\/v2\/product_cat?post=8769"},{"taxonomy":"product_tag","embeddable":true,"href":"https:\/\/lescop.com\/de\/wp-json\/wp\/v2\/product_tag?post=8769"}],"curies":[{"name":"wp","href":"https:\/\/api.w.org\/{rel}","templated":true}]}}