{"id":8755,"date":"2020-06-08T12:07:57","date_gmt":"2020-06-09T05:33:42","guid":{"rendered":"https:\/\/lescop.com\/?post_type=product&#038;p=8755"},"modified":"2020-06-19T08:06:08","modified_gmt":"2020-06-19T06:06:08","slug":"bearbeitung-cnc","status":"publish","type":"product","link":"https:\/\/lescop.com\/de\/catalogo\/dienstleistungen\/bearbeitung-cnc\/","title":{"rendered":"Bearbeitung (CNC)"},"content":{"rendered":"","protected":false},"excerpt":{"rendered":"<h3 style=\"text-align: center;\">&#8222;Wir mechanisieren Ihre Ideen&#8220;<\/h3>\n<p>&nbsp;<\/p>\n<p style=\"text-align: justify;\"><span class=\"tlid-translation translation\" lang=\"de\"><span class=\"\" title=\"\">Die <strong>Bearbeitung<\/strong> (CNC) ist ein Herstellungsprozess, bei dem eine Reihe von Vorg\u00e4ngen durchgef\u00fchrt wird, um Teile durch Extrahieren von Material aus einem Block herzustellen.<\/span> <span title=\"\">Diese Vorg\u00e4nge werden auf <strong>CNC-Maschinen (Computer Numerical Control)<\/strong> ausgef\u00fchrt, die ausgehend von 3D-Daten und einem CAM-Bearbeitungsprogramm die programmierten Aufgaben automatisch ausf\u00fchren.<\/span><\/span><\/p>\n<p style=\"text-align: justify;\"><span class=\"tlid-translation translation\" lang=\"de\"><span class=\"\" title=\"\">Unabh\u00e4ngig von Gr\u00f6\u00dfe, Komplexit\u00e4t des Designs oder Anzahl der Teile erm\u00f6glichen uns unser erfahrenes Team und unsere Maschinen hervorragende Ergebnisse zu sehr wettbewerbsf\u00e4higen Preisen und Konditionen.<\/span><\/span><\/p>\n<p style=\"text-align: justify;\"><span class=\"tlid-translation translation\" lang=\"de\"><span class=\"\" title=\"\">Unsere Maschinen tragen aufgrund ihrer Flexibilit\u00e4t, Pr\u00e4zision und Vielseitigkeit dazu bei, die Fertigungszeiten zu verk\u00fcrzen, indem sie Fehler minimieren.<\/span> <span class=\"\" title=\"\">Im <strong>Laboratorio Electrot\u00e9cnico<\/strong> bieten wir die <strong>Bearbeitung von Einzelst\u00fccken oder kurzen St\u00fcckserien aus einer Vielzahl technischer Materialien, sowohl Kunststoff als auch Metall.<\/strong><\/span><\/span><\/p>\n","protected":false},"featured_media":8747,"template":"","meta":[],"product_brand":[],"product_cat":[123],"product_tag":[],"class_list":{"0":"post-8755","1":"product","2":"type-product","3":"status-publish","4":"has-post-thumbnail","6":"product_cat-dienstleistungen","7":"description-off","9":"first","10":"instock","11":"shipping-taxable","12":"product-type-simple"},"_links":{"self":[{"href":"https:\/\/lescop.com\/de\/wp-json\/wp\/v2\/product\/8755","targetHints":{"allow":["GET"]}}],"collection":[{"href":"https:\/\/lescop.com\/de\/wp-json\/wp\/v2\/product"}],"about":[{"href":"https:\/\/lescop.com\/de\/wp-json\/wp\/v2\/types\/product"}],"wp:featuredmedia":[{"embeddable":true,"href":"https:\/\/lescop.com\/de\/wp-json\/wp\/v2\/media\/8747"}],"wp:attachment":[{"href":"https:\/\/lescop.com\/de\/wp-json\/wp\/v2\/media?parent=8755"}],"wp:term":[{"taxonomy":"product_brand","embeddable":true,"href":"https:\/\/lescop.com\/de\/wp-json\/wp\/v2\/product_brand?post=8755"},{"taxonomy":"product_cat","embeddable":true,"href":"https:\/\/lescop.com\/de\/wp-json\/wp\/v2\/product_cat?post=8755"},{"taxonomy":"product_tag","embeddable":true,"href":"https:\/\/lescop.com\/de\/wp-json\/wp\/v2\/product_tag?post=8755"}],"curies":[{"name":"wp","href":"https:\/\/api.w.org\/{rel}","templated":true}]}}