{"id":2625,"date":"2019-08-08T12:12:31","date_gmt":"2019-08-08T10:12:31","guid":{"rendered":"https:\/\/lescop.panelserver.org\/catalogo\/unkategorisiert\/aeb-36-isolationsspannug-36-kv-blockausfuhrung\/"},"modified":"2023-05-17T11:44:56","modified_gmt":"2023-05-17T09:44:56","slug":"aeb-36-isolationsspannug-36-kv-blockausfuhrung","status":"publish","type":"product","link":"https:\/\/lescop.com\/de\/catalogo\/messwandler\/stromwandler-innenraum\/aeb-36-isolationsspannug-36-kv-blockausfuhrung\/","title":{"rendered":"AEB-36  Isolationsspannug 36 KV Blockausf\u00fchrung"},"content":{"rendered":"","protected":false},"excerpt":{"rendered":"<p style=\"font-weight: 400; text-align: justify;\">Es handelt sich um einen Stromwandler f\u00fcr Hochspannungsschutz und -messung von <strong>bis zu 36 kV<\/strong>, der zur Speisung von Strommessger\u00e4ten, Energiez\u00e4hlern, Schutzrelais und \u00e4hnlichen Ger\u00e4ten vorgesehen ist. F\u00fcr Innenraum-Aufstellung.<\/p>\n<p style=\"font-weight: 400; text-align: justify;\">Die Aktivteile sind mit braunem Epoxidharz der Isolierstoffklasse E verkleidet.<\/p>\n<p style=\"font-weight: 400; text-align: justify;\">Der Wandler besitzt gro\u00dfe mechanische Festigkeit und Widerstandsf\u00e4higkeit gegen Feuchtigkeit, \u00d6le, Staub und die meisten chemischen Produkte.<\/p>\n<p style=\"font-weight: 400; text-align: justify;\">Verschiedene Montagerichtungen m\u00f6glich.<\/p>\n<p style=\"font-weight: 400; text-align: justify;\">Hergestellt gem\u00e4\u00df <strong>IEC-61869-1<\/strong> und <strong>IEC-61869-2<\/strong>.<\/p>\n<p>&nbsp;<\/p>\n<p><a href=\"https:\/\/lescop.com\/wp-content\/uploads\/2019\/10\/AEB-36_Catalogo_Aleman_2019.pdf\"><span title=\"\">AEB-36 Katalog<\/span><\/a><br \/>\n<a href=\"https:\/\/lescop.com\/wp-content\/uploads\/2020\/02\/Manual-instrucciones-04-12-2019_en_color-web.pdf\"><span title=\"\">Transformers Bedienungsanleitung<\/span><\/a><br \/>\n<a href=\"https:\/\/lescop.com\/wp-content\/uploads\/2019\/10\/Cat\u00e1logo-Accesorios-Transformadores.pdf\"><span title=\"\">Transformator-Zubeh\u00f6rkatalog<\/span><\/a><br \/>\n<a href=\"https:\/\/lescop.com\/wp-content\/uploads\/2023\/05\/9425070.001-ESQUEMAS-TI.pdf\">Anschlussschema TI<\/a><br \/>\n<a href=\"https:\/\/www.dropbox.com\/s\/dbbewourzro07mx\/TI%20AEB-36%20Laboratorio%20Electrot%C3%A9cnico.dwg?dl=0\">Entwurf (.dwg)<\/a><\/p>\n","protected":false},"featured_media":5818,"template":"","meta":[],"product_brand":[],"product_cat":[77,90],"product_tag":[],"class_list":{"0":"post-2625","1":"product","2":"type-product","3":"status-publish","4":"has-post-thumbnail","6":"product_cat-messwandler","7":"product_cat-stromwandler-innenraum","8":"description-off","10":"first","11":"instock","12":"shipping-taxable","13":"product-type-simple"},"_links":{"self":[{"href":"https:\/\/lescop.com\/de\/wp-json\/wp\/v2\/product\/2625","targetHints":{"allow":["GET"]}}],"collection":[{"href":"https:\/\/lescop.com\/de\/wp-json\/wp\/v2\/product"}],"about":[{"href":"https:\/\/lescop.com\/de\/wp-json\/wp\/v2\/types\/product"}],"wp:featuredmedia":[{"embeddable":true,"href":"https:\/\/lescop.com\/de\/wp-json\/wp\/v2\/media\/5818"}],"wp:attachment":[{"href":"https:\/\/lescop.com\/de\/wp-json\/wp\/v2\/media?parent=2625"}],"wp:term":[{"taxonomy":"product_brand","embeddable":true,"href":"https:\/\/lescop.com\/de\/wp-json\/wp\/v2\/product_brand?post=2625"},{"taxonomy":"product_cat","embeddable":true,"href":"https:\/\/lescop.com\/de\/wp-json\/wp\/v2\/product_cat?post=2625"},{"taxonomy":"product_tag","embeddable":true,"href":"https:\/\/lescop.com\/de\/wp-json\/wp\/v2\/product_tag?post=2625"}],"curies":[{"name":"wp","href":"https:\/\/api.w.org\/{rel}","templated":true}]}}