{"id":2578,"date":"2019-08-08T10:49:00","date_gmt":"2019-08-08T08:49:00","guid":{"rendered":"https:\/\/lescop.panelserver.org\/catalogo\/unkategorisiert\/vfp-52-isolationsspannung-52-kv-phase-erde-anschluss\/"},"modified":"2023-05-17T13:09:20","modified_gmt":"2023-05-17T11:09:20","slug":"vfp-52-isolationsspannung-52-kv-phase-erde-anschluss","status":"publish","type":"product","link":"https:\/\/lescop.com\/de\/catalogo\/messwandler\/spannungswandler-freiluft\/vfp-52-isolationsspannung-52-kv-phase-erde-anschluss\/","title":{"rendered":"VFP-52.<br><small>Isolationsspannung 52kV.<br>Phase-erde-Anschluss.<\/small>"},"content":{"rendered":"","protected":false},"excerpt":{"rendered":"<p style=\"font-weight: 400; text-align: justify;\">Dieser Mess- und Schutzwandler f\u00fcr Hochspannungsnetzen von <strong>bis zu 52 kV<\/strong> dient der Speisung von Messeger\u00e4ten, Stromz\u00e4hlern, Schutzrelais und \u00e4hnlichen Ger\u00e4ten. Nur zur Verwendung im Freiluft geeignet.<\/p>\n<p style=\"font-weight: 400; text-align: justify;\">Bei dem Wandler <strong>VFP-52<\/strong> handelt es sich um einen Phase-gegen-Erde- bzw. einen einpoligen Spannungswandler, der f\u00fcr einen Anschluss der Prim\u00e4rwicklung direkt zu Erde bestimmt ist.<\/p>\n<p style=\"font-weight: 400; text-align: justify;\">Der Wandler kann gro\u00dfen seismischen Beschleunigungsverh\u00e4ltnisse im Fall eines Erdbebens widerstehen. Das integrierte Ausdehnungsgef\u00e4\u00df erm\u00f6glicht es, Schwankungen des \u00d6lvolumens zu kompensieren. Im oberen Teil befindet sich eine \u00d6lstandanzeige zur \u00dcberpr\u00fcfung des F\u00fcllstands und der Einsatzf\u00e4higkeit des Wandlers.<\/p>\n<p style=\"font-weight: 400; text-align: justify;\">Dank der externen Porzellanisolierung verf\u00fcgt der Wandler \u00fcber einen Kriechweg bei Verschmutzung von bis zu 35 mm\/kV.<\/p>\n<p style=\"font-weight: 400; text-align: justify;\">Hergestellt gem\u00e4\u00df <strong>IEC 61869-1<\/strong> und <strong>IEC 61869-3<\/strong>. Andere Normen oder Spezifikationen auf Anfrage.<\/p>\n<p>&nbsp;<\/p>\n<p><a href=\"https:\/\/lescop.com\/wp-content\/uploads\/2019\/10\/VFP-52_Catalogo_Aleman_2019.pdf\"><span title=\"\">VFP-52-Katalog<\/span><\/a><br \/>\n<a href=\"https:\/\/lescop.com\/wp-content\/uploads\/2019\/10\/Manual_Instrucciones_VFP_WEB.pdf\"><span class=\"\" title=\"\">Bedienungsanleitung VFP-52<\/span><\/a><br \/>\n<a href=\"https:\/\/lescop.com\/wp-content\/uploads\/2023\/05\/10525270.001-ESQUEMAS-TT-FASE-TIERRA.pdf\">Anschlussschema TT<\/a><br \/>\n<a href=\"https:\/\/www.dropbox.com\/s\/xsartri4w0uvdqu\/TT%20VFP-52%20Laboratorio%20Electrot%C3%A9cnico.dwg?dl=0\">Entwurf (.dwg)<\/a><\/p>\n","protected":false},"featured_media":5866,"template":"","meta":[],"product_brand":[],"product_cat":[77,84],"product_tag":[],"class_list":{"0":"post-2578","1":"product","2":"type-product","3":"status-publish","4":"has-post-thumbnail","6":"product_cat-messwandler","7":"product_cat-spannungswandler-freiluft","8":"description-off","10":"first","11":"instock","12":"shipping-taxable","13":"product-type-simple"},"_links":{"self":[{"href":"https:\/\/lescop.com\/de\/wp-json\/wp\/v2\/product\/2578","targetHints":{"allow":["GET"]}}],"collection":[{"href":"https:\/\/lescop.com\/de\/wp-json\/wp\/v2\/product"}],"about":[{"href":"https:\/\/lescop.com\/de\/wp-json\/wp\/v2\/types\/product"}],"wp:featuredmedia":[{"embeddable":true,"href":"https:\/\/lescop.com\/de\/wp-json\/wp\/v2\/media\/5866"}],"wp:attachment":[{"href":"https:\/\/lescop.com\/de\/wp-json\/wp\/v2\/media?parent=2578"}],"wp:term":[{"taxonomy":"product_brand","embeddable":true,"href":"https:\/\/lescop.com\/de\/wp-json\/wp\/v2\/product_brand?post=2578"},{"taxonomy":"product_cat","embeddable":true,"href":"https:\/\/lescop.com\/de\/wp-json\/wp\/v2\/product_cat?post=2578"},{"taxonomy":"product_tag","embeddable":true,"href":"https:\/\/lescop.com\/de\/wp-json\/wp\/v2\/product_tag?post=2578"}],"curies":[{"name":"wp","href":"https:\/\/api.w.org\/{rel}","templated":true}]}}