{"id":2568,"date":"2019-08-08T10:41:37","date_gmt":"2019-08-08T08:41:37","guid":{"rendered":"https:\/\/lescop.panelserver.org\/catalogo\/unkategorisiert\/vkef-24-36-isolationsspannung-24-oder-36-kv-phase-erde-anschluss\/"},"modified":"2023-05-17T13:09:56","modified_gmt":"2023-05-17T11:09:56","slug":"vkef-24-36-isolationsspannung-24-oder-36-kv-phase-erde-anschluss","status":"publish","type":"product","link":"https:\/\/lescop.com\/de\/catalogo\/messwandler\/spannungswandler-freiluft\/vkef-24-36-isolationsspannung-24-oder-36-kv-phase-erde-anschluss\/","title":{"rendered":"VKEF-24\/36.<br><small>Isolationsspannung 24 oder 36kV.<br>Phase-erde-Anschluss.<\/small>"},"content":{"rendered":"","protected":false},"excerpt":{"rendered":"<p style=\"font-weight: 400; text-align: justify;\">Dieser Mess- und Schutzwandler f\u00fcr Hochspannungsnetze von bis zu <strong>24 oder 36\u00a0kV<\/strong> dient der Speisung von Messger\u00e4ten, Stromz\u00e4hlern, Schutzrelais und \u00e4hnlichen Ger\u00e4ten. F\u00fcr Freiluftaufstellung geeignet.<\/p>\n<p style=\"font-weight: 400; text-align: justify;\">Die Prim\u00e4rwicklung ist durch cycloaliphatisches Epoxidharz der Isolierstoffklasse E (gem\u00e4\u00df CEI 60085) gesch\u00fctzt. Die Sekund\u00e4rwicklung und der Magnetkern befinden sich au\u00dferhalb der Verkleidung. Aufgrund der Nichtverwendung von gas- oder \u00f6lf\u00f6rmigen Fluoriden als Isolierstoff ist das gesamte Sortiment der VKEF-Wandler umweltfreundlich hergestellt.<\/p>\n<p style=\"font-weight: 400; text-align: justify;\">Bei dem Wandler <strong>VKEF-24\/36<\/strong> handelt es sich um einen Phase-gegen-erde- bzw. einen einpoligen Spannungswandler, der f\u00fcr einen Anschluss der Prim\u00e4rwicklung direkt zu Erde bestimmt ist.<\/p>\n<p style=\"font-weight: 400; text-align: justify;\">Der Sockel sowie die anderen Metallelemente sind rostfrei oder mit Rostschutz versehen.<\/p>\n<p style=\"font-weight: 400; text-align: justify;\">Hergestellt gem\u00e4\u00df <strong>IEC 61869-1<\/strong> und <strong>IEC 61869-3<\/strong>.<\/p>\n<p>&nbsp;<\/p>\n<p><a href=\"https:\/\/lescop.com\/wp-content\/uploads\/2019\/10\/VKEF-24-36_Catalogo_Aleman_2019.pdf\"><span title=\"\">AKWF-24\/36 Katalog<\/span><\/a><br \/>\n<a href=\"https:\/\/lescop.com\/wp-content\/uploads\/2020\/02\/Manual-instrucciones-04-12-2019_en_color-web.pdf\"><span class=\"\" title=\"\">Transformers Bedienungsanleitung<\/span><\/a><br \/>\n<a href=\"https:\/\/lescop.com\/wp-content\/uploads\/2023\/05\/10525270.001-ESQUEMAS-TT-FASE-TIERRA.pdf\">Anschlussschema TT<\/a><br \/>\n<a href=\"https:\/\/www.dropbox.com\/s\/8dgz4uehtv6z15t\/TT%20VKEF-36%20Laboratorio%20Electrot%C3%A9cnico.dwg?dl=0\">Entwurf (.dwg)<\/a><\/p>\n","protected":false},"featured_media":5878,"template":"","meta":[],"product_brand":[],"product_cat":[77,84],"product_tag":[],"class_list":{"0":"post-2568","1":"product","2":"type-product","3":"status-publish","4":"has-post-thumbnail","6":"product_cat-messwandler","7":"product_cat-spannungswandler-freiluft","8":"description-off","10":"first","11":"instock","12":"shipping-taxable","13":"product-type-simple"},"_links":{"self":[{"href":"https:\/\/lescop.com\/de\/wp-json\/wp\/v2\/product\/2568","targetHints":{"allow":["GET"]}}],"collection":[{"href":"https:\/\/lescop.com\/de\/wp-json\/wp\/v2\/product"}],"about":[{"href":"https:\/\/lescop.com\/de\/wp-json\/wp\/v2\/types\/product"}],"wp:featuredmedia":[{"embeddable":true,"href":"https:\/\/lescop.com\/de\/wp-json\/wp\/v2\/media\/5878"}],"wp:attachment":[{"href":"https:\/\/lescop.com\/de\/wp-json\/wp\/v2\/media?parent=2568"}],"wp:term":[{"taxonomy":"product_brand","embeddable":true,"href":"https:\/\/lescop.com\/de\/wp-json\/wp\/v2\/product_brand?post=2568"},{"taxonomy":"product_cat","embeddable":true,"href":"https:\/\/lescop.com\/de\/wp-json\/wp\/v2\/product_cat?post=2568"},{"taxonomy":"product_tag","embeddable":true,"href":"https:\/\/lescop.com\/de\/wp-json\/wp\/v2\/product_tag?post=2568"}],"curies":[{"name":"wp","href":"https:\/\/api.w.org\/{rel}","templated":true}]}}