{"id":2557,"date":"2019-11-06T09:58:43","date_gmt":"2019-08-08T08:27:43","guid":{"rendered":"https:\/\/lescop.panelserver.org\/catalogo\/unkategorisiert\/vkpe-36-isolationsspannung-36-kv-phase-erde-anschluss\/"},"modified":"2023-05-17T13:07:26","modified_gmt":"2023-05-17T11:07:26","slug":"vkpe-36-isolationsspannung-36-kv-phase-erde-anschluss","status":"publish","type":"product","link":"https:\/\/lescop.com\/de\/catalogo\/messwandler\/spannung-swandler-inneraum\/vkpe-36-isolationsspannung-36-kv-phase-erde-anschluss\/","title":{"rendered":"VKPE-36.<br><small>Isolationsspannung 36kV.<br>Phase-erde-Anschluss.<\/small>"},"content":{"rendered":"","protected":false},"excerpt":{"rendered":"<p style=\"text-align: justify; font-weight: 400;\">Dieser Mess- und Schutzwandler f\u00fcr Hochspannungsnetzen von <strong>bis zu 36 kV<\/strong> dient der Speisung von Messeger\u00e4ten, Stromz\u00e4hlern, Schutzrelais und \u00e4hnlichen Ger\u00e4ten. Nur zur Verwendung im Innenraum geeignet.<\/p>\n<p style=\"text-align: justify; font-weight: 400;\">Die Prim\u00e4rwicklung ist in Epoxidharz der Isolierungsklasse E (gem\u00e4\u00df CEI\u00a060085) eingegossen. Der Kern und die Sekund\u00e4rwicklung(en) sind au\u00dferhalb der Verkleidung. Dank dieser Struktur besteht keine Gefahr von absplitternden und herumfliegenden Bauteilen.<\/p>\n<p style=\"text-align: justify; font-weight: 400;\">Bei dem Wandler <strong>VKPE-36<\/strong> handelt es sich um einen Phase-gegen-Erde- bzw. einen einpoligen Spannungswandler, der f\u00fcr einen Anschluss der Prim\u00e4rwicklung direkt zu Erde bestimmt ist.<\/p>\n<p style=\"text-align: justify; font-weight: 400;\">Aufgrund der Nichtverwendung von gas- oder \u00f6lf\u00f6rmigen Fluoriden als Isolierstoff ist das gesamte Sortiment der VKPE-Wandler umweltfreundlich hergestellt.<\/p>\n<p style=\"text-align: justify; font-weight: 400;\">Der Wandler besitzt gro\u00dfe mechanische Festigkeit und Widerstandsf\u00e4higkeit gegen Feuchtigkeit, \u00d6le, Staub und die meisten chemischen Produkte.<\/p>\n<p style=\"text-align: justify; font-weight: 400;\">Hergestellt gem\u00e4\u00df\u00a0<strong>IEC-61869-1<\/strong> und <strong>IEC-61869-3<\/strong>.<\/p>\n<p>&nbsp;<\/p>\n<p><a href=\"https:\/\/lescop.com\/wp-content\/uploads\/2019\/10\/VKPE-36_Catalogo_Aleman_2019.pdf\"><span title=\"\">VKPE-36 Katalog<\/span><\/a><br \/>\n<a href=\"https:\/\/lescop.com\/wp-content\/uploads\/2020\/02\/Manual-instrucciones-04-12-2019_en_color-web.pdf\"><span title=\"\">Transformers Bedienungsanleitung<\/span><\/a><br \/>\n<a href=\"https:\/\/lescop.com\/wp-content\/uploads\/2019\/10\/Cat\u00e1logo-Accesorios-Transformadores.pdf\"><span title=\"\">Transformator-Zubeh\u00f6rkatalog<\/span><\/a><br \/>\n<a href=\"https:\/\/lescop.com\/wp-content\/uploads\/2023\/05\/10525270.001-ESQUEMAS-TT-FASE-TIERRA.pdf\">Anschlussschema TT<\/a><br \/>\n<a href=\"https:\/\/www.dropbox.com\/s\/pmq38j09abn1gwg\/TT%20VKPE-36%20Laboratorio%20Electrot%C3%A9cnico.dwg?dl=0\">Entwurf (.dwg)<\/a><\/p>\n","protected":false},"featured_media":5886,"template":"","meta":[],"product_brand":[],"product_cat":[77,81],"product_tag":[],"class_list":{"0":"post-2557","1":"product","2":"type-product","3":"status-publish","4":"has-post-thumbnail","6":"product_cat-messwandler","7":"product_cat-spannung-swandler-inneraum","8":"description-off","10":"first","11":"instock","12":"shipping-taxable","13":"product-type-simple"},"_links":{"self":[{"href":"https:\/\/lescop.com\/de\/wp-json\/wp\/v2\/product\/2557","targetHints":{"allow":["GET"]}}],"collection":[{"href":"https:\/\/lescop.com\/de\/wp-json\/wp\/v2\/product"}],"about":[{"href":"https:\/\/lescop.com\/de\/wp-json\/wp\/v2\/types\/product"}],"wp:featuredmedia":[{"embeddable":true,"href":"https:\/\/lescop.com\/de\/wp-json\/wp\/v2\/media\/5886"}],"wp:attachment":[{"href":"https:\/\/lescop.com\/de\/wp-json\/wp\/v2\/media?parent=2557"}],"wp:term":[{"taxonomy":"product_brand","embeddable":true,"href":"https:\/\/lescop.com\/de\/wp-json\/wp\/v2\/product_brand?post=2557"},{"taxonomy":"product_cat","embeddable":true,"href":"https:\/\/lescop.com\/de\/wp-json\/wp\/v2\/product_cat?post=2557"},{"taxonomy":"product_tag","embeddable":true,"href":"https:\/\/lescop.com\/de\/wp-json\/wp\/v2\/product_tag?post=2557"}],"curies":[{"name":"wp","href":"https:\/\/api.w.org\/{rel}","templated":true}]}}