{"id":2523,"date":"2019-08-08T10:02:32","date_gmt":"2019-08-08T08:02:32","guid":{"rendered":"https:\/\/lescop.panelserver.org\/catalogo\/unkategorisiert\/vke-36-typ-steckbar-isolationsspannung-36-kv-phase-erde-aanchluss\/"},"modified":"2023-05-17T13:08:37","modified_gmt":"2023-05-17T11:08:37","slug":"vke-36-typ-steckbar-isolationsspannung-36-kv-phase-erde-anschluss","status":"publish","type":"product","link":"https:\/\/lescop.com\/de\/catalogo\/messwandler\/spannung-swandler-inneraum\/vke-36-typ-steckbar-isolationsspannung-36-kv-phase-erde-anschluss\/","title":{"rendered":"VKE-36.<br><small>Isolationsspannung 36kV.<br>Phase-erde-Anschluss. Typ Steckbar.<\/small>"},"content":{"rendered":"","protected":false},"excerpt":{"rendered":"<p style=\"text-align: justify;\"><span lang=\"DE\">Mess- und Schutzspannungswandler f\u00fcr Hochspannungsnetze von <strong>bis zu 36 kV<\/strong> zur Montage in gasisolierten Hochspannungsschaltanlagen<\/span><span lang=\"DE\">.<\/span><\/p>\n<p style=\"text-align: justify;\"><span lang=\"DE\">Das Modell <strong>VKE-36<\/strong> erm\u00f6glicht die Nutzung des Prim\u00e4ranschlusses durch <strong>steckbare Durchf\u00fchrung<\/strong> gem\u00e4\u00df <strong>UNE-EN 50181<\/strong>.<\/span><\/p>\n<p style=\"text-align: justify;\"><span lang=\"DE\">Bei dem Wandler <strong>VKE-36<\/strong> handelt es sich um einen Phase-gegen-Erde- bzw. einen einpoligen Spannungswandler, der f\u00fcr einen Anschluss der Prim\u00e4rwicklung direkt zu Erde bestimmt ist.<br \/>\n<\/span><\/p>\n<p style=\"text-align: justify;\"><span lang=\"DE\">Die Abschirmung ist durch eine metallische Verkleidung gew\u00e4hrleistet und erm\u00f6glicht den Einbau mehrerer Wandler ohne Sicherheitsabstand.<\/span><\/p>\n<p style=\"text-align: justify;\"><span lang=\"DE\">Der Wandler kann auch ohne Abschirmung geliefert und somit in Zellen in der Freiluft unter Ber\u00fccksichtigung der entsprechenden Sicherheitsabst\u00e4nde installiert werden.<\/span><\/p>\n<p style=\"text-align: justify;\"><span lang=\"DE\">Die Prim\u00e4rwicklung ist durch cycloaliphatisches Epoxidharz der Isolierstoffklasse E (gem\u00e4\u00df CEI 60085) gesch\u00fctzt. Die Sekund\u00e4rwicklung und der Magnetkern befinden sich au\u00dferhalb der Verkleidung. Aufgrund der Nichtverwendung von gas- oder \u00f6lf\u00f6rmigen Fluoriden als Isolierstoff ist das gesamte Sortiment der VKE-Wandler umweltfreundlich hergestellt. Dank dieser Struktur besteht keine Gefahr von absplitternden und herumfliegenden Bauteilen.<\/span><\/p>\n<p style=\"text-align: justify;\">Verschiedene Montagerichtungen m\u00f6glich.<\/p>\n<p style=\"text-align: justify;\">Hergestellt gem\u00e4\u00df\u00a0<strong><span lang=\"DE\">IEC-<\/span>61869-1<\/strong> und <strong>IEC-61869-3<\/strong>.<\/p>\n<p>&nbsp;<\/p>\n<p><a href=\"https:\/\/lescop.com\/wp-content\/uploads\/2019\/10\/VKE-36_Catalogo_Aleman_2019.pdf\"><span title=\"\">VKE-36 Katalog<\/span><\/a><br \/>\n<a href=\"https:\/\/lescop.com\/wp-content\/uploads\/2020\/02\/Manual-instrucciones-04-12-2019_en_color-web.pdf\"><span title=\"\">Transformers Bedienungsanleitung<\/span><\/a><br \/>\n<a href=\"https:\/\/lescop.com\/wp-content\/uploads\/2023\/05\/10525270.001-ESQUEMAS-TT-FASE-TIERRA.pdf\">Anschlussschema TT<\/a><br \/>\n<a href=\"https:\/\/www.dropbox.com\/s\/4e3tk6vm5y7jcrw\/TT%20VKE-36%20Laboratorio%20Electrot%C3%A9cnico.dwg?dl=0\">Entwurf (.dwg)<\/a><\/p>\n","protected":false},"featured_media":5943,"template":"","meta":[],"product_brand":[],"product_cat":[77,81],"product_tag":[],"class_list":{"0":"post-2523","1":"product","2":"type-product","3":"status-publish","4":"has-post-thumbnail","6":"product_cat-messwandler","7":"product_cat-spannung-swandler-inneraum","8":"description-off","10":"first","11":"instock","12":"shipping-taxable","13":"product-type-simple"},"_links":{"self":[{"href":"https:\/\/lescop.com\/de\/wp-json\/wp\/v2\/product\/2523","targetHints":{"allow":["GET"]}}],"collection":[{"href":"https:\/\/lescop.com\/de\/wp-json\/wp\/v2\/product"}],"about":[{"href":"https:\/\/lescop.com\/de\/wp-json\/wp\/v2\/types\/product"}],"wp:featuredmedia":[{"embeddable":true,"href":"https:\/\/lescop.com\/de\/wp-json\/wp\/v2\/media\/5943"}],"wp:attachment":[{"href":"https:\/\/lescop.com\/de\/wp-json\/wp\/v2\/media?parent=2523"}],"wp:term":[{"taxonomy":"product_brand","embeddable":true,"href":"https:\/\/lescop.com\/de\/wp-json\/wp\/v2\/product_brand?post=2523"},{"taxonomy":"product_cat","embeddable":true,"href":"https:\/\/lescop.com\/de\/wp-json\/wp\/v2\/product_cat?post=2523"},{"taxonomy":"product_tag","embeddable":true,"href":"https:\/\/lescop.com\/de\/wp-json\/wp\/v2\/product_tag?post=2523"}],"curies":[{"name":"wp","href":"https:\/\/api.w.org\/{rel}","templated":true}]}}