{"id":2422,"date":"2020-01-24T13:07:28","date_gmt":"2019-08-07T10:44:28","guid":{"rendered":"https:\/\/lescop.panelserver.org\/catalogo\/unkategorisiert\/stutzisolator-inneraum-stutziolator10-36kv\/"},"modified":"2020-03-18T07:59:23","modified_gmt":"2020-03-18T06:59:23","slug":"isolatoren-und-harzteile","status":"publish","type":"product","link":"https:\/\/lescop.com\/de\/catalogo\/weitere-produkte\/isolatoren-und-harzteile\/","title":{"rendered":"ISOLATOREN und HARZTEILE. <BR><small>Innenraum.<\/small>"},"content":{"rendered":"","protected":false},"excerpt":{"rendered":"<p>In unseren Teilen kommen Fachplanung, die Anwendung von Kunstharz sowie eine genaue Qualit\u00e4tskontrolle aller Herstellungsprozesse zusammen, so dass unsere Produkte die besten elektrischen und mechanischen Eigenschaften bieten:<\/p>\n<ul>\n<li><em>Elektrisch:<\/em> Isolierung, Lichtbogenwiderstand und Teilentladungsfestigkeit.<\/li>\n<li><em>Mechanisch:<\/em> Schlag- und Biegefestigkeit.<\/li>\n<\/ul>\n<p>Unsere Produkte sind von den meisten hoch\u00e4tzenden Chemikalien unangreifbar und stellen kein Brandrisiko dar.<\/p>\n<p>Durch die Metallelemente im Kopf und Fu\u00df k\u00f6nnen die St\u00fctzer an den Leiter und die Halterung befestigt werden.<\/p>\n<p>In unserer Produktpalette finden Sie auch Sonderteile, die auf der Grundlage von Kundenentw\u00fcrfen bzw. von unserer technische Abteilung je nach Bedarf angefertig werden.<\/p>\n","protected":false},"featured_media":5985,"template":"","meta":[],"product_brand":[],"product_cat":[74],"product_tag":[],"class_list":{"0":"post-2422","1":"product","2":"type-product","3":"status-publish","4":"has-post-thumbnail","6":"product_cat-weitere-produkte","7":"description-off","9":"first","10":"instock","11":"shipping-taxable","12":"product-type-simple"},"_links":{"self":[{"href":"https:\/\/lescop.com\/de\/wp-json\/wp\/v2\/product\/2422","targetHints":{"allow":["GET"]}}],"collection":[{"href":"https:\/\/lescop.com\/de\/wp-json\/wp\/v2\/product"}],"about":[{"href":"https:\/\/lescop.com\/de\/wp-json\/wp\/v2\/types\/product"}],"wp:featuredmedia":[{"embeddable":true,"href":"https:\/\/lescop.com\/de\/wp-json\/wp\/v2\/media\/5985"}],"wp:attachment":[{"href":"https:\/\/lescop.com\/de\/wp-json\/wp\/v2\/media?parent=2422"}],"wp:term":[{"taxonomy":"product_brand","embeddable":true,"href":"https:\/\/lescop.com\/de\/wp-json\/wp\/v2\/product_brand?post=2422"},{"taxonomy":"product_cat","embeddable":true,"href":"https:\/\/lescop.com\/de\/wp-json\/wp\/v2\/product_cat?post=2422"},{"taxonomy":"product_tag","embeddable":true,"href":"https:\/\/lescop.com\/de\/wp-json\/wp\/v2\/product_tag?post=2422"}],"curies":[{"name":"wp","href":"https:\/\/api.w.org\/{rel}","templated":true}]}}