{"id":2857,"date":"2019-08-02T10:24:01","date_gmt":"2019-08-02T08:24:01","guid":{"rendered":"https:\/\/lescop.panelserver.org\/politica-de-cookies\/"},"modified":"2019-08-28T12:17:35","modified_gmt":"2019-08-28T10:17:35","slug":"cookie-richtlinie","status":"publish","type":"page","link":"https:\/\/lescop.com\/de\/cookie-richtlinie\/","title":{"rendered":"COOKIE-RICHTLINIE"},"content":{"rendered":"\r\n<p><span class=\"notranslate\"><strong>In Bezug auf Cookies beim Surfen.<\/strong><\/span>\u00a0<span class=\"notranslate\">Ein Cookie (oder Computer-Cookie) ist eine kleine Information, die von einer Website gesendet und im Browser des Benutzers gespeichert wird, sodass die Website die vorherigen Aktivit\u00e4ten des Benutzers \u00fcberpr\u00fcfen kann.<\/span><\/p>\r\n<p><span class=\"notranslate\"><strong>Die Hauptfunktionen sind:<\/strong>\u00a0Benutzer verfolgen: Wenn ein Benutzer seinen Benutzernamen und sein Kennwort eingibt, wird ein Cookie gespeichert, damit er diese nicht f\u00fcr jede Seite des Servers eingeben muss.<\/span>\u00a0<span class=\"notranslate\">Ein Cookie identifiziert jedoch nicht nur eine Person, sondern eine Kombination aus Computer &#8211; Browser &#8211; Benutzer.<\/span>\u00a0<span class=\"notranslate\">Informieren Sie sich unter anderem \u00fcber die Surfgewohnheiten des Benutzers.<\/span><\/p>\r\n<h4 class=\"wp-block-heading\">\u00a0<\/h4>\r\n<h4><span class=\"notranslate\">DIESES WEB VERWENDET EIGENE COOKIES<\/span><\/h4>\r\n<table>\r\n<tbody>\r\n<tr>\r\n<td width=\"210\"><span class=\"notranslate\"><strong>Art des\u00a0<em>Cookies<\/em><\/strong><\/span><\/td>\r\n<td width=\"200\"><span class=\"notranslate\"><strong>Zweck<\/strong><\/span><\/td>\r\n<td width=\"200\"><span class=\"notranslate\"><strong>Dauer<\/strong><\/span><\/td>\r\n<\/tr>\r\n<tr>\r\n<td><span class=\"notranslate\"><strong>wordpress_<\/strong><\/span><\/td>\r\n<td><span class=\"notranslate\">Sitzungserinnerung<\/span><\/td>\r\n<td><span class=\"notranslate\">Sitzung<\/span><\/td>\r\n<\/tr>\r\n<tr>\r\n<td><span class=\"notranslate\"><strong>wordpress_logged_in_<\/strong><\/span><\/td>\r\n<td><span class=\"notranslate\">Sitzungserinnerung<\/span><\/td>\r\n<td><span class=\"notranslate\">Sitzung<\/span><\/td>\r\n<\/tr>\r\n<tr>\r\n<td><span class=\"notranslate\"><strong>wordpress_test_<\/strong><\/span><\/td>\r\n<td><span class=\"notranslate\">Sitzungserinnerung<\/span><\/td>\r\n<td><span class=\"notranslate\">Sitzung<\/span><\/td>\r\n<\/tr>\r\n<tr>\r\n<td><span class=\"notranslate\"><strong>wordpress_test_cookie<\/strong><\/span><\/td>\r\n<td><span class=\"notranslate\">WordPress-Test-Cookies<\/span><\/td>\r\n<td><span class=\"notranslate\">Sitzung<\/span><\/td>\r\n<\/tr>\r\n<tr>\r\n<td><span class=\"notranslate\"><strong>wp-settings- [UID]<\/strong><\/span><\/td>\r\n<td><span class=\"notranslate\">Es wird verwendet, um die Benutzeroberfl\u00e4che anzupassen.<\/span><\/td>\r\n<td><span class=\"notranslate\">1 Jahr<\/span><\/td>\r\n<\/tr>\r\n<tr>\r\n<td><span class=\"notranslate\"><strong>wp-settings-time- [UID]<\/strong><\/span><\/td>\r\n<td><span class=\"notranslate\">Speichert das Erscheinungsbild der Administrationsoberfl\u00e4che und der Hauptwebsite.<\/span><\/td>\r\n<td><span class=\"notranslate\">1 Jahr<\/span><\/td>\r\n<\/tr>\r\n<\/tbody>\r\n<\/table>\r\n<h4>\u00a0<\/h4>\r\n<h4><span class=\"notranslate\">COOKIES VON DRITTANBIETERN<\/span><\/h4>\r\n<table>\r\n<tbody>\r\n<tr>\r\n<td width=\"110\"><span class=\"notranslate\"><strong>Art des\u00a0<em>Cookies<\/em><\/strong><\/span><\/td>\r\n<td width=\"100\"><span class=\"notranslate\"><strong>Gesellschaft<\/strong><\/span><\/td>\r\n<td width=\"200\"><span class=\"notranslate\"><strong>Zweck<\/strong><\/span><\/td>\r\n<td width=\"200\"><span class=\"notranslate\"><strong>Weitere Informationen<\/strong><\/span><\/td>\r\n<\/tr>\r\n<tr>\r\n<td><span class=\"notranslate\"><strong>_utma<\/strong><\/span>\u00a0<strong><br \/><\/strong><span class=\"notranslate\"><strong>_utmb<\/strong><\/span>\u00a0<strong><br \/><\/strong><span class=\"notranslate\"><strong>_utmc<\/strong><\/span>\u00a0<strong><br \/><\/strong><span class=\"notranslate\"><strong>_utmz<\/strong><\/span><\/td>\r\n<td><span class=\"notranslate\"><strong>Google<\/strong><\/span><\/td>\r\n<td><span class=\"notranslate\">Anonymes Navigieren, sodass Sie wissen, worauf zugegriffen wird und wie Sie navigieren<\/span><\/td>\r\n<td><span class=\"notranslate\">http:\/\/www.google.es\/intl\/es\/analytics\/privacyoverview.html<\/span><\/td>\r\n<\/tr>\r\n<\/tbody>\r\n<\/table>\r\n<h4>\u00a0<\/h4>\r\n<h4><span class=\"notranslate\">COOKIES VERWALTEN<\/span><\/h4>\r\n<p><span class=\"notranslate\"><strong>Sie k\u00f6nnen die auf Ihrem Computer installierten Cookies zulassen, blockieren oder l\u00f6schen,<\/strong>\u00a0indem Sie die Browseroptionen auf Ihrem Computer konfigurieren.<\/span>\u00a0<span class=\"notranslate\">Wenn Sie sich nicht sicher sind, welchen Browsertyp und welche Browserversion Sie f\u00fcr den Internetzugang verwenden: F\u00fcr Windows: Klicken Sie oben im Browserfenster auf &#8222;Hilfe&#8220; und w\u00e4hlen Sie die Option &#8222;Info&#8220;.<\/span>\u00a0<span class=\"notranslate\">F\u00fcr Mac: Klicken Sie bei ge\u00f6ffnetem Browserverkauf auf das Apple-Men\u00fc und w\u00e4hlen Sie die Option &#8222;Umschlag &#8230;&#8220;.<\/span><\/p>\r\n<h4>\u00a0<\/h4>\r\n<h4><span class=\"notranslate\">WIE MANAGE COOKIES IN WINDOWS?<\/span><\/h4>\r\n<h5><span class=\"notranslate\"><strong>Google Chrome<\/strong><\/span><\/h5>\r\n<p><span class=\"notranslate\">Klicken Sie in der Browser-Symbolleiste auf das Chrome-Men\u00fc.<\/span>\u00a0<span class=\"notranslate\">W\u00e4hlen Sie &#8220;\u00a0<strong>Einstellungen<\/strong>\u00a0&#8222;.<\/span>\u00a0<span class=\"notranslate\">Klicken Sie auf &#8220;\u00a0<strong>Erweiterte Optionen<\/strong>\u00a0<strong>anzeigen<\/strong>\u00a0&#8230;&#8220;. Klicken Sie im Bereich &#8220;\u00a0<strong>Datenschutz<\/strong>\u00a0&#8220; auf die Schaltfl\u00e4che &#8220;\u00a0<strong>Inhaltseinstellungen<\/strong>\u00a0&#8230;&#8220;.<\/span>\u00a0<span class=\"notranslate\">Im Abschnitt &#8220;\u00a0<strong>Cookies<\/strong>\u00a0&#8220; k\u00f6nnen Sie die folgenden Optionen konfigurieren: Cookies l\u00f6schen, Cookies blockieren oder standardm\u00e4\u00dfig zulassen, Ausnahmen von Cookies von bestimmten Dom\u00e4nen oder Websites einschlie\u00dfen.<\/span>\u00a0<span class=\"notranslate\">Weitere Informationen finden Sie in der Hilfe von\u00a0<strong>Google Chrome<\/strong>\u00a0.<\/span><\/p>\r\n<h5><span class=\"notranslate\"><strong>Microsoft Internet Explorer 7.0 und 8.0<\/strong><\/span><\/h5>\r\n<p><span class=\"notranslate\">Klicken Sie auf die Schaltfl\u00e4che &#8220;\u00a0<strong>Extras<\/strong>\u00a0&#8220; und dann auf &#8220;\u00a0<strong>Internetoptionen<\/strong>\u00a0&#8222;.<\/span>\u00a0<span class=\"notranslate\">Klicken Sie auf die Registerkarte &#8220;\u00a0<strong>Datenschutz<\/strong>\u00a0&#8220; und bewegen Sie den Schieberegler in eine Zwischenposition zwischen dem oberen und unteren Ende, damit nicht alle Cookies blockiert oder zugelassen werden.<\/span>\u00a0<span class=\"notranslate\">Klicken Sie auf \u00ab\u00a0<strong>Orte<\/strong>\u00a0\u00ab.<\/span>\u00a0<span class=\"notranslate\"><strong>Geben Sie im<\/strong>\u00a0Feld &#8220;\u00a0<strong>Website-Adresse<\/strong>\u00a0&#8220; die Adresse einer Website ein und klicken Sie dann auf &#8220;\u00a0<strong>Blockieren<\/strong>\u00a0&#8220; oder &#8220;\u00a0<strong>Zulassen<\/strong>\u00a0&#8222;.<\/span>\u00a0<span class=\"notranslate\">W\u00e4hrend der Eingabe wird eine Liste der Webseiten angezeigt, die Sie bereits besucht haben.<\/span>\u00a0<span class=\"notranslate\">Wenn Sie auf ein Element in der Liste klicken, wird es im Adressfeld der Website angezeigt.<\/span>\u00a0<span class=\"notranslate\">Wenn Sie fertig sind, klicken Sie auf &#8220;\u00a0<strong>OK<\/strong>\u00a0&#8222;.<\/span><span class=\"notranslate\">Bringen Sie den Schieberegler wieder in seine urspr\u00fcngliche Position und klicken Sie auf &#8220;\u00a0<strong>OK<\/strong>\u00a0&#8222;.<\/span>\u00a0<span class=\"notranslate\">Weitere Informationen finden Sie in der Windows-Hilfe.<\/span><\/p>\r\n<h5><span class=\"notranslate\"><strong>Mozilla Firefox<\/strong><\/span><\/h5>\r\n<p><span class=\"notranslate\">Klicken Sie auf die Schaltfl\u00e4che &#8220;\u00a0<strong>Extras<\/strong>\u00a0&#8220; und dann auf &#8220;\u00a0<strong>Internetoptionen<\/strong>\u00a0&#8222;.<\/span>\u00a0<span class=\"notranslate\">Klicken Sie auf die Registerkarte &#8220;\u00a0<strong>Datenschutz<\/strong>\u00a0&#8220; und bewegen Sie den Schieberegler in eine Zwischenposition zwischen dem oberen und unteren Ende, damit nicht alle Cookies blockiert oder zugelassen werden.<\/span>\u00a0<span class=\"notranslate\">Klicken Sie auf \u00ab\u00a0<strong>Orte<\/strong>\u00a0\u00ab.<\/span>\u00a0<span class=\"notranslate\">Geben Sie im Feld &#8220;\u00a0<strong>Site address we<\/strong>\u00a0b&#8220; die Adresse einer Website ein und klicken Sie dann auf &#8220;\u00a0<strong>Block<\/strong>\u00a0&#8220; oder &#8220;\u00a0<strong>Allow<\/strong>\u00a0&#8222;.<\/span>\u00a0<span class=\"notranslate\">W\u00e4hrend der Eingabe wird eine Liste der Webseiten angezeigt, die Sie bereits besucht haben.<\/span>\u00a0<span class=\"notranslate\">Wenn Sie auf ein Element in der Liste klicken, wird es im Adressfeld der Website angezeigt.<\/span>\u00a0<span class=\"notranslate\">Wenn Sie fertig sind, klicken Sie auf &#8220;\u00a0<strong>OK<\/strong>\u00a0&#8222;.<\/span>\u00a0<span class=\"notranslate\">Bringen Sie den Schieberegler wieder in seine urspr\u00fcngliche Position und klicken Sie auf &#8220;\u00a0<strong>OK<\/strong>\u00a0&#8222;.<\/span>\u00a0<span class=\"notranslate\">Weitere Informationen finden Sie in der Windows-Hilfe.<\/span><\/p>\r\n<h5><span class=\"notranslate\"><strong>Safari<\/strong><\/span><\/h5>\r\n<p><span class=\"notranslate\">Klicken Sie oben in Ihrem Browserfenster auf &#8220;\u00a0<strong>Safari<\/strong>\u00a0&#8220; und w\u00e4hlen Sie die Option &#8220;\u00a0<strong>Einstellungen<\/strong>\u00a0&#8222;.<\/span>\u00a0<span class=\"notranslate\">Klicken Sie auf \u00ab\u00a0<strong>Datenschutz<\/strong>\u00a0\u00ab.<\/span>\u00a0<span class=\"notranslate\">W\u00e4hlen Sie im Bereich &#8220;\u00a0<strong>Cookies blockieren<\/strong>\u00a0&#8220; eine der folgenden Optionen, wenn Sie interessiert sind: &#8220;\u00a0<strong>Werbung und Dritte<\/strong>\u00a0&#8222;, &#8220;\u00a0<strong>Immer<\/strong>\u00a0&#8220; oder &#8220;\u00a0<strong>Niemals<\/strong>\u00a0&#8222;.<\/span><\/p>\r\n<h5><span class=\"notranslate\"><strong>Opera<\/strong><\/span><\/h5>\r\n<p><span class=\"notranslate\">Klicken Sie oben im Browserfenster auf &#8220;\u00a0<strong>Einstellungen<\/strong>\u00a0&#8220; und w\u00e4hlen Sie &#8220;\u00a0<strong>Optionen<\/strong>\u00a0&#8222;.<\/span>\u00a0<span class=\"notranslate\">W\u00e4hlen Sie dann die Registerkarte \u00ab\u00a0<strong>Erweitert<\/strong>\u00a0\u00bb und in der Liste links \u00ab\u00a0<strong>Cookies<\/strong>\u00a0\u00bb.<\/span><span class=\"notranslate\">W\u00e4hlen Sie dann \u00ab\u00a0<strong>Cookies akzeptieren<\/strong>\u00a0\u00ab.<\/span>\u00a0<span class=\"notranslate\">Sie haben drei M\u00f6glichkeiten nach Ihren W\u00fcnschen: \u00ab\u00a0<strong>Cookies akzeptieren<\/strong>\u00a0\u00ab.<\/span><\/p>\r\n","protected":false},"excerpt":{"rendered":"<p>In Bezug auf Cookies beim Surfen.\u00a0Ein Cookie (oder Computer-Cookie) ist eine kleine Information, die von einer Website gesendet und im Browser des Benutzers gespeichert wird, sodass die Website die vorherigen Aktivit\u00e4ten des Benutzers \u00fcberpr\u00fcfen kann. Die Hauptfunktionen sind:\u00a0Benutzer verfolgen: Wenn ein Benutzer seinen Benutzernamen und sein Kennwort eingibt, wird ein Cookie gespeichert, damit er diese&hellip;<\/p>\n","protected":false},"author":4,"featured_media":0,"parent":0,"menu_order":1200,"comment_status":"closed","ping_status":"closed","template":"","meta":{"footnotes":""},"class_list":["post-2857","page","type-page","status-publish","hentry","description-off"],"_links":{"self":[{"href":"https:\/\/lescop.com\/de\/wp-json\/wp\/v2\/pages\/2857","targetHints":{"allow":["GET"]}}],"collection":[{"href":"https:\/\/lescop.com\/de\/wp-json\/wp\/v2\/pages"}],"about":[{"href":"https:\/\/lescop.com\/de\/wp-json\/wp\/v2\/types\/page"}],"author":[{"embeddable":true,"href":"https:\/\/lescop.com\/de\/wp-json\/wp\/v2\/users\/4"}],"replies":[{"embeddable":true,"href":"https:\/\/lescop.com\/de\/wp-json\/wp\/v2\/comments?post=2857"}],"version-history":[{"count":4,"href":"https:\/\/lescop.com\/de\/wp-json\/wp\/v2\/pages\/2857\/revisions"}],"predecessor-version":[{"id":3100,"href":"https:\/\/lescop.com\/de\/wp-json\/wp\/v2\/pages\/2857\/revisions\/3100"}],"wp:attachment":[{"href":"https:\/\/lescop.com\/de\/wp-json\/wp\/v2\/media?parent=2857"}],"curies":[{"name":"wp","href":"https:\/\/api.w.org\/{rel}","templated":true}]}}