{"id":2813,"date":"2017-10-27T13:02:22","date_gmt":"2017-10-27T12:02:22","guid":{"rendered":"https:\/\/lescop.panelserver.org\/home\/"},"modified":"2020-03-24T06:59:23","modified_gmt":"2020-03-24T05:59:23","slug":"inicio","status":"publish","type":"page","link":"https:\/\/lescop.com\/de\/","title":{"rendered":"Home"},"content":{"rendered":"<div class=\"wpb-content-wrapper\"><p>[vc_row equal_height=&#8220;yes&#8220; css=&#8220;.vc_custom_1512322712693{padding-top: 80px !important;padding-bottom: 50px !important;}&#8220;][vc_column offset=&#8220;vc_col-lg-offset-2 vc_col-lg-8 vc_col-md-offset-1 vc_col-md-10 vc_col-sm-offset-0&#8243;]<div id=\"ultimate-heading-97969dd71d59506d\" class=\"uvc-heading ult-adjust-bottom-margin ultimate-heading-97969dd71d59506d uvc-8937 \" data-hspacer=\"line_with_icon\" data-hline_width=\"150\" data-hicon_type=\"selector\" data-hborder_style=\"solid\" data-hborder_height=\"3\" data-hborder_color=\"#0071b1\" data-icon_width=\"18\" data-hfixer=\"10\"  data-halign=\"center\" style=\"text-align:center\"><div class=\"uvc-main-heading ult-responsive\"  data-ultimate-target='.uvc-heading.ultimate-heading-97969dd71d59506d h2'  data-responsive-json-new='{\"font-size\":\"desktop:40px;mobile_landscape:30px;\",\"line-height\":\"desktop:50px;mobile_landscape:40px;\"}' ><h2 style=\"font-weight:bold;\">UNSERE PRODUKTE<\/h2><\/div><div class=\"uvc-heading-spacer line_with_icon\" style=\"margin-bottom:30px;height:18px;\"><div class=\"ult-just-icon-wrapper  \"><div class=\"align-icon\" style=\"text-align:center;\">\n<div class=\"aio-icon none \"  style=\"color:#0071b1;font-size:18px;display:inline-block;\">\n\t<i class=\"icomoon-font-awesome-14x14-chevron-down\"><\/i>\n<\/div><\/div><\/div><\/div><\/div>[\/vc_column][vc_column css=&#8220;.vc_custom_1512326537201{padding-bottom: 50px !important;}&#8220;][vc_empty_space height=&#8220;20px&#8220;][vc_row_inner][vc_column_inner width=&#8220;1\/3&#8243;]<style type=\"text\/css\" data-type=\"the7_shortcodes-inline-css\">.shortcode-single-image-wrap.shortcode-single-image-8c442cf72bcc0c1b11c029508656210a.enable-bg-rollover .rollover i,\n.shortcode-single-image-wrap.shortcode-single-image-8c442cf72bcc0c1b11c029508656210a.enable-bg-rollover .rollover-video i {\n  background: -webkit-linear-gradient();\n  background: linear-gradient();\n}\n.shortcode-single-image-wrap.shortcode-single-image-8c442cf72bcc0c1b11c029508656210a .rollover-icon {\n  font-size: 32px;\n  color: #ffffff;\n  min-width: 44px;\n  min-height: 44px;\n  line-height: 44px;\n  border-radius: 100px;\n  border-style: solid;\n  border-width: 0px;\n}\n.dt-icon-bg-on.shortcode-single-image-wrap.shortcode-single-image-8c442cf72bcc0c1b11c029508656210a .rollover-icon {\n  background: rgba(255,255,255,0.3);\n  box-shadow: none;\n}\n<\/style><div class=\"shortcode-single-image-wrap shortcode-single-image-8c442cf72bcc0c1b11c029508656210a alignnone fadeInUp animate-element  enable-bg-rollover dt-icon-bg-off\" style=\"margin-top:0px; margin-bottom:0px; margin-left:0px; margin-right:0px; width:500px;\"><div class=\"shortcode-single-image\"><div class=\"fancy-media-wrap\" style=\"\"><a href=\"\/de\/productos\/schaltgerate\/\" class=\" layzr-bg rollover\" style=\"\" aria-label=\"Image\"><img fetchpriority=\"high\" decoding=\"async\" class=\"preload-me lazy-load aspect\" src=\"data:image\/svg+xml,%3Csvg%20xmlns%3D&#39;http%3A%2F%2Fwww.w3.org%2F2000%2Fsvg&#39;%20viewBox%3D&#39;0%200%20500%20500&#39;%2F%3E\" data-src=\"https:\/\/lescop.com\/wp-content\/uploads\/2020\/01\/Menu-Aparellaje-500x500.jpg\" data-srcset=\"https:\/\/lescop.com\/wp-content\/uploads\/2020\/01\/Menu-Aparellaje-500x500.jpg 500w, https:\/\/lescop.com\/wp-content\/uploads\/2020\/01\/Menu-Aparellaje-1000x1000.jpg 1000w\" loading=\"eager\" style=\"--ratio: 500 \/ 500\" sizes=\"(max-width: 500px) 100vw, 500px\" width=\"500\" height=\"500\"  data-dt-location=\"https:\/\/lescop.com\/de\/menu-aparellaje-2\/\" alt=\"\" \/><\/a><\/div><\/div><\/div>[vc_empty_space height=&#8220;20px&#8220;][vc_column_text]<\/p>\n<h3 style=\"text-align: center;\">SCHALTGER\u00c4TE<\/h3>\n<p>[\/vc_column_text][\/vc_column_inner][vc_column_inner width=&#8220;1\/3&#8243;]<style type=\"text\/css\" data-type=\"the7_shortcodes-inline-css\">.shortcode-single-image-wrap.shortcode-single-image-fbc7b8c4afdd406f5ce446192adcfaf1.enable-bg-rollover .rollover i,\n.shortcode-single-image-wrap.shortcode-single-image-fbc7b8c4afdd406f5ce446192adcfaf1.enable-bg-rollover .rollover-video i {\n  background: -webkit-linear-gradient();\n  background: linear-gradient();\n}\n.shortcode-single-image-wrap.shortcode-single-image-fbc7b8c4afdd406f5ce446192adcfaf1 .rollover-icon {\n  font-size: 32px;\n  color: #ffffff;\n  min-width: 44px;\n  min-height: 44px;\n  line-height: 44px;\n  border-radius: 100px;\n  border-style: solid;\n  border-width: 0px;\n}\n.dt-icon-bg-on.shortcode-single-image-wrap.shortcode-single-image-fbc7b8c4afdd406f5ce446192adcfaf1 .rollover-icon {\n  background: rgba(255,255,255,0.3);\n  box-shadow: none;\n}\n<\/style><div class=\"shortcode-single-image-wrap shortcode-single-image-fbc7b8c4afdd406f5ce446192adcfaf1 alignnone fadeInUp animate-element  enable-bg-rollover dt-icon-bg-off\" style=\"margin-top:0px; margin-bottom:0px; margin-left:0px; margin-right:0px; width:500px;\"><div class=\"shortcode-single-image\"><div class=\"fancy-media-wrap\" style=\"\"><a href=\"\/de\/productos\/messwandler\/\" class=\" layzr-bg rollover\" style=\"\" aria-label=\"Image\"><img decoding=\"async\" class=\"preload-me lazy-load aspect\" src=\"data:image\/svg+xml,%3Csvg%20xmlns%3D&#39;http%3A%2F%2Fwww.w3.org%2F2000%2Fsvg&#39;%20viewBox%3D&#39;0%200%20500%20500&#39;%2F%3E\" data-src=\"https:\/\/lescop.com\/wp-content\/uploads\/2020\/01\/Menu-Trafos-2020-500x500.jpg\" data-srcset=\"https:\/\/lescop.com\/wp-content\/uploads\/2020\/01\/Menu-Trafos-2020-500x500.jpg 500w, https:\/\/lescop.com\/wp-content\/uploads\/2020\/01\/Menu-Trafos-2020-1000x1000.jpg 1000w\" loading=\"eager\" style=\"--ratio: 500 \/ 500\" sizes=\"(max-width: 500px) 100vw, 500px\" width=\"500\" height=\"500\"  data-dt-location=\"https:\/\/lescop.com\/de\/inicio\/menu-trafos-2020-2\/\" alt=\"\" \/><\/a><\/div><\/div><\/div>[vc_empty_space height=&#8220;20px&#8220;][vc_column_text]<\/p>\n<h3 style=\"text-align: center;\">MESSWANDLER<\/h3>\n<p>[\/vc_column_text][\/vc_column_inner][vc_column_inner width=&#8220;1\/3&#8243;]<style type=\"text\/css\" data-type=\"the7_shortcodes-inline-css\">.shortcode-single-image-wrap.shortcode-single-image-4d47f38269b41e39ed46150b5ef71c0e.enable-bg-rollover .rollover i,\n.shortcode-single-image-wrap.shortcode-single-image-4d47f38269b41e39ed46150b5ef71c0e.enable-bg-rollover .rollover-video i {\n  background: -webkit-linear-gradient();\n  background: linear-gradient();\n}\n.shortcode-single-image-wrap.shortcode-single-image-4d47f38269b41e39ed46150b5ef71c0e .rollover-icon {\n  font-size: 32px;\n  color: #ffffff;\n  min-width: 44px;\n  min-height: 44px;\n  line-height: 44px;\n  border-radius: 100px;\n  border-style: solid;\n  border-width: 0px;\n}\n.dt-icon-bg-on.shortcode-single-image-wrap.shortcode-single-image-4d47f38269b41e39ed46150b5ef71c0e .rollover-icon {\n  background: rgba(255,255,255,0.3);\n  box-shadow: none;\n}\n<\/style><div class=\"shortcode-single-image-wrap shortcode-single-image-4d47f38269b41e39ed46150b5ef71c0e alignnone fadeInUp animate-element  enable-bg-rollover dt-icon-bg-off\" style=\"margin-top:0px; margin-bottom:0px; margin-left:0px; margin-right:0px; width:500px;\"><div class=\"shortcode-single-image\"><div class=\"fancy-media-wrap\" style=\"\"><a href=\"\/de\/productos\/weitere-produkte\/\" class=\" layzr-bg rollover\" style=\"\" aria-label=\"Image\"><img decoding=\"async\" class=\"preload-me lazy-load aspect\" src=\"data:image\/svg+xml,%3Csvg%20xmlns%3D&#39;http%3A%2F%2Fwww.w3.org%2F2000%2Fsvg&#39;%20viewBox%3D&#39;0%200%20500%20500&#39;%2F%3E\" data-src=\"https:\/\/lescop.com\/wp-content\/uploads\/2019\/12\/Pasamuros-500x500.jpg\" data-srcset=\"https:\/\/lescop.com\/wp-content\/uploads\/2019\/12\/Pasamuros-500x500.jpg 500w, https:\/\/lescop.com\/wp-content\/uploads\/2019\/12\/Pasamuros-1000x1000.jpg 1000w\" loading=\"eager\" style=\"--ratio: 500 \/ 500\" sizes=\"(max-width: 500px) 100vw, 500px\" width=\"500\" height=\"500\"  data-dt-location=\"https:\/\/lescop.com\/de\/pasamuros\/\" alt=\"\" \/><\/a><\/div><\/div><\/div>[vc_empty_space height=&#8220;20px&#8220;][vc_column_text]<\/p>\n<h3 style=\"text-align: center;\">WEITER PRODUKTE<\/h3>\n<p>[\/vc_column_text][\/vc_column_inner][\/vc_row_inner][\/vc_column][\/vc_row][vc_row full_width=&#8220;stretch_row_content_no_spaces&#8220; equal_height=&#8220;yes&#8220; bg_type=&#8220;grad&#8220; bg_override=&#8220;ex-full&#8220; bg_grad=&#8220;background: -webkit-gradient(linear, left top, left bottom, color-stop(0%, #0C5D9A), color-stop(48%, #1B67A2), color-stop(100%, #3DB4EF));background: -moz-linear-gradient(left,#0C5D9A 0%,#1B67A2 48%,#3DB4EF 100%);background: -webkit-linear-gradient(left,#0C5D9A 0%,#1B67A2 48%,#3DB4EF 100%);background: -o-linear-gradient(left,#0C5D9A 0%,#1B67A2 48%,#3DB4EF 100%);background: -ms-linear-gradient(left,#0C5D9A 0%,#1B67A2 48%,#3DB4EF 100%);background: linear-gradient(left,#0C5D9A 0%,#1B67A2 48%,#3DB4EF 100%);&#8220;][vc_column width=&#8220;1\/2&#8243; css=&#8220;.vc_custom_1564762250914{padding-top: 150px !important;padding-bottom: 150px !important;background-image: url(https:\/\/lescop.com\/wp-content\/uploads\/2019\/08\/slider-04-subestacion-electrica.jpg?id=2070) !important;background-position: center !important;background-repeat: no-repeat !important;background-size: cover !important;}&#8220;][\/vc_column][vc_column width=&#8220;1\/2&#8243; offset=&#8220;vc_col-lg-offset-0 vc_col-lg-6 vc_col-md-offset-0 vc_col-md-6 vc_col-sm-offset-0&#8243; css=&#8220;.vc_custom_1512555271891{padding-top: 85px !important;padding-bottom: 90px !important;}&#8220;][vc_row_inner][vc_column_inner offset=&#8220;vc_col-lg-offset-2 vc_col-lg-8 vc_col-md-offset-1 vc_col-md-10 vc_col-sm-offset-0&#8243;]<div id=\"ultimate-heading-895569dd71d597b71\" class=\"uvc-heading ult-adjust-bottom-margin ultimate-heading-895569dd71d597b71 uvc-9544 \" data-hspacer=\"line_with_icon\" data-hline_width=\"150\" data-hicon_type=\"selector\" data-hborder_style=\"solid\" data-hborder_height=\"3\" data-hborder_color=\"rgba(255,255,255,0.5)\" data-icon_width=\"18\" data-hfixer=\"10\"  data-halign=\"center\" style=\"text-align:center\"><div class=\"uvc-main-heading ult-responsive\"  data-ultimate-target='.uvc-heading.ultimate-heading-895569dd71d597b71 h2'  data-responsive-json-new='{\"font-size\":\"desktop:24px;\",\"line-height\":\"desktop:34px;\"}' ><h2 style=\"font-weight:bold;color:rgba(255,255,255,0.5);\">Informationen anfordern<\/h2><\/div><div class=\"uvc-heading-spacer line_with_icon\" style=\"margin-bottom:30px;height:18px;\"><div class=\"ult-just-icon-wrapper  \"><div class=\"align-icon\" style=\"text-align:center;\">\n<div class=\"aio-icon none \"  style=\"color:rgba(255,255,255,0.5);font-size:18px;display:inline-block;\">\n\t<i class=\"icomoon-font-awesome-14x14-chevron-down\"><\/i>\n<\/div><\/div><\/div><\/div><div class=\"uvc-sub-heading ult-responsive\"  data-ultimate-target='.uvc-heading.ultimate-heading-895569dd71d597b71 .uvc-sub-heading '  data-responsive-json-new='{\"font-size\":\"desktop:42px;tablet:32px;mobile_landscape:24px;\",\"line-height\":\"desktop:52px;tablet:42px;mobile_landscape:34px;\"}'  style=\"font-weight:bold;color:#ffffff;margin-bottom:40px;\"><span class=\"tlid-translation translation\" lang=\"de\"><span class=\"\" title=\"\">Personalisierte Gesch\u00e4ftsaufmerksamkeit und Budgets<\/span><\/span><\/div><\/div><div class=\" vc_custom_1583826952816 ubtn-ctn-center \"><a class=\"ubtn-link ult-adjust-bottom-margin ubtn-center ubtn-custom \" href=\"https:\/\/lescop.com\/de\/contacto\/\" title=\"Contacto\" ><button type=\"button\" id=\"ubtn-2449\"  class=\"ubtn ult-adjust-bottom-margin ult-responsive ubtn-custom ubtn-no-hover-bg  none  ubtn-center   tooltip-69dd71d597ba6\"  data-hover=\"#3db3ef\" data-border-color=\"rgba(255,255,255,0.5)\" data-bg=\"\" data-hover-bg=\"#ffffff\" data-border-hover=\"#ffffff\" data-shadow-hover=\"\" data-shadow-click=\"none\" data-shadow=\"\" data-shd-shadow=\"\"  data-ultimate-target='#ubtn-2449'  data-responsive-json-new='{\"font-size\":\"desktop:24px;tablet:20px;mobile_landscape:18px;\",\"line-height\":\"desktop:24px;tablet:20px;mobile_landscape:18px;\"}'  style=\"font-weight:bold;width:500px;min-height:70px;padding:10px 30px;border-radius:0px;border-width:3px;border-color:rgba(255,255,255,0.5);border-style:solid;color: #ffffff;\"><span class=\"ubtn-hover\" style=\"background-color:#ffffff\"><\/span><span class=\"ubtn-data ubtn-text \" >KONTAKT<\/span><\/button><\/a><\/div>[\/vc_column_inner][\/vc_row_inner][\/vc_column][\/vc_row][vc_row css=&#8220;.vc_custom_1509351079558{padding-top: 80px !important;padding-bottom: 100px !important;}&#8220; el_id=&#8220;about&#8220;][vc_column][vc_row_inner content_placement=&#8220;middle&#8220;][vc_column_inner css=&#8220;.vc_custom_1509566445127{padding-bottom: 50px !important;}&#8220; offset=&#8220;vc_col-lg-6 vc_col-md-6&#8243;]<div id=\"ultimate-heading-539869dd71d597c28\" class=\"uvc-heading ult-adjust-bottom-margin ultimate-heading-539869dd71d597c28 uvc-615 \" data-hspacer=\"line_with_icon\" data-hline_width=\"150\" data-hicon_type=\"selector\" data-hborder_style=\"solid\" data-hborder_height=\"3\" data-hborder_color=\"#0071b1\" data-icon_width=\"18\" data-hfixer=\"10\"  data-halign=\"center\" style=\"text-align:center\"><div class=\"uvc-main-heading ult-responsive\"  data-ultimate-target='.uvc-heading.ultimate-heading-539869dd71d597c28 h2'  data-responsive-json-new='{\"font-size\":\"desktop:40px;mobile_landscape:30px;\",\"line-height\":\"desktop:50px;mobile_landscape:40px;\"}' ><h2 style=\"font-weight:bold;\">Laboratorio Electrot\u00e9cnico<\/h2><\/div><div class=\"uvc-heading-spacer line_with_icon\" style=\"margin-bottom:30px;height:18px;\"><div class=\"ult-just-icon-wrapper  \"><div class=\"align-icon\" style=\"text-align:center;\">\n<div class=\"aio-icon none \"  style=\"color:#0071b1;font-size:18px;display:inline-block;\">\n\t<i class=\"icomoon-font-awesome-14x14-chevron-down\"><\/i>\n<\/div><\/div><\/div><\/div><\/div>[vc_column_text]<span class=\"tlid-translation translation\" lang=\"de\"><span class=\"\" title=\"\">Wir fertigen <strong>Mess- und Schutztransformatoren sowie Mittelspannungsschalter \/ -trennschalter.<\/strong><\/span><\/span><\/p>\n<p><span class=\"tlid-translation translation\" lang=\"de\"><span class=\"\" title=\"\">Alle unsere Produkte f\u00fcr den Elektrizit\u00e4tssektor werden unter h\u00f6chsten Qualit\u00e4tsstandards und unter gr\u00f6\u00dftm\u00f6glicher Ber\u00fccksichtigung der Umwelt hergestellt.<\/span><\/span><\/p>\n<ul>\n<li style=\"list-style-type: none;\">\n<ul>\n<li style=\"list-style-type: none;\">\n<ul>\n<li><strong><a href=\"https:\/\/lescop.com\/wp-content\/uploads\/2020\/02\/1704-cert-Q-ing.pdf\" target=\"_blank\" rel=\"noopener noreferrer\">UNE-EN ISO 14001:2015<\/a><\/strong><\/li>\n<li><strong><a href=\"https:\/\/lescop.com\/wp-content\/uploads\/2020\/02\/1704-cert-MA-ing.pdf\" target=\"_blank\" rel=\"noopener noreferrer\">UNE-EN ISO 9001:2015<\/a><\/strong><\/li>\n<li><strong><a href=\"https:\/\/lescop.com\/wp-content\/uploads\/2020\/02\/RePro-2019_en.pdf\" target=\"_blank\" rel=\"noopener noreferrer\">Repro 2019<\/a><\/strong><\/li>\n<\/ul>\n<\/li>\n<\/ul>\n<\/li>\n<\/ul>\n<p>[\/vc_column_text]<style type=\"text\/css\" data-type=\"the7_shortcodes-inline-css\">#default-btn-b62496be55e5a988574c26d42b5d1ab9.ico-right-side > i {\n  margin-right: 0px;\n  margin-left: 8px;\n}\n#default-btn-b62496be55e5a988574c26d42b5d1ab9 > i {\n  margin-right: 8px;\n}\n<\/style><div class=\"btn-align-center\"><a href=\"\/de\/das-unternehmen\/\" class=\"default-btn-shortcode dt-btn dt-btn-m link-hover-off  vc_custom_1583827275388\" id=\"default-btn-b62496be55e5a988574c26d42b5d1ab9\" style=\"width:180px;\"><span>Das Unternehmen<\/span><\/a><\/div>[\/vc_column_inner][vc_column_inner css=&#8220;.vc_custom_1509566455479{padding-bottom: 50px !important;}&#8220; offset=&#8220;vc_col-lg-6 vc_col-md-6&#8243;]<style type=\"text\/css\" data-type=\"the7_shortcodes-inline-css\">.shortcode-single-image-wrap.shortcode-single-image-b9a40b7b3407434c65454fe4be8f5a71.enable-bg-rollover .rollover i,\n.shortcode-single-image-wrap.shortcode-single-image-b9a40b7b3407434c65454fe4be8f5a71.enable-bg-rollover .rollover-video i {\n  background: -webkit-linear-gradient();\n  background: linear-gradient();\n}\n.shortcode-single-image-wrap.shortcode-single-image-b9a40b7b3407434c65454fe4be8f5a71 .rollover-icon {\n  font-size: 32px;\n  color: #ffffff;\n  min-width: 44px;\n  min-height: 44px;\n  line-height: 44px;\n  border-radius: 100px;\n  border-style: solid;\n  border-width: 0px;\n}\n.dt-icon-bg-on.shortcode-single-image-wrap.shortcode-single-image-b9a40b7b3407434c65454fe4be8f5a71 .rollover-icon {\n  background: rgba(255,255,255,0.3);\n  box-shadow: none;\n}\n<\/style><div class=\"shortcode-single-image-wrap shortcode-single-image-b9a40b7b3407434c65454fe4be8f5a71 alignnone  vc_custom_1564762224557 enable-bg-rollover dt-icon-bg-off\" ><div class=\"shortcode-single-image\"><div class=\"fancy-media-wrap  layzr-bg\" style=\"\"><img decoding=\"async\" class=\"preload-me lazy-load aspect\" src=\"data:image\/svg+xml,%3Csvg%20xmlns%3D&#39;http%3A%2F%2Fwww.w3.org%2F2000%2Fsvg&#39;%20viewBox%3D&#39;0%200%201000%20600&#39;%2F%3E\" data-src=\"https:\/\/lescop.com\/wp-content\/uploads\/2019\/08\/slider-01-subestacion-electrica-1000x600.jpg\" data-srcset=\"https:\/\/lescop.com\/wp-content\/uploads\/2019\/08\/slider-01-subestacion-electrica-1000x600.jpg 1000w, https:\/\/lescop.com\/wp-content\/uploads\/2019\/08\/slider-01-subestacion-electrica-1919x1152.jpg 1919w\" loading=\"eager\" sizes=\"(max-width: 1000px) 100vw, 1000px\" width=\"1000\" height=\"600\"  data-dt-location=\"https:\/\/lescop.com\/de\/power-substation\/\" style=\"--ratio: 1000 \/ 600;\" alt=\"\" \/><\/div><\/div><\/div>[\/vc_column_inner][\/vc_row_inner][\/vc_column][\/vc_row][vc_row full_width=&#8220;stretch_row&#8220; bg_type=&#8220;bg_color&#8220; css=&#8220;.vc_custom_1564762901601{padding-top: 80px !important;padding-bottom: 80px !important;}&#8220; bg_color_value=&#8220;#f7f7f7&#8243;][vc_column offset=&#8220;vc_col-lg-offset-2 vc_col-lg-8 vc_col-md-offset-1 vc_col-md-10 vc_col-sm-offset-0&#8243;]<div id=\"ultimate-heading-849569dd71d598d3f\" class=\"uvc-heading ult-adjust-bottom-margin ultimate-heading-849569dd71d598d3f uvc-4890 \" data-hspacer=\"line_with_icon\" data-hline_width=\"150\" data-hicon_type=\"selector\" data-hborder_style=\"solid\" data-hborder_height=\"3\" data-hborder_color=\"#0071b1\" data-icon_width=\"18\" data-hfixer=\"10\"  data-halign=\"center\" style=\"text-align:center\"><div class=\"uvc-main-heading ult-responsive\"  data-ultimate-target='.uvc-heading.ultimate-heading-849569dd71d598d3f h2'  data-responsive-json-new='{\"font-size\":\"desktop:40px;mobile_landscape:30px;\",\"line-height\":\"desktop:50px;mobile_landscape:40px;\"}' ><h2 style=\"font-weight:bold;\">Nachrichten<\/h2><\/div><div class=\"uvc-heading-spacer line_with_icon\" style=\"margin-bottom:40px;height:18px;\"><div class=\"ult-just-icon-wrapper  \"><div class=\"align-icon\" style=\"text-align:center;\">\n<div class=\"aio-icon none \"  style=\"color:#0071b1;font-size:18px;display:inline-block;\">\n\t<i class=\"icomoon-font-awesome-14x14-chevron-down\"><\/i>\n<\/div><\/div><\/div><\/div><\/div>[\/vc_column][vc_column offset=&#8220;vc_col-lg-offset-0 vc_col-lg-12 vc_col-md-offset-0 vc_col-md-12 vc_col-sm-offset-0&#8243;]<div class=\"dt-shortcode with-isotope\"><div class=\"wf-container dt-blog-shortcode loading-effect-move-up iso-grid description-under-image content-align-left\" data-padding=\"22px\" data-cur-page=\"1\" data-posts-per-page=\"-1\" data-width=\"370px\" data-columns=\"2\">\n<div class=\"wf-cell\" data-post-id=\"9599\" data-date=\"2026-02-10T11:14:53+01:00\" data-name=\"HANNOVER MESSE 2026\">\n\t<article class=\"post post-9599 type-post status-publish format-standard has-post-thumbnail hentry category-unkategorisiert category-13 description-off\">\n\n\t\t\n\t\t\t<div class=\"blog-media wf-td\">\n\n\t\t\t\t<p><a href=\"https:\/\/lescop.com\/de\/hannover-messe-2026\/\" class=\"alignnone rollover layzr-bg\" ><img decoding=\"async\" class=\"preload-me iso-lazy-load aspect\" src=\"data:image\/svg+xml,%3Csvg%20xmlns%3D&#39;http%3A%2F%2Fwww.w3.org%2F2000%2Fsvg&#39;%20viewBox%3D&#39;0%200%20555%20312&#39;%2F%3E\" data-src=\"https:\/\/lescop.com\/wp-content\/uploads\/2026\/01\/2026-1-555x312.jpg\" data-srcset=\"https:\/\/lescop.com\/wp-content\/uploads\/2026\/01\/2026-1-555x312.jpg 555w, https:\/\/lescop.com\/wp-content\/uploads\/2026\/01\/2026-1-891x501.jpg 891w\" loading=\"eager\" style=\"--ratio: 555 \/ 312\" sizes=\"(max-width: 555px) 100vw, 555px\" alt=\"\" title=\"2026 (1)\" width=\"555\" height=\"312\"  \/><\/a><\/p>\n\t\t\t<\/div>\n\n\t\t\n\t\t<div class=\"blog-content wf-td\">\n\t\t\t<h3 class=\"entry-title\"><a href=\"https:\/\/lescop.com\/de\/hannover-messe-2026\/\" title=\"HANNOVER MESSE 2026\" rel=\"bookmark\">HANNOVER MESSE 2026<\/a><\/h3>\n\n\t\t\t<div class=\"entry-meta\"><span class=\"category-link\"><a href=\"https:\/\/lescop.com\/de\/category\/unkategorisiert\/\" >Unkategorisiert<\/a><\/span><a href=\"https:\/\/lescop.com\/de\/2026\/02\/10\/\" title=\"11:14\" class=\"data-link\" rel=\"bookmark\"><time class=\"entry-date updated\" datetime=\"2026-02-10T11:14:53+01:00\">10\/02\/2026<\/time><\/a><\/div><p>Vom 20. bis 24. April 2026 wird das Messegel\u00e4nde Hannover zum globalen Hotspot f\u00fcr die Hannover Messe 2026. Als weltweit wichtigste Industriemesse vereint sie Maschinenbau, Elektrotechnik und Digitalisierung unter einem Dach. Unter dem diesj\u00e4hrigen Leitthema \u201eIndustrial Transformation\u201c liegt der Fokus darauf, wie Automatisierung, Digitalisierung und Elektrifizierung die Nachhaltigkeit in der Industrie neu definieren. F\u00fcr Unternehmen&hellip;<\/p>\n\n<a href=\"https:\/\/lescop.com\/de\/hannover-messe-2026\/\" class=\"details more-link\" aria-label=\"Read more about HANNOVER MESSE 2026\">Details<\/a>\n\n\t\t<\/div>\n\n\t<\/article>\n\n<\/div>\n<div class=\"wf-cell\" data-post-id=\"9597\" data-date=\"2026-02-10T11:09:54+01:00\" data-name=\"MATELEC 2026\">\n\t<article class=\"post post-9597 type-post status-publish format-standard has-post-thumbnail hentry category-unkategorisiert category-13 description-off\">\n\n\t\t\n\t\t\t<div class=\"blog-media wf-td\">\n\n\t\t\t\t<p><a href=\"https:\/\/lescop.com\/de\/matelec-2026\/\" class=\"alignnone rollover layzr-bg\" ><img decoding=\"async\" class=\"preload-me iso-lazy-load aspect\" src=\"data:image\/svg+xml,%3Csvg%20xmlns%3D&#39;http%3A%2F%2Fwww.w3.org%2F2000%2Fsvg&#39;%20viewBox%3D&#39;0%200%20555%20312&#39;%2F%3E\" data-src=\"https:\/\/lescop.com\/wp-content\/uploads\/2026\/02\/MATELEC-2026-MADRID-scaled-555x312.png\" data-srcset=\"https:\/\/lescop.com\/wp-content\/uploads\/2026\/02\/MATELEC-2026-MADRID-scaled-555x312.png 555w, https:\/\/lescop.com\/wp-content\/uploads\/2026\/02\/MATELEC-2026-MADRID-scaled-1110x624.png 1110w\" loading=\"eager\" style=\"--ratio: 555 \/ 312\" sizes=\"(max-width: 555px) 100vw, 555px\" alt=\"\" title=\"MATELEC 2026 MADRID\" width=\"555\" height=\"312\"  \/><\/a><\/p>\n\t\t\t<\/div>\n\n\t\t\n\t\t<div class=\"blog-content wf-td\">\n\t\t\t<h3 class=\"entry-title\"><a href=\"https:\/\/lescop.com\/de\/matelec-2026\/\" title=\"MATELEC 2026\" rel=\"bookmark\">MATELEC 2026<\/a><\/h3>\n\n\t\t\t<div class=\"entry-meta\"><span class=\"category-link\"><a href=\"https:\/\/lescop.com\/de\/category\/unkategorisiert\/\" >Unkategorisiert<\/a><\/span><a href=\"https:\/\/lescop.com\/de\/2026\/02\/10\/\" title=\"11:09\" class=\"data-link\" rel=\"bookmark\"><time class=\"entry-date updated\" datetime=\"2026-02-10T11:09:54+01:00\">10\/02\/2026<\/time><\/a><\/div><p>Vom 24. bis 26. November 2026 findet auf der IFEMA Madrid die neue Ausgabe der MATELEC statt, der internationalen Fachmesse f\u00fcr L\u00f6sungen in der Elektro- und Elektronikindustrie. In diesem Jahr gewinnt die Veranstaltung durch die Einbettung in die Internationale Woche der Elektrifizierung zus\u00e4tzlich an Bedeutung. Der Schwerpunkt liegt auf Nachhaltigkeit und Energieeffizienz. Die MATELEC bringt&hellip;<\/p>\n\n<a href=\"https:\/\/lescop.com\/de\/matelec-2026\/\" class=\"details more-link\" aria-label=\"Read more about MATELEC 2026\">Details<\/a>\n\n\t\t<\/div>\n\n\t<\/article>\n\n<\/div><\/div><\/div>[\/vc_column][\/vc_row]<\/p>\n<\/div>","protected":false},"excerpt":{"rendered":"<p>[vc_row equal_height=&#8220;yes&#8220; css=&#8220;.vc_custom_1512322712693{padding-top: 80px !important;padding-bottom: 50px !important;}&#8220;][vc_column offset=&#8220;vc_col-lg-offset-2 vc_col-lg-8 vc_col-md-offset-1 vc_col-md-10 vc_col-sm-offset-0&#8243;][\/vc_column][vc_column css=&#8220;.vc_custom_1512326537201{padding-bottom: 50px !important;}&#8220;][vc_empty_space height=&#8220;20px&#8220;][vc_row_inner][vc_column_inner width=&#8220;1\/3&#8243;][vc_empty_space height=&#8220;20px&#8220;][vc_column_text] SCHALTGER\u00c4TE [\/vc_column_text][\/vc_column_inner][vc_column_inner width=&#8220;1\/3&#8243;][vc_empty_space height=&#8220;20px&#8220;][vc_column_text] MESSWANDLER [\/vc_column_text][\/vc_column_inner][vc_column_inner width=&#8220;1\/3&#8243;][vc_empty_space height=&#8220;20px&#8220;][vc_column_text] WEITER PRODUKTE [\/vc_column_text][\/vc_column_inner][\/vc_row_inner][\/vc_column][\/vc_row][vc_row full_width=&#8220;stretch_row_content_no_spaces&#8220; equal_height=&#8220;yes&#8220; bg_type=&#8220;grad&#8220; bg_override=&#8220;ex-full&#8220; bg_grad=&#8220;background: -webkit-gradient(linear, left top, left bottom, color-stop(0%, #0C5D9A), color-stop(48%, #1B67A2), color-stop(100%, #3DB4EF));background: -moz-linear-gradient(left,#0C5D9A 0%,#1B67A2 48%,#3DB4EF 100%);background: -webkit-linear-gradient(left,#0C5D9A 0%,#1B67A2 48%,#3DB4EF 100%);background: -o-linear-gradient(left,#0C5D9A 0%,#1B67A2&hellip;<\/p>\n","protected":false},"author":4,"featured_media":0,"parent":0,"menu_order":0,"comment_status":"closed","ping_status":"closed","template":"","meta":{"footnotes":""},"class_list":["post-2813","page","type-page","status-publish","hentry","description-off"],"_links":{"self":[{"href":"https:\/\/lescop.com\/de\/wp-json\/wp\/v2\/pages\/2813","targetHints":{"allow":["GET"]}}],"collection":[{"href":"https:\/\/lescop.com\/de\/wp-json\/wp\/v2\/pages"}],"about":[{"href":"https:\/\/lescop.com\/de\/wp-json\/wp\/v2\/types\/page"}],"author":[{"embeddable":true,"href":"https:\/\/lescop.com\/de\/wp-json\/wp\/v2\/users\/4"}],"replies":[{"embeddable":true,"href":"https:\/\/lescop.com\/de\/wp-json\/wp\/v2\/comments?post=2813"}],"version-history":[{"count":12,"href":"https:\/\/lescop.com\/de\/wp-json\/wp\/v2\/pages\/2813\/revisions"}],"predecessor-version":[{"id":8452,"href":"https:\/\/lescop.com\/de\/wp-json\/wp\/v2\/pages\/2813\/revisions\/8452"}],"wp:attachment":[{"href":"https:\/\/lescop.com\/de\/wp-json\/wp\/v2\/media?parent=2813"}],"curies":[{"name":"wp","href":"https:\/\/api.w.org\/{rel}","templated":true}]}}